{"id":277,"date":"2021-09-17T20:18:58","date_gmt":"2021-09-17T20:18:58","guid":{"rendered":"http:\/\/www.mundotiterefest.com.ar\/2023\/?page_id=277"},"modified":"2023-09-04T04:34:14","modified_gmt":"2023-09-04T04:34:14","slug":"organizadores","status":"publish","type":"page","link":"http:\/\/www.mundotiterefest.com.ar\/2023\/organizadores\/","title":{"rendered":"Organizadores"},"content":{"rendered":"<section style=\"padding-top: 75px;padding-bottom: 75px;border-width: 0px 0px 0px 0px\" id=\"section_3c672cd0e55c64f8e6f8886436ddf2b4\" class=\"fw-main-row \">\n<div class=\"fw-container\">\n<div class=\"fw-row\">\n<div style=\"padding: 0 15px 0 15px\" class=\"fw-col-xs-12 \">\n<header>\n<h2 class=\"left \" style=\"color: #ec7532\">\n\t\t\tCompa\u00f1ia Omar Alvarez\t<\/h2>\n<\/header>\n<\/div>\n<\/div>\n<div class=\"fw-row\">\n<div style=\"padding: 0 15px 0 15px\" class=\"fw-col-xs-12 \">\n<aside style=\"color:;font-size:\">\n<p>El grupo originalmente formado por los hermanos Omar y Claudio Alvarez trabaja desde 1987 y desde entonces crearon los espect\u00e1culos \u201cSemillas de Paz\u201d (1987), \u201cTiempo de T\u00edteres\u201d (1990),\u201dHistorias para Crecer\u201d(1992), \u201cDe los Pies a la Cabeza\u201d (1995), realizando presentaciones de manera itinerante en instituciones y teatros de la Capital Federal y Buenos Aires.<br \/>En 1998 inauguran su propia sala teatral, el Centro Cultural Espacios, en la localidad de Villa Ballester, Provincia de Buenos Aires donde se realizan los espect\u00e1culos de la Compa\u00f1\u00eda .Tambi\u00e9n, all\u00ed se dictan seminarios y talleres para ni\u00f1os y adultos y capacitaci\u00f3n a docentes en el \u00e1rea teatral.<br \/>Con Rafael Curci, los hermanos Alvarez crean los espect\u00e1culos \u201cBasilisa\u201d(1999) \u201cEl Soldadito de Plomo\u201d junto a Alfredo Alc\u00f3n (2000) \u201cEl Ni\u00f1o de Arena (Ilusiones y Mareas)\u201d (2002) y \u201cLa Ni\u00f1a de los Cerillos\u201d (2004)\u201dRatapalam\u201d(2005),\u201dImaginarius\u201d (Coproducci\u00f3n Argentino Canadiense con Theater Beyond Words (2005)\u201dEl Viento entre las Hojas\u201d con Norma Aleandro(2006) y \u201cUn Ratoncito y la Luna\u201d con la participaci\u00f3n de Virginia Lago; todos trabajos con destacada repercusi\u00f3n a nivel nacional e internacional.<br \/>En el \u00e1mbito nacional, particip\u00f3 de temporadas oficiales en el Teatro Nacional Cervantes y otras prestigiosas salas de la Capital Federal y Festivales nacionales de teatro obteniendo numerosos premios y galardones.<br \/>En el a\u00f1o 2012, se estrena el Espect\u00e1culo \u201c Si yo fuera grande \u201c co-producci\u00f3n con la compa\u00f1\u00eda Katarsis de Espa\u00f1a.<br \/>Luego se estrenan las obras \u201c El Traje nuevo del Rey \u201c y en 2013: \u201c Hansel y Gretel \u201c , con el que obtiene el Premio Mayor del Jurado \u201cPremio Nacional Javier Villafa\u00f1e\u201den 2013.<br \/>En el \u00e1mbito internacional, la Compa\u00f1\u00eda ha realizado numerosas giras por Corea,China, Jap\u00f3n, Taiw\u00e1n, Singapur, Malasia, Hong Kong, Estados Unidos, Canad\u00e1, Finlandia, Israel, Espa\u00f1a, Polonia Dinamarca, Rusia, Alemania, Austria, Sud\u00e1frica, Brasil, M\u00e9xico, Venezuela, Colombia,y Chile participando en destacados Festivales Internacionales de Teatro, Temporadas Comerciales y Eventos Especiales. Sus obras est\u00e1n traducidas a versi\u00f3n de diez idiomas diferentes.<\/p>\n<\/aside>\n<div class=\"fw-divider-space\" style=\"padding-top: 30px\"><\/div>\n<div class=\"row\">\n<div class=\"col-sm-5\">\n\t\t\t\t\t<\/div>\n<div class=\"col-sm-7 plot\">\n<p><img loading=\"lazy\" class=\"alignnone size-medium wp-image-857\" src=\"http:\/\/www.mundotiterefest.com.ar\/2023\/wp-content\/uploads\/2023\/08\/omaralvarez-300x215.png\" alt=\"omar alvarez titeres\" width=\"300\" height=\"215\" srcset=\"http:\/\/www.mundotiterefest.com.ar\/2023\/wp-content\/uploads\/2023\/08\/omaralvarez-300x215.png 300w, http:\/\/www.mundotiterefest.com.ar\/2023\/wp-content\/uploads\/2023\/08\/omaralvarez-1024x734.png 1024w, http:\/\/www.mundotiterefest.com.ar\/2023\/wp-content\/uploads\/2023\/08\/omaralvarez-768x550.png 768w, http:\/\/www.mundotiterefest.com.ar\/2023\/wp-content\/uploads\/2023\/08\/omaralvarez.png 1118w\" sizes=\"(max-width: 300px) 100vw, 300px\" \/><\/p>\n<ul class=\"movie-info\">\n<li><i>Web<\/i> www.omaralvareztiteres.com.ar<\/li>\n<li><i>Instagram<\/i> @omaralvareztiteres<\/li>\n<\/ul><\/div>\n<\/div>\n<\/div>\n<\/div><\/div>\n<\/section>\n<section style=\"padding-top: 75px;padding-bottom: 75px;border-width: 0px 0px 0px 0px\" id=\"section_30bbc123fe3f4a2d22857f118bfc8732\" class=\"fw-main-row \">\n<div class=\"fw-container\">\n<div class=\"fw-row\">\n<div style=\"padding: 0 15px 0 15px\" class=\"fw-col-xs-12 \">\n<header>\n<h2 class=\"left \" style=\"color: #ec7532\">\n\t\t\tCentro Cultural Espacios\t<\/h2>\n<\/header>\n<\/div>\n<\/div>\n<div class=\"fw-row\">\n<div style=\"padding: 0 15px 0 15px\" class=\"fw-col-xs-12 \">\n<aside style=\"color:;font-size:\">\n<p>Fundado en 1997, el Centro Cultural Espacios es una de las m\u00e1s importantes Instituciones culturales del Pdo. de Gral. San Mart\u00edn. Motivados en la necesidad e inter\u00e9s por generar un \u00e1mbito para el desarrollo de la cultura local, un peque\u00f1o grupo de docentes, artistas y profesionales del \u00e1rea social, emprendieron, de manera particular, la dif\u00edcil misi\u00f3n de transformar, primero, una vieja verduler\u00eda y casa de los abuelos en un \u201cEspacio cultural\u201d, y m\u00e1s tarde, la visi\u00f3n de los vecinos sobre su propia participaci\u00f3n en la cultura, a trav\u00e9s de un intenso recorrido de labor, durante todos estos a\u00f1os. En el a\u00f1o 2001, el Honorable Concejo Deliberante de Gral. San Mart\u00edn declar\u00f3, por unanimidad a la Instituci\u00f3n \u201d de inter\u00e9s municipal\u201d, en reconocimiento a su labor.<br \/>Hoy, m\u00e1s de veinte talleres y cursos, exhibiciones pl\u00e1sticas, muestras fotogr\u00e1ficas, recitales, cine debate, charlas profesionales, conferencias, propuestas barriales, seminarios , espect\u00e1culos y Festivales teatrales de jerarqu\u00eda, son algunas de las alternativas que componen cotidianamente la programaci\u00f3n de este pluralista centro de la cultura independiente.<br \/>Una caracter\u00edstica particular de ESPACIOS es la presencia y protagonismo que intenta dar a los artistas y profesionales locales en las actividades, quienes encuentran, una alternativa laboral a veces, \u00f3 un medio para canalizar inquietudes y desplegar potencialidades, otras.<br \/>La actividad de la sala tiene por principal objetivo el desarrollo profesional de la actividad teatral de la regi\u00f3n.<br \/>Promueve y apoya propuestas que eleven la medida de rigor y calidad art\u00edstica de las producciones, no solamente de la C\u00eda. que gerencia el espacio, sino de toda la comunidad teatral de la zona, construyendo audiencia de p\u00fablico, formada y exigente.<br \/>Muchas son las personalidades del Teatro Argentino que han pasado por su escenario, trabajando con prestigiosos artistas como Alfredo Alc\u00f3n, Norma Aleandro, Soledad Silveyra, Ra\u00fal Rizzo, \u00f3 Virginia lago, quienes prestaron su voz en espect\u00e1culos para ni\u00f1os , especialmente producidos por ESPACIOS.<\/p>\n<\/aside>\n<\/div>\n<\/div>\n<div class=\"fw-row\">\n<div style=\"padding: 0 15px 0 15px\" class=\"fw-col-xs-12 \">\n<div class=\"fw-divider-space\" style=\"padding-top: 30px\"><\/div>\n<\/div>\n<\/div>\n<div class=\"fw-row\">\n<div style=\"padding: 0 15px 0 15px\" class=\"fw-col-xs-12 \">\n<div class=\"row\">\n<div class=\"col-sm-5\">\n\t\t\t\t\t<\/div>\n<div class=\"col-sm-7 plot\">\n<p><img loading=\"lazy\" class=\"alignnone size-medium wp-image-860\" src=\"http:\/\/www.mundotiterefest.com.ar\/2023\/wp-content\/uploads\/2023\/08\/centroculturalespacios-300x139.png\" alt=\"centro cultural espacios\" width=\"300\" height=\"139\" srcset=\"http:\/\/www.mundotiterefest.com.ar\/2023\/wp-content\/uploads\/2023\/08\/centroculturalespacios-300x139.png 300w, http:\/\/www.mundotiterefest.com.ar\/2023\/wp-content\/uploads\/2023\/08\/centroculturalespacios-768x355.png 768w, http:\/\/www.mundotiterefest.com.ar\/2023\/wp-content\/uploads\/2023\/08\/centroculturalespacios-811x372.png 811w, http:\/\/www.mundotiterefest.com.ar\/2023\/wp-content\/uploads\/2023\/08\/centroculturalespacios.png 1016w\" sizes=\"(max-width: 300px) 100vw, 300px\" \/><\/p>\n<ul class=\"movie-info\">\n<li><i>Web<\/i> www.ccespacios.com.ar<\/li>\n<li><i>Instagram<\/i> @centroculturalespacios<\/li>\n<\/ul><\/div>\n<\/div>\n<\/div>\n<\/div><\/div>\n<\/section>\n<section style=\"padding-top: 75px;padding-bottom: 75px;border-width: 0px 0px 0px 0px\" id=\"section_a0f1babe9d461906d771044fd189b9f8\" class=\"fw-main-row \">\n<div class=\"fw-container\">\n<div class=\"fw-row\">\n<div style=\"padding: 0 15px 0 15px\" class=\"fw-col-xs-12 \">\n<header>\n<h2 class=\"left \" style=\"color: #ec7532\">\n\t\t\tApoyos\t<\/h2>\n<\/header>\n<aside style=\"color:;font-size:\">\n<p>El Festival Internacional de Teatro de T\u00edteres y objetos animados 2023, cuenta con el apoyo de:<\/p>\n<ul>\n<li>Instituto Nacional del Teatro<\/li>\n<li>Municipalidad de San Martin<\/li>\n<li>Fondo de fomento de las artes esc\u00e9nicas<\/li>\n<li>Instituto de Cultura de la provincia de Buenos Aires<\/li>\n<li>Universidad Nacional de San Martin<\/li>\n<li><span style=\"font-weight: 400\">UNIMA Argentina\u00a0<\/span><\/li>\n<li><span style=\"font-weight: 400\"> Fundaci\u00f3n Hernandiana<\/span><\/li>\n<li>Centro Cultural de la Cooperaci\u00f3n<\/li>\n<li>Complejo Teatral de Buenos Aires<\/li>\n<li>MICA<\/li>\n<\/ul>\n<\/aside>\n<aside style=\"color:;font-size:\">\n<p><img loading=\"lazy\" class=\"alignnone wp-image-861\" src=\"http:\/\/www.mundotiterefest.com.ar\/2023\/wp-content\/uploads\/2023\/08\/SANMARTIN-300x199.jpg\" alt=\"San Martin\" width=\"124\" height=\"127\" \/><img loading=\"lazy\" class=\"alignnone wp-image-767\" src=\"http:\/\/www.mundotiterefest.com.ar\/2023\/wp-content\/uploads\/2023\/08\/fondofomento-artes.jpg\" alt=\"Fondo de Fomento de Artes Esc\u00e9nicas SM\" width=\"103\" height=\"78\" \/>\u00a0 \u00a0 <img loading=\"lazy\" class=\"alignnone wp-image-862\" src=\"http:\/\/www.mundotiterefest.com.ar\/2023\/wp-content\/uploads\/2023\/08\/INT-300x198.jpg\" alt=\"INT\" width=\"117\" height=\"90\" \/>\u00a0 <img loading=\"lazy\" class=\"alignnone wp-image-805\" src=\"http:\/\/www.mundotiterefest.com.ar\/2023\/wp-content\/uploads\/2023\/08\/casadetiteres22apoyo.jpg\" alt=\"Cultura Gobierno de Buenos Aires\" width=\"170\" height=\"102\" \/>\u00a0 <img loading=\"lazy\" class=\"\" src=\"https:\/\/upload.wikimedia.org\/wikipedia\/commons\/8\/8d\/Logo_UNSAM.png\" alt=\"Universidad Nacional de General San Mart\u00edn - Wikipedia, la enciclopedia libre\" width=\"151\" height=\"84\" \/>\u00a0 <img loading=\"lazy\" class=\"alignnone wp-image-800\" src=\"http:\/\/www.mundotiterefest.com.ar\/2023\/wp-content\/uploads\/2021\/09\/professionaltraining-commission-300x118.jpg\" alt=\"Professional Training Commission\" width=\"152\" height=\"61\" srcset=\"http:\/\/www.mundotiterefest.com.ar\/2023\/wp-content\/uploads\/2021\/09\/professionaltraining-commission-300x118.jpg 300w, http:\/\/www.mundotiterefest.com.ar\/2023\/wp-content\/uploads\/2021\/09\/professionaltraining-commission.jpg 357w\" sizes=\"(max-width: 152px) 100vw, 152px\" \/> <img loading=\"lazy\" class=\"alignnone wp-image-863\" src=\"http:\/\/www.mundotiterefest.com.ar\/2023\/wp-content\/uploads\/2023\/08\/HERNANDIANA.jpg\" alt=\"HERNANDIANA\" width=\"84\" height=\"81\" \/>\u00a0 <img loading=\"lazy\" class=\"alignnone wp-image-813\" src=\"http:\/\/www.mundotiterefest.com.ar\/2023\/wp-content\/uploads\/2023\/08\/centro-cultural-de-la-cooperacion-300x129.jpg\" alt=\"centro-cultural de la cooperacion\" width=\"166\" height=\"83\" \/> <img loading=\"lazy\" class=\"alignnone wp-image-864\" src=\"http:\/\/www.mundotiterefest.com.ar\/2023\/wp-content\/uploads\/2023\/08\/COMPLEJOTEATRALBSAS.gif\" alt=\"COMPLEJOTEATRALBSAS\" width=\"134\" height=\"90\" \/>\u00a0 <img loading=\"lazy\" class=\"alignnone wp-image-865\" src=\"http:\/\/www.mundotiterefest.com.ar\/2023\/wp-content\/uploads\/2023\/08\/MICA-300x135.jpg\" alt=\"MICA\" width=\"156\" height=\"72\" \/><\/p>\n<\/aside>\n<\/div>\n<\/div><\/div>\n<\/section>\n<p><!-- f8a7af0f8ef8a0be0b25c43db4572df8 --><\/p>\n","protected":false},"excerpt":{"rendered":"<p>Compa\u00f1ia Omar Alvarez El grupo originalmente formado por los hermanos Omar y Claudio Alvarez trabaja desde 1987 y desde entonces crearon los espect\u00e1culos \u201cSemillas de Paz\u201d (1987), \u201cTiempo de T\u00edteres\u201d (1990),\u201dHistorias para Crecer\u201d(1992), \u201cDe los Pies a la Cabeza\u201d (1995), realizando presentaciones de manera itinerante en instituciones y teatros de la Capital Federal y Buenos [&hellip;]<\/p>\n","protected":false},"author":1,"featured_media":0,"parent":0,"menu_order":0,"comment_status":"closed","ping_status":"closed","template":"","meta":[],"_links":{"self":[{"href":"http:\/\/www.mundotiterefest.com.ar\/2023\/wp-json\/wp\/v2\/pages\/277"}],"collection":[{"href":"http:\/\/www.mundotiterefest.com.ar\/2023\/wp-json\/wp\/v2\/pages"}],"about":[{"href":"http:\/\/www.mundotiterefest.com.ar\/2023\/wp-json\/wp\/v2\/types\/page"}],"author":[{"embeddable":true,"href":"http:\/\/www.mundotiterefest.com.ar\/2023\/wp-json\/wp\/v2\/users\/1"}],"replies":[{"embeddable":true,"href":"http:\/\/www.mundotiterefest.com.ar\/2023\/wp-json\/wp\/v2\/comments?post=277"}],"version-history":[{"count":27,"href":"http:\/\/www.mundotiterefest.com.ar\/2023\/wp-json\/wp\/v2\/pages\/277\/revisions"}],"predecessor-version":[{"id":1213,"href":"http:\/\/www.mundotiterefest.com.ar\/2023\/wp-json\/wp\/v2\/pages\/277\/revisions\/1213"}],"wp:attachment":[{"href":"http:\/\/www.mundotiterefest.com.ar\/2023\/wp-json\/wp\/v2\/media?parent=277"}],"curies":[{"name":"wp","href":"https:\/\/api.w.org\/{rel}","templated":true}]}}