{"id":297,"date":"2021-09-20T15:32:07","date_gmt":"2021-09-20T15:32:07","guid":{"rendered":"http:\/\/www.mundotiterefest.com.ar\/2023\/?page_id=297"},"modified":"2023-08-25T18:32:42","modified_gmt":"2023-08-25T18:32:42","slug":"talleres","status":"publish","type":"page","link":"http:\/\/www.mundotiterefest.com.ar\/2023\/talleres\/","title":{"rendered":"Talleres"},"content":{"rendered":"<section style=\"padding-top: 75px;padding-bottom: 75px;border-width: 0px 0px 0px 0px\" id=\"section_490ac4ee3bf5ce93acaa0be26038798f\" class=\"fw-main-row \">\n<div class=\"fw-container\">\n<div class=\"fw-row\">\n<div style=\"padding: 0 15px 0 15px\" class=\"fw-col-xs-12 \">\n<header>\n<h2 class=\"left \" style=\"color: #ec7532\">\n\t\t\tProgramaci\u00f3n \t<\/h2>\n<\/header>\n<div class=\"slick-carousel\" id=\"newIn\">\n<div class=\"movie-slide\">\n<div class=\"movie-poster\">\n<aside>\n<div>\n\t\t\t\t\t\t\t\t\t\t\t\t<a href=\"http:\/\/www.mundotiterefest.com.ar\/2023\/movies\/del-hecho-al-dicho\/\" title=\"Del hecho al dicho\" class=\"read-more\"><br \/>\n\t\t\t\t\t\t\tLeer m\u00e1s\t\t\t\t\t\t<\/a>\n\t\t\t\t\t\t\t\t\t\t\t<\/div>\n<\/aside>\n<p>\t\t\t\t<a href=\"http:\/\/www.mundotiterefest.com.ar\/2023\/movies\/del-hecho-al-dicho\/\" title=\"Del hecho al dicho\"><br \/>\n\t\t\t\t\t<img src=\"http:\/\/www.mundotiterefest.com.ar\/2023\/wp-content\/uploads\/2023\/08\/IMG_0756-270x340.jpg\" alt=\"Del hecho al dicho\" \/><br \/>\n\t\t\t\t<\/a>\n\t\t\t<\/div>\n<h4 class=\"no-underline\">Del hecho al dicho<\/h4>\n<div class=\"star-rating\">\n\t\t\t\t\t\t\t<\/div>\n<\/p><\/div>\n<div class=\"movie-slide\">\n<div class=\"movie-poster\">\n<aside>\n<div>\n\t\t\t\t\t\t\t\t\t\t\t\t<a href=\"http:\/\/www.mundotiterefest.com.ar\/2023\/movies\/titeresneutros\/\" title=\"Taller de T\u00edteres neutros, recursos expresivos para la inclusi\u00f3n\" class=\"read-more\"><br \/>\n\t\t\t\t\t\t\tLeer m\u00e1s\t\t\t\t\t\t<\/a>\n\t\t\t\t\t\t\t\t\t\t\t<\/div>\n<\/aside>\n<p>\t\t\t\t<a href=\"http:\/\/www.mundotiterefest.com.ar\/2023\/movies\/titeresneutros\/\" title=\"Taller de T\u00edteres neutros, recursos expresivos para la inclusi\u00f3n\"><br \/>\n\t\t\t\t\t<img src=\"http:\/\/www.mundotiterefest.com.ar\/2023\/wp-content\/uploads\/2023\/08\/Una-experiencia-poetica-titeres-neutros-270x340.jpeg\" alt=\"Taller de T\u00edteres neutros, recursos expresivos para la inclusi\u00f3n\" \/><br \/>\n\t\t\t\t<\/a>\n\t\t\t<\/div>\n<h4 class=\"no-underline\">Taller de T\u00edteres neutros, recursos expresivos para la inclusi\u00f3n<\/h4>\n<div class=\"star-rating\">\n\t\t\t\t\t\t\t<\/div>\n<\/p><\/div>\n<div class=\"movie-slide\">\n<div class=\"movie-poster\">\n<aside>\n<div>\n\t\t\t\t\t\t\t\t\t\t\t\t<a href=\"http:\/\/www.mundotiterefest.com.ar\/2023\/movies\/seminario-swedsky\/\" title=\"Aproximaci\u00f3n a la animaci\u00f3n de t\u00edteres y objetos\" class=\"read-more\"><br \/>\n\t\t\t\t\t\t\tLeer m\u00e1s\t\t\t\t\t\t<\/a>\n\t\t\t\t\t\t\t\t\t\t\t<\/div>\n<\/aside>\n<p>\t\t\t\t<a href=\"http:\/\/www.mundotiterefest.com.ar\/2023\/movies\/seminario-swedsky\/\" title=\"Aproximaci\u00f3n a la animaci\u00f3n de t\u00edteres y objetos\"><br \/>\n\t\t\t\t\t<img src=\"http:\/\/www.mundotiterefest.com.ar\/2023\/wp-content\/uploads\/2023\/08\/timthumb-270x340.jpg\" alt=\"Aproximaci\u00f3n a la animaci\u00f3n de t\u00edteres y objetos\" \/><br \/>\n\t\t\t\t<\/a>\n\t\t\t<\/div>\n<h4 class=\"no-underline\">Aproximaci\u00f3n a la animaci\u00f3n de t\u00edteres y objetos<\/h4>\n<div class=\"star-rating\">\n\t\t\t\t\t\t\t<\/div>\n<\/p><\/div>\n<div class=\"movie-slide\">\n<div class=\"movie-poster\">\n<aside>\n<div>\n\t\t\t\t\t\t\t\t\t\t\t\t<a href=\"http:\/\/www.mundotiterefest.com.ar\/2023\/movies\/teatro-sombras\/\" title=\"Taller de Teatro de sombras\" class=\"read-more\"><br \/>\n\t\t\t\t\t\t\tLeer m\u00e1s\t\t\t\t\t\t<\/a>\n\t\t\t\t\t\t\t\t\t\t\t<\/div>\n<\/aside>\n<p>\t\t\t\t<a href=\"http:\/\/www.mundotiterefest.com.ar\/2023\/movies\/teatro-sombras\/\" title=\"Taller de Teatro de sombras\"><br \/>\n\t\t\t\t\t<img src=\"http:\/\/www.mundotiterefest.com.ar\/2023\/wp-content\/uploads\/2021\/09\/teatro-sombras-270x340.jpg\" alt=\"Taller de Teatro de sombras\" \/><br \/>\n\t\t\t\t<\/a>\n\t\t\t<\/div>\n<h4 class=\"no-underline\">Taller de Teatro de sombras<\/h4>\n<div class=\"star-rating\">\n\t\t\t\t\t\t\t<\/div>\n<\/p><\/div>\n<\/p><\/div>\n<\/div>\n<\/div>\n<div class=\"fw-row\">\n<div style=\"padding: 0 75px 0 75px\" class=\"fw-col-xs-12 \">\n<div class=\"fw-divider-space\" style=\"padding-top: 50px\"><\/div>\n<div class=\"video-wrapper shortcode-container\">\n\t<\/div>\n<\/div>\n<\/div><\/div>\n<\/section>\n<p><!-- 6654b0b5a58d09056d7fe03d7316025b --><\/p>\n","protected":false},"excerpt":{"rendered":"<p>Programaci\u00f3n Leer m\u00e1s Del hecho al dicho Leer m\u00e1s Taller de T\u00edteres neutros, recursos expresivos para la inclusi\u00f3n Leer m\u00e1s Aproximaci\u00f3n a la animaci\u00f3n de t\u00edteres y objetos Leer m\u00e1s Taller de Teatro de sombras<\/p>\n","protected":false},"author":1,"featured_media":0,"parent":0,"menu_order":0,"comment_status":"closed","ping_status":"closed","template":"page-templates\/page-builder.php","meta":[],"_links":{"self":[{"href":"http:\/\/www.mundotiterefest.com.ar\/2023\/wp-json\/wp\/v2\/pages\/297"}],"collection":[{"href":"http:\/\/www.mundotiterefest.com.ar\/2023\/wp-json\/wp\/v2\/pages"}],"about":[{"href":"http:\/\/www.mundotiterefest.com.ar\/2023\/wp-json\/wp\/v2\/types\/page"}],"author":[{"embeddable":true,"href":"http:\/\/www.mundotiterefest.com.ar\/2023\/wp-json\/wp\/v2\/users\/1"}],"replies":[{"embeddable":true,"href":"http:\/\/www.mundotiterefest.com.ar\/2023\/wp-json\/wp\/v2\/comments?post=297"}],"version-history":[{"count":18,"href":"http:\/\/www.mundotiterefest.com.ar\/2023\/wp-json\/wp\/v2\/pages\/297\/revisions"}],"predecessor-version":[{"id":1195,"href":"http:\/\/www.mundotiterefest.com.ar\/2023\/wp-json\/wp\/v2\/pages\/297\/revisions\/1195"}],"wp:attachment":[{"href":"http:\/\/www.mundotiterefest.com.ar\/2023\/wp-json\/wp\/v2\/media?parent=297"}],"curies":[{"name":"wp","href":"https:\/\/api.w.org\/{rel}","templated":true}]}}