{"id":593,"date":"2021-10-13T17:34:24","date_gmt":"2021-10-13T17:34:24","guid":{"rendered":"http:\/\/www.mundotiterefest.com.ar\/2023\/?page_id=593"},"modified":"2023-09-27T00:38:15","modified_gmt":"2023-09-27T00:38:15","slug":"como-contribuir","status":"publish","type":"page","link":"http:\/\/www.mundotiterefest.com.ar\/2023\/como-contribuir\/","title":{"rendered":"C\u00f3mo contribuir"},"content":{"rendered":"<section style=\"padding-top: 75px;padding-bottom: 75px;border-width: 0px 0px 0px 0px\" id=\"section_0e4861422f6c18a534b92061df459c71\" class=\"fw-main-row \">\n<div class=\"fw-container\">\n<div class=\"fw-row\">\n<div style=\"padding: 0 15px 0 15px\" class=\"fw-col-xs-12 fw-col-sm-8 \">\n<header>\n<h2 class=\"left \" style=\"color: #ec7532\">\n\t\t\tC\u00f3mo contribuir con el Festival\t<\/h2>\n<\/header>\n<aside style=\"color:;font-size:\">\n<p><strong>Mercado Pago<\/strong><\/p>\n<hr \/>\n<p>Hac\u00e9 click en el link sobre el bono que corresponda para hacer tu aporte. Eleg\u00ed c\u00f3mo pagar, \u00a1y listo!<\/p>\n<ul>\n<li style=\"font-weight: 400\">Bono $2000 &#8211; <a href=\"https:\/\/mpago.la\/1WyiDrU\" target=\"_blank\" rel=\"noopener\">AQUI<\/a><\/li>\n<li style=\"font-weight: 400\">Bono $3.000 &#8211; <a href=\"https:\/\/mpago.la\/2RieACy\" target=\"_blank\" rel=\"noopener\">AQUI<\/a><\/li>\n<li style=\"font-weight: 400\">Bono $5.000 &#8211; <a href=\"https:\/\/mpago.la\/2USwBee\" target=\"_blank\" rel=\"noopener\">AQUI<\/a><\/li>\n<li style=\"font-weight: 400\">Bono $7.000 &#8211; <a href=\"https:\/\/mpago.la\/2vhZXQp\" target=\"_blank\" rel=\"noopener\">AQUI<\/a><\/li>\n<li style=\"font-weight: 400\">Bono $10.000 &#8211; <a href=\"https:\/\/mpago.la\/2xrBGHW\" target=\"_blank\" rel=\"noopener\">AQUI<\/a><\/li>\n<\/ul>\n<p>&nbsp;<\/p>\n<p><strong>Transferencia bancaria<\/strong><\/p>\n<hr \/>\n<p>\u00a1Tu aporte es de gran valor!<\/p>\n<p>Alias: GAFAS.MULITA.CAJON<br \/>Banco HSBC<br \/>Titular Omar Javier Alvarez<\/p>\n<p>&nbsp;<\/p>\n<p>El <strong>Festival Mundo T\u00edtere Fest<\/strong> es uno de los festivales de t\u00edteres y teatro de objetos autogestivos m\u00e1s importantes del pa\u00eds, con participaci\u00f3n de espect\u00e1culos de calidad, y una programaci\u00f3n pensada para invadir de magia la ciudad<em><strong> \u00a1Y sucede en tu barrio, en tu municipio, en tu provincia, muy cerca de tu casa!<\/strong><\/em><\/p>\n<p style=\"font-weight: 400\">Durante nueve d\u00edas vas a poder disfrutar de manera absolutamente gratuita de una grilla de m\u00e1s de cuarenta espect\u00e1culos, virtuales y presenciales, pero para hacerlo necesitamos tu ayuda\u2026<\/p>\n<p style=\"font-weight: 400\">\u00a1\u00a1\u00a1Gracias!!<\/p>\n<p>&nbsp;<\/p>\n<\/aside>\n<\/div>\n<div style=\"padding: 0 15px 0 15px\" class=\"fw-col-xs-12 fw-col-sm-4 \">\n<div class=\"fw-divider-space\" style=\"padding-top: 50px\"><\/div>\n<div class=\"fw-divider-line\">\n<hr \/>\n<\/div>\n<aside style=\"color:;font-size:\">\n<h5 style=\"font-weight: 400;text-align: center\">Con tu aporte nos vas a ayudar a llevar adelante esta verdadera fiesta de la imaginaci\u00f3n\u2026!<\/h5>\n<\/aside>\n<\/div>\n<\/div><\/div>\n<\/section>\n<p><!-- e7ed2f74049959ee98c752716b83badc --><\/p>\n","protected":false},"excerpt":{"rendered":"<p>C\u00f3mo contribuir con el Festival Mercado Pago Hac\u00e9 click en el link sobre el bono que corresponda para hacer tu aporte. Eleg\u00ed c\u00f3mo pagar, \u00a1y listo! Bono $2000 &#8211; AQUI Bono $3.000 &#8211; AQUI Bono $5.000 &#8211; AQUI Bono $7.000 &#8211; AQUI Bono $10.000 &#8211; AQUI &nbsp; Transferencia bancaria \u00a1Tu aporte es de gran valor! [&hellip;]<\/p>\n","protected":false},"author":1,"featured_media":0,"parent":0,"menu_order":0,"comment_status":"closed","ping_status":"closed","template":"","meta":[],"_links":{"self":[{"href":"http:\/\/www.mundotiterefest.com.ar\/2023\/wp-json\/wp\/v2\/pages\/593"}],"collection":[{"href":"http:\/\/www.mundotiterefest.com.ar\/2023\/wp-json\/wp\/v2\/pages"}],"about":[{"href":"http:\/\/www.mundotiterefest.com.ar\/2023\/wp-json\/wp\/v2\/types\/page"}],"author":[{"embeddable":true,"href":"http:\/\/www.mundotiterefest.com.ar\/2023\/wp-json\/wp\/v2\/users\/1"}],"replies":[{"embeddable":true,"href":"http:\/\/www.mundotiterefest.com.ar\/2023\/wp-json\/wp\/v2\/comments?post=593"}],"version-history":[{"count":27,"href":"http:\/\/www.mundotiterefest.com.ar\/2023\/wp-json\/wp\/v2\/pages\/593\/revisions"}],"predecessor-version":[{"id":1220,"href":"http:\/\/www.mundotiterefest.com.ar\/2023\/wp-json\/wp\/v2\/pages\/593\/revisions\/1220"}],"wp:attachment":[{"href":"http:\/\/www.mundotiterefest.com.ar\/2023\/wp-json\/wp\/v2\/media?parent=593"}],"curies":[{"name":"wp","href":"https:\/\/api.w.org\/{rel}","templated":true}]}}