{"id":807,"date":"2023-08-13T19:01:38","date_gmt":"2023-08-13T19:01:38","guid":{"rendered":"http:\/\/www.mundotiterefest.com.ar\/2023\/?page_id=807"},"modified":"2023-08-25T18:32:20","modified_gmt":"2023-08-25T18:32:20","slug":"exhibicion","status":"publish","type":"page","link":"http:\/\/www.mundotiterefest.com.ar\/2023\/exhibicion\/","title":{"rendered":"Exhibici\u00f3n"},"content":{"rendered":"<section style=\"padding-top: 75px;padding-bottom: 75px;border-width: 0px 0px 0px 0px\" id=\"section_4e2d4697b862e4516f4d01f29dfee1ab\" class=\"fw-main-row \">\n<div class=\"fw-container\">\n<div class=\"fw-row\">\n<div style=\"padding: 0 15px 0 15px\" class=\"fw-col-xs-12 fw-col-sm-6 \">\n<header>\n<h2 class=\"left \" style=\"color: #ec7532\">\n\t\t\tProgramaci\u00f3n \t<\/h2>\n<\/header>\n<div class=\"slick-carousel\" id=\"newIn\">\n<div class=\"movie-slide\">\n<div class=\"movie-poster\">\n<aside>\n<div>\n\t\t\t\t\t\t\t\t\t\t\t\t<a href=\"http:\/\/www.mundotiterefest.com.ar\/2023\/movies\/encuentro-con-alejandra-farley\/\" title=\"Encuentro con Alejandra Farley\" class=\"read-more\"><br \/>\n\t\t\t\t\t\t\tLeer m\u00e1s\t\t\t\t\t\t<\/a>\n\t\t\t\t\t\t\t\t\t\t\t<\/div>\n<\/aside>\n<p>\t\t\t\t<a href=\"http:\/\/www.mundotiterefest.com.ar\/2023\/movies\/encuentro-con-alejandra-farley\/\" title=\"Encuentro con Alejandra Farley\"><br \/>\n\t\t\t\t\t<img src=\"http:\/\/www.mundotiterefest.com.ar\/2023\/wp-content\/uploads\/2023\/08\/Alejandra-Farley-2w-270x340.jpg\" alt=\"Encuentro con Alejandra Farley\" \/><br \/>\n\t\t\t\t<\/a>\n\t\t\t<\/div>\n<h4 class=\"no-underline\">Encuentro con Alejandra Farley<\/h4>\n<div class=\"star-rating\">\n\t\t\t\t\t\t\t<\/div>\n<\/p><\/div>\n<div class=\"movie-slide\">\n<div class=\"movie-poster\">\n<aside>\n<div>\n\t\t\t\t\t\t\t\t\t\t\t\t<a href=\"http:\/\/www.mundotiterefest.com.ar\/2023\/movies\/criaturas-de-cuerpo-y-alma\/\" title=\"Criaturas de cuerpo y alma\" class=\"read-more\"><br \/>\n\t\t\t\t\t\t\tLeer m\u00e1s\t\t\t\t\t\t<\/a>\n\t\t\t\t\t\t\t\t\t\t\t<\/div>\n<\/aside>\n<p>\t\t\t\t<a href=\"http:\/\/www.mundotiterefest.com.ar\/2023\/movies\/criaturas-de-cuerpo-y-alma\/\" title=\"Criaturas de cuerpo y alma\"><br \/>\n\t\t\t\t\t<img src=\"http:\/\/www.mundotiterefest.com.ar\/2023\/wp-content\/uploads\/2023\/08\/Alejandra-Farley-w-270x340.jpg\" alt=\"Criaturas de cuerpo y alma\" \/><br \/>\n\t\t\t\t<\/a>\n\t\t\t<\/div>\n<h4 class=\"no-underline\">Criaturas de cuerpo y alma<\/h4>\n<div class=\"star-rating\">\n\t\t\t\t\t\t\t<\/div>\n<\/p><\/div>\n<\/p><\/div>\n<\/div>\n<div style=\"padding: 0 35px 0 35px\" class=\"fw-col-xs-12 fw-col-sm-6 \">\n<div class=\"fw-divider-space\" style=\"padding-top: 50px\"><\/div>\n<div class=\"fw-divider-space\" style=\"padding-top: 50px\"><\/div>\n<div class=\"video-wrapper shortcode-container\">\n\t<\/div>\n<\/div>\n<\/div><\/div>\n<\/section>\n<p><!-- 9fd3616a1896bdfd17e2853efbd48bad --><\/p>\n","protected":false},"excerpt":{"rendered":"<p>Programaci\u00f3n Leer m\u00e1s Encuentro con Alejandra Farley Leer m\u00e1s Criaturas de cuerpo y alma<\/p>\n","protected":false},"author":1,"featured_media":0,"parent":0,"menu_order":0,"comment_status":"closed","ping_status":"closed","template":"page-templates\/page-builder.php","meta":[],"_links":{"self":[{"href":"http:\/\/www.mundotiterefest.com.ar\/2023\/wp-json\/wp\/v2\/pages\/807"}],"collection":[{"href":"http:\/\/www.mundotiterefest.com.ar\/2023\/wp-json\/wp\/v2\/pages"}],"about":[{"href":"http:\/\/www.mundotiterefest.com.ar\/2023\/wp-json\/wp\/v2\/types\/page"}],"author":[{"embeddable":true,"href":"http:\/\/www.mundotiterefest.com.ar\/2023\/wp-json\/wp\/v2\/users\/1"}],"replies":[{"embeddable":true,"href":"http:\/\/www.mundotiterefest.com.ar\/2023\/wp-json\/wp\/v2\/comments?post=807"}],"version-history":[{"count":8,"href":"http:\/\/www.mundotiterefest.com.ar\/2023\/wp-json\/wp\/v2\/pages\/807\/revisions"}],"predecessor-version":[{"id":1194,"href":"http:\/\/www.mundotiterefest.com.ar\/2023\/wp-json\/wp\/v2\/pages\/807\/revisions\/1194"}],"wp:attachment":[{"href":"http:\/\/www.mundotiterefest.com.ar\/2023\/wp-json\/wp\/v2\/media?parent=807"}],"curies":[{"name":"wp","href":"https:\/\/api.w.org\/{rel}","templated":true}]}}