{"id":277,"date":"2021-09-17T20:18:58","date_gmt":"2021-09-17T20:18:58","guid":{"rendered":"http:\/\/www.mundotiterefest.com.ar\/2021\/?page_id=277"},"modified":"2021-10-14T19:36:50","modified_gmt":"2021-10-14T19:36:50","slug":"organizadores","status":"publish","type":"page","link":"https:\/\/www.mundotiterefest.com.ar\/2021\/organizadores\/","title":{"rendered":"Organizadores"},"content":{"rendered":"<p>\n\n<section style=\" padding-top: 75px; padding-bottom: 75px; border-width: 0px 0px 0px 0px\" id=\"section_ded392708cb11b62f50bd2d0f3848571\" class=\"fw-main-row \"  >\n\t<div class=\"fw-container\">\n\t\t<div class=\"fw-row\">\n\t\n<div style=\"padding: 0 15px 0 15px;\" class=\"fw-col-xs-12 \">\n\t\n<div class=\"row\">\n\t<div class=\"col-sm-5\">\n\t\t\t\t\t<\/div>\n\t<div class=\"col-sm-7 plot\">\n\t\t\t\t\t<header>\n\t\t\t\t<h3 class=\"no-underline\">Compa\u00f1\u00eda Omar Alvarez T\u00edteres<\/h3>\n\t\t\t<\/header>\n\t\t\t\t<p>El grupo originalmente formado por los hermanos Omar y Claudio Alvarez trabaja desde 1987 y desde entonces crearon los espect\u00e1culos \u201cSemillas de Paz\u201d (1987), \u201cTiempo de T\u00edteres\u201d (1990),\u201dHistorias para Crecer\u201d(1992), \u201cDe los Pies a la Cabeza\u201d (1995), realizando presentaciones de manera itinerante en instituciones y teatros de la Capital Federal y Buenos Aires.<br \/>En 1998 inauguran su propia sala teatral, el Centro Cultural Espacios, en la localidad de Villa Ballester, Provincia de Buenos Aires donde se realizan los espect\u00e1culos de la Compa\u00f1\u00eda .Tambi\u00e9n, all\u00ed se dictan seminarios y talleres para ni\u00f1os y adultos y capacitaci\u00f3n a docentes en el \u00e1rea teatral.<br \/>Con Rafael Curci, los hermanos Alvarez crean los espect\u00e1culos \u201cBasilisa\u201d(1999) \u201cEl Soldadito de Plomo\u201d junto a Alfredo Alc\u00f3n (2000) \u201cEl Ni\u00f1o de Arena (Ilusiones y Mareas)\u201d (2002) y \u201cLa Ni\u00f1a de los Cerillos\u201d (2004)\u201dRatapalam\u201d(2005),\u201dImaginarius\u201d (Coproducci\u00f3n Argentino Canadiense con Theater Beyond Words (2005)\u201dEl Viento entre las Hojas\u201d con Norma Aleandro(2006) y \u201cUn Ratoncito y la Luna\u201d con la participaci\u00f3n de Virginia Lago; todos trabajos con destacada repercusi\u00f3n a nivel nacional e internacional.<br \/>En el \u00e1mbito nacional, particip\u00f3 de temporadas oficiales en el Teatro Nacional Cervantes y otras prestigiosas salas de la Capital Federal y Festivales nacionales de teatro obteniendo numerosos premios y galardones.<br \/>En el a\u00f1o 2012, se estrena el Espect\u00e1culo \u201c Si yo fuera grande \u201c co-producci\u00f3n con la compa\u00f1\u00eda Katarsis de Espa\u00f1a.<br \/>Luego se estrenan las obras \u201c El Traje nuevo del Rey \u201c y en 2013: \u201c Hansel y Gretel \u201c , con el que obtiene el Premio Mayor del Jurado \u201cPremio Nacional Javier Villafa\u00f1e\u201den 2013.<br \/>En el \u00e1mbito internacional, la Compa\u00f1\u00eda ha realizado numerosas giras por Corea,China, Jap\u00f3n, Taiw\u00e1n, Singapur, Malasia, Hong Kong, Estados Unidos, Canad\u00e1, Finlandia, Israel, Espa\u00f1a, Polonia Dinamarca, Rusia, Alemania, Austria, Sud\u00e1frica, Brasil, M\u00e9xico, Venezuela, Colombia,y Chile participando en destacados Festivales Internacionales de Teatro, Temporadas Comerciales y Eventos Especiales. Sus obras est\u00e1n traducidas a versi\u00f3n de diez idiomas diferentes.<\/p>\t\t<ul class=\"movie-info\">\n\t\t\t\t\t\t\t<li><i>Web<\/i> http:\/\/www.omaralvareztiteres.com.ar<\/li>\n\t\t\t\t\t\t\t<li><i>Instagram<\/i> https:\/\/www.instagram.com\/omaralvareztiteres\/<\/li>\n\t\t\t\t\t<\/ul>\n\t<\/div>\n<\/div><\/div>\n<\/div>\n\n\t<\/div>\n<\/section>\n\n\n<section style=\" padding-top: 75px; padding-bottom: 75px; border-width: 0px 0px 0px 0px\" id=\"section_efe40b899a3742d2f7e64a253fb72c21\" class=\"fw-main-row \"  >\n\t<div class=\"fw-container\">\n\t\t<div class=\"fw-row\">\n\t\n<div style=\"padding: 0 15px 0 15px;\" class=\"fw-col-xs-12 \">\n\t\n<div class=\"row\">\n\t<div class=\"col-sm-5\">\n\t\t\t\t\t<\/div>\n\t<div class=\"col-sm-7 plot\">\n\t\t\t\t\t<header>\n\t\t\t\t<h3 class=\"no-underline\">Centro Cultural Espacios<\/h3>\n\t\t\t<\/header>\n\t\t\t\t<p>Fundado en 1997, el Centro Cultural Espacios es una de las m\u00e1s importantes Instituciones culturales del Pdo. de Gral. San Mart\u00edn. Motivados en la necesidad e inter\u00e9s por generar un \u00e1mbito para el desarrollo de la cultura local, un peque\u00f1o grupo de docentes, artistas y profesionales del \u00e1rea social, emprendieron, de manera particular, la dif\u00edcil misi\u00f3n de transformar, primero, una vieja verduler\u00eda y casa de los abuelos en un \u201cEspacio cultural\u201d, y m\u00e1s tarde, la visi\u00f3n de los vecinos sobre su propia participaci\u00f3n en la cultura, a trav\u00e9s de un intenso recorrido de labor, durante todos estos a\u00f1os. En el a\u00f1o 2001, el Honorable Concejo Deliberante de Gral. San Mart\u00edn declar\u00f3, por unanimidad a la Instituci\u00f3n \u201d de inter\u00e9s municipal\u201d, en reconocimiento a su labor.<br \/>Hoy, m\u00e1s de veinte talleres y cursos, exhibiciones pl\u00e1sticas, muestras fotogr\u00e1ficas, recitales, cine debate, charlas profesionales, conferencias, propuestas barriales, seminarios , espect\u00e1culos y Festivales teatrales de jerarqu\u00eda, son algunas de las alternativas que componen cotidianamente la programaci\u00f3n de este pluralista centro de la cultura independiente.<br \/>Una caracter\u00edstica particular de ESPACIOS es la presencia y protagonismo que intenta dar a los artistas y profesionales locales en las actividades, quienes encuentran, una alternativa laboral a veces, \u00f3 un medio para canalizar inquietudes y desplegar potencialidades, otras.<br \/>La actividad de la sala tiene por principal objetivo el desarrollo profesional de la actividad teatral de la regi\u00f3n.<br \/>Promueve y apoya propuestas que eleven la medida de rigor y calidad art\u00edstica de las producciones, no solamente de la C\u00eda. que gerencia el espacio, sino de toda la comunidad teatral de la zona, construyendo audiencia de p\u00fablico, formada y exigente.<br \/>Muchas son las personalidades del Teatro Argentino que han pasado por su escenario, trabajando con prestigiosos artistas como Alfredo Alc\u00f3n, Norma Aleandro, Soledad Silveyra, Ra\u00fal Rizzo, \u00f3 Virginia lago, quienes prestaron su voz en espect\u00e1culos para ni\u00f1os , especialmente producidos por ESPACIOS.<\/p>\t\t<ul class=\"movie-info\">\n\t\t\t\t\t\t\t<li><i>Web<\/i> http:\/\/www.ccespacios.com.ar<\/li>\n\t\t\t\t\t\t\t<li><i>Instagram<\/i> https:\/\/www.instagram.com\/centroculturalespacios\/<\/li>\n\t\t\t\t\t<\/ul>\n\t<\/div>\n<\/div><\/div>\n<\/div>\n\n\t<\/div>\n<\/section>\n\n\n<section style=\" padding-top: 75px; padding-bottom: 75px; border-width: 0px 0px 0px 0px\" id=\"section_48ca562cb22b11df5c70e6f291938be6\" class=\"fw-main-row \"  >\n\t<div class=\"fw-container\">\n\t\t<div class=\"fw-row\">\n\t\n<div style=\"padding: 0 15px 0 15px;\" class=\"fw-col-xs-12 \">\n\t\n<div class=\"row\">\n\t<div class=\"col-sm-5\">\n\t\t\t\t\t<\/div>\n\t<div class=\"col-sm-7 plot\">\n\t\t\t\t\t<header>\n\t\t\t\t<h3 class=\"no-underline\">Apoyos<\/h3>\n\t\t\t<\/header>\n\t\t\t\t<p>El Festival Internacional de Teatro de T\u00edteres y objetos animados 2021, cuenta con el apoyo de:<\/p><ul><li>Instituto Nacional del Teatro<\/li><li>Iberescena<\/li><li>Municipalidad de San Martin<\/li><li>Fondo de fomento de las artes esc\u00e9nicas<\/li><li>Fondo Nacional de las Artes<\/li><li>Embajada de Canada<\/li><li>Embajada de Vietman<\/li><li><span style=\"font-weight: 400\">Institut Ram\u00f3n Llull<\/span><\/li><li>ATINA<\/li><li><span style=\"font-weight: 400\">UNIMA Argentina\u00a0<\/span><\/li><li><span style=\"font-weight: 400\"> Fundaci\u00f3n Hernandiana<\/span><\/li><\/ul>\t\t<ul class=\"movie-info\">\n\t\t\t\t\t<\/ul>\n\t<\/div>\n<\/div><\/div>\n<\/div>\n\n\t<\/div>\n<\/section>\n\n\n<section style=\" padding-top: 75px; padding-bottom: 75px; border-width: 0px 0px 0px 0px\" id=\"section_a58fe5789cc28c0e111c866e31cb6c16\" class=\"fw-main-row \"  >\n\t<div class=\"fw-container\">\n\t\t<div class=\"fw-row\">\n\t\n<div style=\"padding: 0 15px 0 15px;\" class=\"fw-col-xs-12 \">\n\t<div class=\"container section remove-bottom-padding dark\">\n\t<div class=\"row comingSoon-slides singleGallery\">\n\t\t<div class=\"col-sm-12\">\n\n\t\t\t\t\t\t\t<div class=\"row single-slide slide-1\">\n\t\t\t\t\t<div class=\"bg\" style=\"background-image: url(\/\/www.mundotiterefest.com.ar\/2021\/wp-content\/uploads\/2021\/09\/mano-boton-2.jpg);\"><\/div>\n\t\t\t\t\t<div class=\"col-sm-12 slide-video\">\n\t\t\t\t\t\t\t\t\t\t\t\t\t<img src=\"\/\/www.mundotiterefest.com.ar\/2021\/wp-content\/uploads\/2021\/09\/mano-boton-2.jpg\" alt=\"Organizadores\" \/>\n\t\t\t\t\t\t\t\t\t\t\t<\/div>\n\t\t\t\t<\/div>\n\t\t\t\n\t\t\t<div class=\"slick-carousel gallery\" id=\"comingSoon\">\n\t\t\t\t\t\t\t\t\t<div data-dynamicclass=\"slide-1\">\n\t\t\t\t\t\t<a href=\"#\">\n\t\t\t\t\t\t\t<img src=\"\/\/www.mundotiterefest.com.ar\/2021\/wp-content\/uploads\/2021\/09\/mano-boton-2.jpg\" alt=\"Organizadores\" \/>\n\t\t\t\t\t\t<\/a>\n\t\t\t\t\t<\/div>\n\t\t\t\t\t\t\t<\/div>\n\n\t\t<\/div>\n\t<\/div>\n<\/div>\n\n<script type=\"text\/javascript\">\n\t\t\n\tjQuery(document).ready(function($){\n\t\t$('.gallery').not('.slick-initialized').slick({\n\t\t\tautoplay: false,\n\t\t\tslidesToShow: 6,\n\t\t\tcenterPadding: '60px',\n\t\t\tinfinite: true,\n\t\t\tprevArrow: '<i class=\"fa fa-angle-left left\"><\/i>',\n\t\t\tnextArrow: '<i class=\"fa fa-angle-right right\"><\/i>',\n\t\t\tresponsive: [\n\t\t\t    {\n\t\t\t      breakpoint: 1024,\n\t\t\t      settings: {\n\t\t\t        slidesToShow: 4\t\t\t      }\n\t\t\t    },\n\t\t\t    {\n\t\t\t      breakpoint: 768,\n\t\t\t      settings: {\n\t\t\t        slidesToShow: 3\t\t\t      }\n\t\t\t    },\n\t\t\t    {\n\t\t\t      breakpoint: 480,\n\t\t\t      settings: {\n\t\t\t        slidesToShow: 4\t\t\t      }\n\t\t\t    }\n\t\t\t  ]\n\t\t});\n\n\t\t\/\/ Coming soon slide\n\t\tjQuery('.single-slide').first().css({ opacity: '1', height: 'auto', paddingBottom: '40px' }).siblings('.single-slide').css({ opacity: '0', height: '0', paddingBottom: '0' });\n\t\t$('.gallery .slick-current').css('opacity', '1').siblings().css('opacity', '.2');\n\n\t\tjQuery('.gallery div').click(function() {\n\t\t\tvar currentClass = $(this).data(\"dynamicclass\");\n\t\t    $(\"div.\" + currentClass).css({ opacity: '1', height: 'auto', paddingBottom: '40px' }).siblings('.single-slide').css({ opacity: '0', height: '0', paddingBottom: '0' });\n\t\t    $(this).css('opacity', '1').siblings().css('opacity', '.2');\n\t\t    return false;\n\t\t});\n\n\t\t$('.comingSoon-slides').parent().parent().css('overflowX', 'hidden');\n\t});\n<\/script><\/div>\n<\/div>\n\n\t<\/div>\n<\/section>\n<\/p>\n","protected":false},"excerpt":{"rendered":"<p>Compa\u00f1\u00eda Omar Alvarez T\u00edteres El grupo originalmente formado por los hermanos Omar y Claudio Alvarez trabaja desde 1987 y desde entonces crearon los espect\u00e1culos \u201cSemillas de Paz\u201d (1987), \u201cTiempo de T\u00edteres\u201d (1990),\u201dHistorias para Crecer\u201d(1992), \u201cDe los Pies a la Cabeza\u201d (1995), realizando presentaciones de manera itinerante en instituciones y teatros de la Capital Federal y [&hellip;]<\/p>\n","protected":false},"author":1,"featured_media":0,"parent":0,"menu_order":0,"comment_status":"closed","ping_status":"closed","template":"","meta":[],"_links":{"self":[{"href":"https:\/\/www.mundotiterefest.com.ar\/2021\/wp-json\/wp\/v2\/pages\/277"}],"collection":[{"href":"https:\/\/www.mundotiterefest.com.ar\/2021\/wp-json\/wp\/v2\/pages"}],"about":[{"href":"https:\/\/www.mundotiterefest.com.ar\/2021\/wp-json\/wp\/v2\/types\/page"}],"author":[{"embeddable":true,"href":"https:\/\/www.mundotiterefest.com.ar\/2021\/wp-json\/wp\/v2\/users\/1"}],"replies":[{"embeddable":true,"href":"https:\/\/www.mundotiterefest.com.ar\/2021\/wp-json\/wp\/v2\/comments?post=277"}],"version-history":[{"count":19,"href":"https:\/\/www.mundotiterefest.com.ar\/2021\/wp-json\/wp\/v2\/pages\/277\/revisions"}],"predecessor-version":[{"id":649,"href":"https:\/\/www.mundotiterefest.com.ar\/2021\/wp-json\/wp\/v2\/pages\/277\/revisions\/649"}],"wp:attachment":[{"href":"https:\/\/www.mundotiterefest.com.ar\/2021\/wp-json\/wp\/v2\/media?parent=277"}],"curies":[{"name":"wp","href":"https:\/\/api.w.org\/{rel}","templated":true}]}}