{"id":297,"date":"2021-09-20T15:32:07","date_gmt":"2021-09-20T15:32:07","guid":{"rendered":"http:\/\/www.mundotiterefest.com.ar\/2021\/?page_id=297"},"modified":"2021-11-05T14:22:23","modified_gmt":"2021-11-05T14:22:23","slug":"talleres","status":"publish","type":"page","link":"https:\/\/www.mundotiterefest.com.ar\/2021\/talleres\/","title":{"rendered":"Talleres"},"content":{"rendered":"\n\n<section style=\" padding-top: 75px; padding-bottom: 75px; border-width: 0px 0px 0px 0px\" id=\"section_6745b8efe5be4d6bf1067d46be12c2bf\" class=\"fw-main-row \"  >\n\t<div class=\"fw-container\">\n\t\t<div class=\"fw-row\">\n\t\n<div style=\"padding: 0 15px 0 15px;\" class=\"fw-col-xs-12 \">\n\t\n\t<aside style=\"color: ; font-size: \">\n\t\t<p>Recorre toda la oferta del festival que pensamos para vos, desliz\u00e1ndote hacia la derecha.<\/p>\t<\/aside>\n<\/div>\n<\/div>\n\n<div class=\"fw-row\">\n\t\n<div style=\"padding: 0 15px 0 15px;\" class=\"fw-col-xs-12 \">\n\t\n<\/div>\n<\/div>\n\n<div class=\"fw-row\">\n\t\n<div style=\"padding: 0 15px 0 15px;\" class=\"fw-col-xs-12 \">\n\t\n<div class=\"slick-carousel\" id=\"newIn\">\n\t\t\t\t<div class=\"movie-slide\">\n\t\t\t<div class=\"movie-poster\">\n\t\t\t\t<aside>\n\t\t\t\t\t<div>\n\t\t\t\t\t\t\t\t\t\t\t\t<a href=\"https:\/\/www.mundotiterefest.com.ar\/2021\/movies\/retrospectiva-del-grupo-atacados-por-el-arte\/\" title=\"Retrospectiva del grupo \u00abAtacados por el Arte\u00bb\" class=\"read-more\">\n\t\t\t\t\t\t\tLeer m\u00e1s\t\t\t\t\t\t<\/a>\n\t\t\t\t\t\t\t\t\t\t\t<\/div>\n\t\t\t\t<\/aside>\n\t\t\t\t<a href=\"https:\/\/www.mundotiterefest.com.ar\/2021\/movies\/retrospectiva-del-grupo-atacados-por-el-arte\/\" title=\"Retrospectiva del grupo \u00abAtacados por el Arte\u00bb\">\n\t\t\t\t\t<img src=\"https:\/\/www.mundotiterefest.com.ar\/2021\/wp-content\/uploads\/2021\/11\/ATACADOS-POR-EL-ARTEFeed-270x340.jpg\" alt=\"Retrospectiva del grupo \u00abAtacados por el Arte\u00bb\" \/>\n\t\t\t\t<\/a>\n\t\t\t<\/div>\n\t\t\t<h4 class=\"no-underline\">Retrospectiva del grupo \u00abAtacados por el Arte\u00bb<\/h4>\n\t\t\t<div class=\"star-rating\">\n\t\t\t\t\t\t\t<\/div>\n\t\t<\/div>\n\t\t\t\n\t\t\t\t<div class=\"movie-slide\">\n\t\t\t<div class=\"movie-poster\">\n\t\t\t\t<aside>\n\t\t\t\t\t<div>\n\t\t\t\t\t\t\t\t\t\t\t\t<a href=\"https:\/\/www.mundotiterefest.com.ar\/2021\/movies\/taller-de-dramaturgia-a-cargo-de-atina-assitej-argentina\/\" title=\"Taller de Dramaturgia \u2013 A cargo de ATINA \u2013 ASSITEJ Argentina\" class=\"read-more\">\n\t\t\t\t\t\t\tLeer m\u00e1s\t\t\t\t\t\t<\/a>\n\t\t\t\t\t\t\t\t\t\t\t<\/div>\n\t\t\t\t<\/aside>\n\t\t\t\t<a href=\"https:\/\/www.mundotiterefest.com.ar\/2021\/movies\/taller-de-dramaturgia-a-cargo-de-atina-assitej-argentina\/\" title=\"Taller de Dramaturgia \u2013 A cargo de ATINA \u2013 ASSITEJ Argentina\">\n\t\t\t\t\t<img src=\"https:\/\/www.mundotiterefest.com.ar\/2021\/wp-content\/uploads\/2021\/09\/WhatsApp-Image-2021-10-07-at-18.20.46-270x340.jpeg\" alt=\"Taller de Dramaturgia \u2013 A cargo de ATINA \u2013 ASSITEJ Argentina\" \/>\n\t\t\t\t<\/a>\n\t\t\t<\/div>\n\t\t\t<h4 class=\"no-underline\">Taller de Dramaturgia \u2013 A cargo de ATINA \u2013 ASSITEJ Argentina<\/h4>\n\t\t\t<div class=\"star-rating\">\n\t\t\t\t\t\t\t<\/div>\n\t\t<\/div>\n\t\t\t\n\t\t\t\t<div class=\"movie-slide\">\n\t\t\t<div class=\"movie-poster\">\n\t\t\t\t<aside>\n\t\t\t\t\t<div>\n\t\t\t\t\t\t\t\t\t\t\t\t<a href=\"https:\/\/www.mundotiterefest.com.ar\/2021\/movies\/master-class-el-lenguaje-del-titere\/\" title=\"Master Class \u201cEl Lenguaje del T\u00edtere\u201c\" class=\"read-more\">\n\t\t\t\t\t\t\tLeer m\u00e1s\t\t\t\t\t\t<\/a>\n\t\t\t\t\t\t\t\t\t\t\t<\/div>\n\t\t\t\t<\/aside>\n\t\t\t\t<a href=\"https:\/\/www.mundotiterefest.com.ar\/2021\/movies\/master-class-el-lenguaje-del-titere\/\" title=\"Master Class \u201cEl Lenguaje del T\u00edtere\u201c\">\n\t\t\t\t\t<img src=\"https:\/\/www.mundotiterefest.com.ar\/2021\/wp-content\/uploads\/2021\/09\/DSCF4068-copy-270x340.jpeg\" alt=\"Master Class \u201cEl Lenguaje del T\u00edtere\u201c\" \/>\n\t\t\t\t<\/a>\n\t\t\t<\/div>\n\t\t\t<h4 class=\"no-underline\">Master Class \u201cEl Lenguaje del T\u00edtere\u201c<\/h4>\n\t\t\t<div class=\"star-rating\">\n\t\t\t\t\t\t\t<\/div>\n\t\t<\/div>\n\t\t\t\n\t<\/div>\n\n<script>\n\tjQuery(document).ready(function($){\n\t\t\n\t\t$('#newIn').not('.slick-initialized').slick({\n\t\t\tautoplay: false,\n\t\t\tautoplaySpeed: 3000,\n\t\t\tslidesToShow: 4,\n\t\t\tcenterPadding: '60px',\n\t\t\tnextArrow: '<i class=\"fa fa-angle-right right\"><\/i>',\n\t\t\tprevArrow: '<i class=\"fa fa-angle-left left\"><\/i>',\n  \t\t\tresponsive: [\n\t\t\t    {\n\t\t\t      breakpoint: 991,\n\t\t\t      settings: {\n\t\t\t        slidesToShow: 3,\n\t\t\t        slidesToScroll: 1\n\t\t\t      }\n\t\t\t    },\n\t\t\t    {\n\t\t\t      breakpoint: 768,\n\t\t\t      settings: {\n\t\t\t        slidesToShow: 2,\n\t\t\t        slidesToScroll: 1\n\t\t\t      }\n\t\t\t    },\n\t\t\t    {\n\t\t\t      breakpoint: 480,\n\t\t\t      settings: {\n\t\t\t        slidesToShow: 2,\n\t\t\t        slidesToScroll: 1\n\t\t\t      }\n\t\t\t    }\n\t\t\t  ]\n\t\t});\n\n\t});\n<\/script><\/div>\n<\/div>\n\n\t<\/div>\n<\/section>\n\n","protected":false},"excerpt":{"rendered":"<p>Sinopsis Master Class \u201cEl Lenguaje del T\u00edtere\u201c Esta clase magistral se centra en la relaci\u00f3n distintiva entre el int\u00e9rprete, el t\u00edtere y el p\u00fablico y lo que los une.El punto de partida es la teor\u00eda de que el titiritero es un proveedor de servicios, que intenta comunicar a la audiencia una idea, historia o concepto [&hellip;]<\/p>\n","protected":false},"author":1,"featured_media":0,"parent":0,"menu_order":0,"comment_status":"closed","ping_status":"closed","template":"page-templates\/page-builder.php","meta":[],"_links":{"self":[{"href":"https:\/\/www.mundotiterefest.com.ar\/2021\/wp-json\/wp\/v2\/pages\/297"}],"collection":[{"href":"https:\/\/www.mundotiterefest.com.ar\/2021\/wp-json\/wp\/v2\/pages"}],"about":[{"href":"https:\/\/www.mundotiterefest.com.ar\/2021\/wp-json\/wp\/v2\/types\/page"}],"author":[{"embeddable":true,"href":"https:\/\/www.mundotiterefest.com.ar\/2021\/wp-json\/wp\/v2\/users\/1"}],"replies":[{"embeddable":true,"href":"https:\/\/www.mundotiterefest.com.ar\/2021\/wp-json\/wp\/v2\/comments?post=297"}],"version-history":[{"count":3,"href":"https:\/\/www.mundotiterefest.com.ar\/2021\/wp-json\/wp\/v2\/pages\/297\/revisions"}],"predecessor-version":[{"id":712,"href":"https:\/\/www.mundotiterefest.com.ar\/2021\/wp-json\/wp\/v2\/pages\/297\/revisions\/712"}],"wp:attachment":[{"href":"https:\/\/www.mundotiterefest.com.ar\/2021\/wp-json\/wp\/v2\/media?parent=297"}],"curies":[{"name":"wp","href":"https:\/\/api.w.org\/{rel}","templated":true}]}}