{"id":511,"date":"2021-10-07T18:33:11","date_gmt":"2021-10-07T18:33:11","guid":{"rendered":"http:\/\/www.mundotiterefest.com.ar\/2021\/?page_id=511"},"modified":"2021-11-05T14:21:13","modified_gmt":"2021-11-05T14:21:13","slug":"callejeros","status":"publish","type":"page","link":"https:\/\/www.mundotiterefest.com.ar\/2021\/callejeros\/","title":{"rendered":"Callejeros"},"content":{"rendered":"\n\n<section style=\" padding-top: 75px; padding-bottom: 75px; border-width: 0px 0px 0px 0px\" id=\"section_9e9b8e68d6335c767be25cc5c16237e4\" class=\"fw-main-row \"  >\n\t<div class=\"fw-container\">\n\t\t<div class=\"fw-row\">\n\t\n<div style=\"padding: 0 15px 0 15px;\" class=\"fw-col-xs-12 \">\n\t\n\t<aside style=\"color: ; font-size: \">\n\t\t<p>Recorre toda la oferta del festival que pensamos para vos, desliz\u00e1ndote hacia la derecha.<\/p>\t<\/aside>\n<\/div>\n<\/div>\n\n<div class=\"fw-row\">\n\t\n<div style=\"padding: 0 15px 0 15px;\" class=\"fw-col-xs-12 \">\n\t\n<\/div>\n<\/div>\n\n<div class=\"fw-row\">\n\t\n<div style=\"padding: 0 15px 0 15px;\" class=\"fw-col-xs-12 \">\n\t\n<div class=\"slick-carousel\" id=\"newIn\">\n\t\t\t\t<div class=\"movie-slide\">\n\t\t\t<div class=\"movie-poster\">\n\t\t\t\t<aside>\n\t\t\t\t\t<div>\n\t\t\t\t\t\t\t\t\t\t\t\t<a href=\"https:\/\/www.mundotiterefest.com.ar\/2021\/movies\/sirena\/\" title=\"Sirena\" class=\"read-more\">\n\t\t\t\t\t\t\tLeer m\u00e1s\t\t\t\t\t\t<\/a>\n\t\t\t\t\t\t\t\t\t\t\t<\/div>\n\t\t\t\t<\/aside>\n\t\t\t\t<a href=\"https:\/\/www.mundotiterefest.com.ar\/2021\/movies\/sirena\/\" title=\"Sirena\">\n\t\t\t\t\t<img src=\"https:\/\/www.mundotiterefest.com.ar\/2021\/wp-content\/uploads\/2021\/10\/Sirena2-270x340.jpeg\" alt=\"Sirena\" \/>\n\t\t\t\t<\/a>\n\t\t\t<\/div>\n\t\t\t<h4 class=\"no-underline\">Sirena<\/h4>\n\t\t\t<div class=\"star-rating\">\n\t\t\t\t\t\t\t<\/div>\n\t\t<\/div>\n\t\t\t\n\t\t\t\t<div class=\"movie-slide\">\n\t\t\t<div class=\"movie-poster\">\n\t\t\t\t<aside>\n\t\t\t\t\t<div>\n\t\t\t\t\t\t\t\t\t\t\t\t<a href=\"https:\/\/www.mundotiterefest.com.ar\/2021\/movies\/3-obras-3\/\" title=\"3 Obras 3\" class=\"read-more\">\n\t\t\t\t\t\t\tLeer m\u00e1s\t\t\t\t\t\t<\/a>\n\t\t\t\t\t\t\t\t\t\t\t<\/div>\n\t\t\t\t<\/aside>\n\t\t\t\t<a href=\"https:\/\/www.mundotiterefest.com.ar\/2021\/movies\/3-obras-3\/\" title=\"3 Obras 3\">\n\t\t\t\t\t<img src=\"https:\/\/www.mundotiterefest.com.ar\/2021\/wp-content\/uploads\/2021\/10\/3-obras-3-1-270x340.jpeg\" alt=\"3 Obras 3\" \/>\n\t\t\t\t<\/a>\n\t\t\t<\/div>\n\t\t\t<h4 class=\"no-underline\">3 Obras 3<\/h4>\n\t\t\t<div class=\"star-rating\">\n\t\t\t\t\t\t\t<\/div>\n\t\t<\/div>\n\t\t\t\n\t\t\t\t<div class=\"movie-slide\">\n\t\t\t<div class=\"movie-poster\">\n\t\t\t\t<aside>\n\t\t\t\t\t<div>\n\t\t\t\t\t\t\t\t\t\t\t\t\t<a href=\"https:\/\/www.youtube.com\/watch?v=4XvxQUDTkkY&#038;t=9s\" data-vbtype=\"video\" class=\"venobox play\">\n\t\t\t\t\t\t\t\t<i class=\"fa fa-play\"><\/i>\n\t\t\t\t\t\t\t<\/a>\n\t\t\t\t\t\t\t\t\t\t\t\t<a href=\"https:\/\/www.mundotiterefest.com.ar\/2021\/movies\/suenos-de-arrabal-2\/\" title=\"Sue\u00f1os de Arrabal\" class=\"read-more\">\n\t\t\t\t\t\t\tLeer m\u00e1s\t\t\t\t\t\t<\/a>\n\t\t\t\t\t\t\t\t\t\t\t<\/div>\n\t\t\t\t<\/aside>\n\t\t\t\t<a href=\"https:\/\/www.mundotiterefest.com.ar\/2021\/movies\/suenos-de-arrabal-2\/\" title=\"Sue\u00f1os de Arrabal\">\n\t\t\t\t\t<img src=\"https:\/\/www.mundotiterefest.com.ar\/2021\/wp-content\/uploads\/2021\/09\/suenos-de-arrabal-1-270x340.jpeg\" alt=\"Sue\u00f1os de Arrabal\" \/>\n\t\t\t\t<\/a>\n\t\t\t<\/div>\n\t\t\t<h4 class=\"no-underline\">Sue\u00f1os de Arrabal<\/h4>\n\t\t\t<div class=\"star-rating\">\n\t\t\t\t\t\t\t<\/div>\n\t\t<\/div>\n\t\t\t\n\t\t\t\t<div class=\"movie-slide\">\n\t\t\t<div class=\"movie-poster\">\n\t\t\t\t<aside>\n\t\t\t\t\t<div>\n\t\t\t\t\t\t\t\t\t\t\t\t<a href=\"https:\/\/www.mundotiterefest.com.ar\/2021\/movies\/valija-de-papel\/\" title=\"Valija de Papel\" class=\"read-more\">\n\t\t\t\t\t\t\tLeer m\u00e1s\t\t\t\t\t\t<\/a>\n\t\t\t\t\t\t\t\t\t\t\t<\/div>\n\t\t\t\t<\/aside>\n\t\t\t\t<a href=\"https:\/\/www.mundotiterefest.com.ar\/2021\/movies\/valija-de-papel\/\" title=\"Valija de Papel\">\n\t\t\t\t\t<img src=\"https:\/\/www.mundotiterefest.com.ar\/2021\/wp-content\/uploads\/2021\/10\/visitadorartistica-270x340.jpeg\" alt=\"Valija de Papel\" \/>\n\t\t\t\t<\/a>\n\t\t\t<\/div>\n\t\t\t<h4 class=\"no-underline\">Valija de Papel<\/h4>\n\t\t\t<div class=\"star-rating\">\n\t\t\t\t\t\t\t<\/div>\n\t\t<\/div>\n\t\t\t\n\t\t\t\t<div class=\"movie-slide\">\n\t\t\t<div class=\"movie-poster\">\n\t\t\t\t<aside>\n\t\t\t\t\t<div>\n\t\t\t\t\t\t\t\t\t\t\t\t<a href=\"https:\/\/www.mundotiterefest.com.ar\/2021\/movies\/barrionauta\/\" title=\"Barrionauta\" class=\"read-more\">\n\t\t\t\t\t\t\tLeer m\u00e1s\t\t\t\t\t\t<\/a>\n\t\t\t\t\t\t\t\t\t\t\t<\/div>\n\t\t\t\t<\/aside>\n\t\t\t\t<a href=\"https:\/\/www.mundotiterefest.com.ar\/2021\/movies\/barrionauta\/\" title=\"Barrionauta\">\n\t\t\t\t\t<img src=\"https:\/\/www.mundotiterefest.com.ar\/2021\/wp-content\/uploads\/2021\/10\/barrionauta2-270x340.jpg\" alt=\"Barrionauta\" \/>\n\t\t\t\t<\/a>\n\t\t\t<\/div>\n\t\t\t<h4 class=\"no-underline\">Barrionauta<\/h4>\n\t\t\t<div class=\"star-rating\">\n\t\t\t\t\t\t\t<\/div>\n\t\t<\/div>\n\t\t\t\n\t\t\t\t<div class=\"movie-slide\">\n\t\t\t<div class=\"movie-poster\">\n\t\t\t\t<aside>\n\t\t\t\t\t<div>\n\t\t\t\t\t\t\t\t\t\t\t\t<a href=\"https:\/\/www.mundotiterefest.com.ar\/2021\/movies\/cajitas-misteriosas\/\" title=\"Cajitas Misteriosas\" class=\"read-more\">\n\t\t\t\t\t\t\tLeer m\u00e1s\t\t\t\t\t\t<\/a>\n\t\t\t\t\t\t\t\t\t\t\t<\/div>\n\t\t\t\t<\/aside>\n\t\t\t\t<a href=\"https:\/\/www.mundotiterefest.com.ar\/2021\/movies\/cajitas-misteriosas\/\" title=\"Cajitas Misteriosas\">\n\t\t\t\t\t<img src=\"https:\/\/www.mundotiterefest.com.ar\/2021\/wp-content\/uploads\/2021\/09\/Cajitas-Misteriosas-270x340.jpeg\" alt=\"Cajitas Misteriosas\" \/>\n\t\t\t\t<\/a>\n\t\t\t<\/div>\n\t\t\t<h4 class=\"no-underline\">Cajitas Misteriosas<\/h4>\n\t\t\t<div class=\"star-rating\">\n\t\t\t\t\t\t\t<\/div>\n\t\t<\/div>\n\t\t\t\n\t\t\t\t<div class=\"movie-slide\">\n\t\t\t<div class=\"movie-poster\">\n\t\t\t\t<aside>\n\t\t\t\t\t<div>\n\t\t\t\t\t\t\t\t\t\t\t\t<a href=\"https:\/\/www.mundotiterefest.com.ar\/2021\/movies\/marionetas-paganas\/\" title=\"Marionetas Paganas\" class=\"read-more\">\n\t\t\t\t\t\t\tLeer m\u00e1s\t\t\t\t\t\t<\/a>\n\t\t\t\t\t\t\t\t\t\t\t<\/div>\n\t\t\t\t<\/aside>\n\t\t\t\t<a href=\"https:\/\/www.mundotiterefest.com.ar\/2021\/movies\/marionetas-paganas\/\" title=\"Marionetas Paganas\">\n\t\t\t\t\t<img src=\"https:\/\/www.mundotiterefest.com.ar\/2021\/wp-content\/uploads\/2021\/09\/m_paganas1-270x340.jpeg\" alt=\"Marionetas Paganas\" \/>\n\t\t\t\t<\/a>\n\t\t\t<\/div>\n\t\t\t<h4 class=\"no-underline\">Marionetas Paganas<\/h4>\n\t\t\t<div class=\"star-rating\">\n\t\t\t\t\t\t\t<\/div>\n\t\t<\/div>\n\t\t\t\n\t\t\t\t<div class=\"movie-slide\">\n\t\t\t<div class=\"movie-poster\">\n\t\t\t\t<aside>\n\t\t\t\t\t<div>\n\t\t\t\t\t\t\t\t\t\t\t\t<a href=\"https:\/\/www.mundotiterefest.com.ar\/2021\/movies\/el-pajaro-del-fin-del-mundo\/\" title=\"El P\u00e1jaro del fin del mundo\" class=\"read-more\">\n\t\t\t\t\t\t\tLeer m\u00e1s\t\t\t\t\t\t<\/a>\n\t\t\t\t\t\t\t\t\t\t\t<\/div>\n\t\t\t\t<\/aside>\n\t\t\t\t<a href=\"https:\/\/www.mundotiterefest.com.ar\/2021\/movies\/el-pajaro-del-fin-del-mundo\/\" title=\"El P\u00e1jaro del fin del mundo\">\n\t\t\t\t\t<img src=\"https:\/\/www.mundotiterefest.com.ar\/2021\/wp-content\/uploads\/2021\/09\/El-pajaro-del-fin-del-mundo-270x340.jpg\" alt=\"El P\u00e1jaro del fin del mundo\" \/>\n\t\t\t\t<\/a>\n\t\t\t<\/div>\n\t\t\t<h4 class=\"no-underline\">El P\u00e1jaro del fin del mundo<\/h4>\n\t\t\t<div class=\"star-rating\">\n\t\t\t\t\t\t\t<\/div>\n\t\t<\/div>\n\t\t\t\n\t\t\t\t<div class=\"movie-slide\">\n\t\t\t<div class=\"movie-poster\">\n\t\t\t\t<aside>\n\t\t\t\t\t<div>\n\t\t\t\t\t\t\t\t\t\t\t\t<a href=\"https:\/\/www.mundotiterefest.com.ar\/2021\/movies\/proyecto-de-montaje-escenico-multidisciplinario-mi-barrio-fantastico\/\" title=\"\u201dMi barrio fant\u00e1stico\u201d\" class=\"read-more\">\n\t\t\t\t\t\t\tLeer m\u00e1s\t\t\t\t\t\t<\/a>\n\t\t\t\t\t\t\t\t\t\t\t<\/div>\n\t\t\t\t<\/aside>\n\t\t\t\t<a href=\"https:\/\/www.mundotiterefest.com.ar\/2021\/movies\/proyecto-de-montaje-escenico-multidisciplinario-mi-barrio-fantastico\/\" title=\"\u201dMi barrio fant\u00e1stico\u201d\">\n\t\t\t\t\t<img src=\"https:\/\/www.mundotiterefest.com.ar\/2021\/wp-content\/uploads\/2021\/09\/mi-barrio-fantastico1-270x340.jpg\" alt=\"\u201dMi barrio fant\u00e1stico\u201d\" \/>\n\t\t\t\t<\/a>\n\t\t\t<\/div>\n\t\t\t<h4 class=\"no-underline\">\u201dMi barrio fant\u00e1stico\u201d<\/h4>\n\t\t\t<div class=\"star-rating\">\n\t\t\t\t\t\t\t<\/div>\n\t\t<\/div>\n\t\t\t\n\t\t\t\t<div class=\"movie-slide\">\n\t\t\t<div class=\"movie-poster\">\n\t\t\t\t<aside>\n\t\t\t\t\t<div>\n\t\t\t\t\t\t\t\t\t\t\t\t<a href=\"https:\/\/www.mundotiterefest.com.ar\/2021\/movies\/la-vaca-resaca-petaca-con-laca\/\" title=\"La Vaca Resaca Petaca con Laca\" class=\"read-more\">\n\t\t\t\t\t\t\tLeer m\u00e1s\t\t\t\t\t\t<\/a>\n\t\t\t\t\t\t\t\t\t\t\t<\/div>\n\t\t\t\t<\/aside>\n\t\t\t\t<a href=\"https:\/\/www.mundotiterefest.com.ar\/2021\/movies\/la-vaca-resaca-petaca-con-laca\/\" title=\"La Vaca Resaca Petaca con Laca\">\n\t\t\t\t\t<img src=\"https:\/\/www.mundotiterefest.com.ar\/2021\/wp-content\/uploads\/2021\/10\/VR-Pacha-con-Ham-1-270x340.jpeg\" alt=\"La Vaca Resaca Petaca con Laca\" \/>\n\t\t\t\t<\/a>\n\t\t\t<\/div>\n\t\t\t<h4 class=\"no-underline\">La Vaca Resaca Petaca con Laca<\/h4>\n\t\t\t<div class=\"star-rating\">\n\t\t\t\t\t\t\t<\/div>\n\t\t<\/div>\n\t\t\t\n\t\t\t\t<div class=\"movie-slide\">\n\t\t\t<div class=\"movie-poster\">\n\t\t\t\t<aside>\n\t\t\t\t\t<div>\n\t\t\t\t\t\t\t\t\t\t\t\t<a href=\"https:\/\/www.mundotiterefest.com.ar\/2021\/movies\/una-amistad-inesperada\/\" title=\"Una amistad inesperada\" class=\"read-more\">\n\t\t\t\t\t\t\tLeer m\u00e1s\t\t\t\t\t\t<\/a>\n\t\t\t\t\t\t\t\t\t\t\t<\/div>\n\t\t\t\t<\/aside>\n\t\t\t\t<a href=\"https:\/\/www.mundotiterefest.com.ar\/2021\/movies\/una-amistad-inesperada\/\" title=\"Una amistad inesperada\">\n\t\t\t\t\t<img src=\"https:\/\/www.mundotiterefest.com.ar\/2021\/wp-content\/uploads\/2021\/09\/una-amistad-270x340.jpeg\" alt=\"Una amistad inesperada\" \/>\n\t\t\t\t<\/a>\n\t\t\t<\/div>\n\t\t\t<h4 class=\"no-underline\">Una amistad inesperada<\/h4>\n\t\t\t<div class=\"star-rating\">\n\t\t\t\t\t\t\t<\/div>\n\t\t<\/div>\n\t\t\t\n\t\t\t\t<div class=\"movie-slide\">\n\t\t\t<div class=\"movie-poster\">\n\t\t\t\t<aside>\n\t\t\t\t\t<div>\n\t\t\t\t\t\t\t\t\t\t\t\t<a href=\"https:\/\/www.mundotiterefest.com.ar\/2021\/movies\/imaginaria\/\" title=\"Imaginaria\" class=\"read-more\">\n\t\t\t\t\t\t\tLeer m\u00e1s\t\t\t\t\t\t<\/a>\n\t\t\t\t\t\t\t\t\t\t\t<\/div>\n\t\t\t\t<\/aside>\n\t\t\t\t<a href=\"https:\/\/www.mundotiterefest.com.ar\/2021\/movies\/imaginaria\/\" title=\"Imaginaria\">\n\t\t\t\t\t<img src=\"https:\/\/www.mundotiterefest.com.ar\/2021\/wp-content\/uploads\/2021\/09\/IMG-20210503-WA0011-270x340.jpeg\" alt=\"Imaginaria\" \/>\n\t\t\t\t<\/a>\n\t\t\t<\/div>\n\t\t\t<h4 class=\"no-underline\">Imaginaria<\/h4>\n\t\t\t<div class=\"star-rating\">\n\t\t\t\t\t\t\t<\/div>\n\t\t<\/div>\n\t\t\t\n\t<\/div>\n\n<script>\n\tjQuery(document).ready(function($){\n\t\t\n\t\t$('#newIn').not('.slick-initialized').slick({\n\t\t\tautoplay: false,\n\t\t\tautoplaySpeed: 3000,\n\t\t\tslidesToShow: 4,\n\t\t\tcenterPadding: '60px',\n\t\t\tnextArrow: '<i class=\"fa fa-angle-right right\"><\/i>',\n\t\t\tprevArrow: '<i class=\"fa fa-angle-left left\"><\/i>',\n  \t\t\tresponsive: [\n\t\t\t    {\n\t\t\t      breakpoint: 991,\n\t\t\t      settings: {\n\t\t\t        slidesToShow: 3,\n\t\t\t        slidesToScroll: 1\n\t\t\t      }\n\t\t\t    },\n\t\t\t    {\n\t\t\t      breakpoint: 768,\n\t\t\t      settings: {\n\t\t\t        slidesToShow: 2,\n\t\t\t        slidesToScroll: 1\n\t\t\t      }\n\t\t\t    },\n\t\t\t    {\n\t\t\t      breakpoint: 480,\n\t\t\t      settings: {\n\t\t\t        slidesToShow: 2,\n\t\t\t        slidesToScroll: 1\n\t\t\t      }\n\t\t\t    }\n\t\t\t  ]\n\t\t});\n\n\t});\n<\/script><\/div>\n<\/div>\n\n\t<\/div>\n<\/section>\n\n","protected":false},"excerpt":{"rendered":"<p>Sinopsis Imaginaria Una &nbsp;Mujer una viajera&nbsp; del&nbsp; tiempo y su misi\u00f3n: reconstruir y transformar Ciudades No sin traer memorias de otros tiempos, de objetos, de sucesos Materiales como paisajes, realidad e ilusi\u00f3n, dimensi\u00f3n imaginaria Ciudad objeto Ciudad bicicleta Entrelazar historias, pasado y presente Acciones po\u00e9ticas en miniatura. Compa\u00f1\u00edaNatalia Gerardi (Argentina) Publico Apto para todo P\u00fablico [&hellip;]<\/p>\n","protected":false},"author":1,"featured_media":0,"parent":0,"menu_order":0,"comment_status":"closed","ping_status":"closed","template":"page-templates\/page-builder.php","meta":[],"_links":{"self":[{"href":"https:\/\/www.mundotiterefest.com.ar\/2021\/wp-json\/wp\/v2\/pages\/511"}],"collection":[{"href":"https:\/\/www.mundotiterefest.com.ar\/2021\/wp-json\/wp\/v2\/pages"}],"about":[{"href":"https:\/\/www.mundotiterefest.com.ar\/2021\/wp-json\/wp\/v2\/types\/page"}],"author":[{"embeddable":true,"href":"https:\/\/www.mundotiterefest.com.ar\/2021\/wp-json\/wp\/v2\/users\/1"}],"replies":[{"embeddable":true,"href":"https:\/\/www.mundotiterefest.com.ar\/2021\/wp-json\/wp\/v2\/comments?post=511"}],"version-history":[{"count":4,"href":"https:\/\/www.mundotiterefest.com.ar\/2021\/wp-json\/wp\/v2\/pages\/511\/revisions"}],"predecessor-version":[{"id":711,"href":"https:\/\/www.mundotiterefest.com.ar\/2021\/wp-json\/wp\/v2\/pages\/511\/revisions\/711"}],"wp:attachment":[{"href":"https:\/\/www.mundotiterefest.com.ar\/2021\/wp-json\/wp\/v2\/media?parent=511"}],"curies":[{"name":"wp","href":"https:\/\/api.w.org\/{rel}","templated":true}]}}