{"id":514,"date":"2021-10-07T18:34:44","date_gmt":"2021-10-07T18:34:44","guid":{"rendered":"http:\/\/www.mundotiterefest.com.ar\/2021\/?page_id=514"},"modified":"2021-11-05T14:20:37","modified_gmt":"2021-11-05T14:20:37","slug":"virtuales","status":"publish","type":"page","link":"https:\/\/www.mundotiterefest.com.ar\/2021\/virtuales\/","title":{"rendered":"Virtuales"},"content":{"rendered":"\n\n<section style=\" padding-top: 75px; padding-bottom: 75px; border-width: 0px 0px 0px 0px\" id=\"section_ee22be824f02f97da93c2b7d30d9728f\" class=\"fw-main-row \"  >\n\t<div class=\"fw-container\">\n\t\t<div class=\"fw-row\">\n\t\n<div style=\"padding: 0 15px 0 15px;\" class=\"fw-col-xs-12 \">\n\t\n\t<aside style=\"color: ; font-size: \">\n\t\t<p>Recorre toda la oferta del festival que pensamos para vos, desliz\u00e1ndote hacia la derecha.<\/p>\t<\/aside>\n<\/div>\n<\/div>\n\n<div class=\"fw-row\">\n\t\n<div style=\"padding: 0 15px 0 15px;\" class=\"fw-col-xs-12 \">\n\t\n<\/div>\n<\/div>\n\n<div class=\"fw-row\">\n\t\n<div style=\"padding: 0 15px 0 15px;\" class=\"fw-col-xs-12 \">\n\t\n<div class=\"slick-carousel\" id=\"newIn\">\n\t\t\t\t<div class=\"movie-slide\">\n\t\t\t<div class=\"movie-poster\">\n\t\t\t\t<aside>\n\t\t\t\t\t<div>\n\t\t\t\t\t\t\t\t\t\t\t\t\t<a href=\"https:\/\/youtu.be\/8vDIgBrgtSg\" data-vbtype=\"video\" class=\"venobox play\">\n\t\t\t\t\t\t\t\t<i class=\"fa fa-play\"><\/i>\n\t\t\t\t\t\t\t<\/a>\n\t\t\t\t\t\t\t\t\t\t\t\t<a href=\"https:\/\/www.mundotiterefest.com.ar\/2021\/movies\/proyecto-nube\/\" title=\"Proyecto Nubes\" class=\"read-more\">\n\t\t\t\t\t\t\tLeer m\u00e1s\t\t\t\t\t\t<\/a>\n\t\t\t\t\t\t\t\t\t\t\t<\/div>\n\t\t\t\t<\/aside>\n\t\t\t\t<a href=\"https:\/\/www.mundotiterefest.com.ar\/2021\/movies\/proyecto-nube\/\" title=\"Proyecto Nubes\">\n\t\t\t\t\t<img src=\"\/\/www.mundotiterefest.com.ar\/2021\/wp-content\/uploads\/2021\/09\/Flyer-Nubes-4-scaled.jpeg\" alt=\"Proyecto Nubes\" \/>\n\t\t\t\t<\/a>\n\t\t\t<\/div>\n\t\t\t<h4 class=\"no-underline\">Proyecto Nubes<\/h4>\n\t\t\t<div class=\"star-rating\">\n\t\t\t\t\t\t\t<\/div>\n\t\t<\/div>\n\t\t\t\n\t\t\t\t<div class=\"movie-slide\">\n\t\t\t<div class=\"movie-poster\">\n\t\t\t\t<aside>\n\t\t\t\t\t<div>\n\t\t\t\t\t\t\t\t\t\t\t\t\t<a href=\"https:\/\/www.youtube.com\/watch?v=lLWDAHefUPc\" data-vbtype=\"video\" class=\"venobox play\">\n\t\t\t\t\t\t\t\t<i class=\"fa fa-play\"><\/i>\n\t\t\t\t\t\t\t<\/a>\n\t\t\t\t\t\t\t\t\t\t\t\t<a href=\"https:\/\/www.mundotiterefest.com.ar\/2021\/movies\/imaginario\/\" title=\"Imagicario\" class=\"read-more\">\n\t\t\t\t\t\t\tLeer m\u00e1s\t\t\t\t\t\t<\/a>\n\t\t\t\t\t\t\t\t\t\t\t<\/div>\n\t\t\t\t<\/aside>\n\t\t\t\t<a href=\"https:\/\/www.mundotiterefest.com.ar\/2021\/movies\/imaginario\/\" title=\"Imagicario\">\n\t\t\t\t\t<img src=\"https:\/\/www.mundotiterefest.com.ar\/2021\/wp-content\/uploads\/2021\/10\/Imagicario-270x340.jpg\" alt=\"Imagicario\" \/>\n\t\t\t\t<\/a>\n\t\t\t<\/div>\n\t\t\t<h4 class=\"no-underline\">Imagicario<\/h4>\n\t\t\t<div class=\"star-rating\">\n\t\t\t\t\t\t\t<\/div>\n\t\t<\/div>\n\t\t\t\n\t\t\t\t<div class=\"movie-slide\">\n\t\t\t<div class=\"movie-poster\">\n\t\t\t\t<aside>\n\t\t\t\t\t<div>\n\t\t\t\t\t\t\t\t\t\t\t\t\t<a href=\"https:\/\/youtu.be\/Z_8ptNjwylA\" data-vbtype=\"video\" class=\"venobox play\">\n\t\t\t\t\t\t\t\t<i class=\"fa fa-play\"><\/i>\n\t\t\t\t\t\t\t<\/a>\n\t\t\t\t\t\t\t\t\t\t\t\t<a href=\"https:\/\/www.mundotiterefest.com.ar\/2021\/movies\/la-peor-senora-del-mundo\/\" title=\"La peor se\u00f1ora del mundo\" class=\"read-more\">\n\t\t\t\t\t\t\tLeer m\u00e1s\t\t\t\t\t\t<\/a>\n\t\t\t\t\t\t\t\t\t\t\t<\/div>\n\t\t\t\t<\/aside>\n\t\t\t\t<a href=\"https:\/\/www.mundotiterefest.com.ar\/2021\/movies\/la-peor-senora-del-mundo\/\" title=\"La peor se\u00f1ora del mundo\">\n\t\t\t\t\t<img src=\"https:\/\/www.mundotiterefest.com.ar\/2021\/wp-content\/uploads\/2021\/09\/La-peor-senora-del-mundo-4-Libelula-Dorada-270x340.jpeg\" alt=\"La peor se\u00f1ora del mundo\" \/>\n\t\t\t\t<\/a>\n\t\t\t<\/div>\n\t\t\t<h4 class=\"no-underline\">La peor se\u00f1ora del mundo<\/h4>\n\t\t\t<div class=\"star-rating\">\n\t\t\t\t\t\t\t<\/div>\n\t\t<\/div>\n\t\t\t\n\t\t\t\t<div class=\"movie-slide\">\n\t\t\t<div class=\"movie-poster\">\n\t\t\t\t<aside>\n\t\t\t\t\t<div>\n\t\t\t\t\t\t\t\t\t\t\t\t\t<a href=\"https:\/\/youtu.be\/Vnkp0mY9liA\" data-vbtype=\"video\" class=\"venobox play\">\n\t\t\t\t\t\t\t\t<i class=\"fa fa-play\"><\/i>\n\t\t\t\t\t\t\t<\/a>\n\t\t\t\t\t\t\t\t\t\t\t\t<a href=\"https:\/\/www.mundotiterefest.com.ar\/2021\/movies\/al-diablo-con-el-pan\/\" title=\"Poemas Visuales\" class=\"read-more\">\n\t\t\t\t\t\t\tLeer m\u00e1s\t\t\t\t\t\t<\/a>\n\t\t\t\t\t\t\t\t\t\t\t<\/div>\n\t\t\t\t<\/aside>\n\t\t\t\t<a href=\"https:\/\/www.mundotiterefest.com.ar\/2021\/movies\/al-diablo-con-el-pan\/\" title=\"Poemas Visuales\">\n\t\t\t\t\t<img src=\"https:\/\/www.mundotiterefest.com.ar\/2021\/wp-content\/uploads\/2021\/09\/poemasvisuales-chico-270x340.jpg\" alt=\"Poemas Visuales\" \/>\n\t\t\t\t<\/a>\n\t\t\t<\/div>\n\t\t\t<h4 class=\"no-underline\">Poemas Visuales<\/h4>\n\t\t\t<div class=\"star-rating\">\n\t\t\t\t\t\t\t<\/div>\n\t\t<\/div>\n\t\t\t\n\t\t\t\t<div class=\"movie-slide\">\n\t\t\t<div class=\"movie-poster\">\n\t\t\t\t<aside>\n\t\t\t\t\t<div>\n\t\t\t\t\t\t\t\t\t\t\t\t<a href=\"https:\/\/www.mundotiterefest.com.ar\/2021\/movies\/a-que-te-sabe-la-luna\/\" title=\"\u00bfA qu\u00e9 te sabe la Luna?\" class=\"read-more\">\n\t\t\t\t\t\t\tLeer m\u00e1s\t\t\t\t\t\t<\/a>\n\t\t\t\t\t\t\t\t\t\t\t<\/div>\n\t\t\t\t<\/aside>\n\t\t\t\t<a href=\"https:\/\/www.mundotiterefest.com.ar\/2021\/movies\/a-que-te-sabe-la-luna\/\" title=\"\u00bfA qu\u00e9 te sabe la Luna?\">\n\t\t\t\t\t<img src=\"https:\/\/www.mundotiterefest.com.ar\/2021\/wp-content\/uploads\/2021\/09\/A_QUE_TE_SABE_LA_LUNA2-270x340.jpeg\" alt=\"\u00bfA qu\u00e9 te sabe la Luna?\" \/>\n\t\t\t\t<\/a>\n\t\t\t<\/div>\n\t\t\t<h4 class=\"no-underline\">\u00bfA qu\u00e9 te sabe la Luna?<\/h4>\n\t\t\t<div class=\"star-rating\">\n\t\t\t\t\t\t\t<\/div>\n\t\t<\/div>\n\t\t\t\n\t\t\t\t<div class=\"movie-slide\">\n\t\t\t<div class=\"movie-poster\">\n\t\t\t\t<aside>\n\t\t\t\t\t<div>\n\t\t\t\t\t\t\t\t\t\t\t\t\t<a href=\"https:\/\/www.youtube.com\/watch?v=miZiYk7WDPY\" data-vbtype=\"video\" class=\"venobox play\">\n\t\t\t\t\t\t\t\t<i class=\"fa fa-play\"><\/i>\n\t\t\t\t\t\t\t<\/a>\n\t\t\t\t\t\t\t\t\t\t\t\t<a href=\"https:\/\/www.mundotiterefest.com.ar\/2021\/movies\/la-finca-del-abuelo\/\" title=\"La finca del abuelo\" class=\"read-more\">\n\t\t\t\t\t\t\tLeer m\u00e1s\t\t\t\t\t\t<\/a>\n\t\t\t\t\t\t\t\t\t\t\t<\/div>\n\t\t\t\t<\/aside>\n\t\t\t\t<a href=\"https:\/\/www.mundotiterefest.com.ar\/2021\/movies\/la-finca-del-abuelo\/\" title=\"La finca del abuelo\">\n\t\t\t\t\t<img src=\"https:\/\/www.mundotiterefest.com.ar\/2021\/wp-content\/uploads\/2021\/09\/finca3-270x340.jpeg\" alt=\"La finca del abuelo\" \/>\n\t\t\t\t<\/a>\n\t\t\t<\/div>\n\t\t\t<h4 class=\"no-underline\">La finca del abuelo<\/h4>\n\t\t\t<div class=\"star-rating\">\n\t\t\t\t\t\t\t<\/div>\n\t\t<\/div>\n\t\t\t\n\t\t\t\t<div class=\"movie-slide\">\n\t\t\t<div class=\"movie-poster\">\n\t\t\t\t<aside>\n\t\t\t\t\t<div>\n\t\t\t\t\t\t\t\t\t\t\t\t\t<a href=\"https:\/\/www.youtube.com\/watch?v=9K_Cq5NLsMI&#038;feature=youtu.be\" data-vbtype=\"video\" class=\"venobox play\">\n\t\t\t\t\t\t\t\t<i class=\"fa fa-play\"><\/i>\n\t\t\t\t\t\t\t<\/a>\n\t\t\t\t\t\t\t\t\t\t\t\t<a href=\"https:\/\/www.mundotiterefest.com.ar\/2021\/movies\/clownti\/\" title=\"Clownti\" class=\"read-more\">\n\t\t\t\t\t\t\tLeer m\u00e1s\t\t\t\t\t\t<\/a>\n\t\t\t\t\t\t\t\t\t\t\t<\/div>\n\t\t\t\t<\/aside>\n\t\t\t\t<a href=\"https:\/\/www.mundotiterefest.com.ar\/2021\/movies\/clownti\/\" title=\"Clownti\">\n\t\t\t\t\t<img src=\"https:\/\/www.mundotiterefest.com.ar\/2021\/wp-content\/uploads\/2021\/09\/clownti-270x340.jpeg\" alt=\"Clownti\" \/>\n\t\t\t\t<\/a>\n\t\t\t<\/div>\n\t\t\t<h4 class=\"no-underline\">Clownti<\/h4>\n\t\t\t<div class=\"star-rating\">\n\t\t\t\t\t\t\t<\/div>\n\t\t<\/div>\n\t\t\t\n\t\t\t\t<div class=\"movie-slide\">\n\t\t\t<div class=\"movie-poster\">\n\t\t\t\t<aside>\n\t\t\t\t\t<div>\n\t\t\t\t\t\t\t\t\t\t\t\t\t<a href=\"https:\/\/www.youtube.com\/watch?v=mpdi3TzLpCE\" data-vbtype=\"video\" class=\"venobox play\">\n\t\t\t\t\t\t\t\t<i class=\"fa fa-play\"><\/i>\n\t\t\t\t\t\t\t<\/a>\n\t\t\t\t\t\t\t\t\t\t\t\t<a href=\"https:\/\/www.mundotiterefest.com.ar\/2021\/movies\/tropiezo\/\" title=\"Tropiezo\" class=\"read-more\">\n\t\t\t\t\t\t\tLeer m\u00e1s\t\t\t\t\t\t<\/a>\n\t\t\t\t\t\t\t\t\t\t\t<\/div>\n\t\t\t\t<\/aside>\n\t\t\t\t<a href=\"https:\/\/www.mundotiterefest.com.ar\/2021\/movies\/tropiezo\/\" title=\"Tropiezo\">\n\t\t\t\t\t<img src=\"https:\/\/www.mundotiterefest.com.ar\/2021\/wp-content\/uploads\/2021\/09\/image-12-270x340.png\" alt=\"Tropiezo\" \/>\n\t\t\t\t<\/a>\n\t\t\t<\/div>\n\t\t\t<h4 class=\"no-underline\">Tropiezo<\/h4>\n\t\t\t<div class=\"star-rating\">\n\t\t\t\t\t\t\t<\/div>\n\t\t<\/div>\n\t\t\t\n\t\t\t\t<div class=\"movie-slide\">\n\t\t\t<div class=\"movie-poster\">\n\t\t\t\t<aside>\n\t\t\t\t\t<div>\n\t\t\t\t\t\t\t\t\t\t\t\t\t<a href=\"https:\/\/www.youtube.com\/watch?v=6BJsPWYhwxE\" data-vbtype=\"video\" class=\"venobox play\">\n\t\t\t\t\t\t\t\t<i class=\"fa fa-play\"><\/i>\n\t\t\t\t\t\t\t<\/a>\n\t\t\t\t\t\t\t\t\t\t\t\t<a href=\"https:\/\/www.mundotiterefest.com.ar\/2021\/movies\/y-si\/\" title=\"Y, si\u2026\" class=\"read-more\">\n\t\t\t\t\t\t\tLeer m\u00e1s\t\t\t\t\t\t<\/a>\n\t\t\t\t\t\t\t\t\t\t\t<\/div>\n\t\t\t\t<\/aside>\n\t\t\t\t<a href=\"https:\/\/www.mundotiterefest.com.ar\/2021\/movies\/y-si\/\" title=\"Y, si\u2026\">\n\t\t\t\t\t<img src=\"https:\/\/www.mundotiterefest.com.ar\/2021\/wp-content\/uploads\/2021\/09\/y-si--270x340.png\" alt=\"Y, si\u2026\" \/>\n\t\t\t\t<\/a>\n\t\t\t<\/div>\n\t\t\t<h4 class=\"no-underline\">Y, si\u2026<\/h4>\n\t\t\t<div class=\"star-rating\">\n\t\t\t\t\t\t\t<\/div>\n\t\t<\/div>\n\t\t\t\n\t\t\t\t<div class=\"movie-slide\">\n\t\t\t<div class=\"movie-poster\">\n\t\t\t\t<aside>\n\t\t\t\t\t<div>\n\t\t\t\t\t\t\t\t\t\t\t\t\t<a href=\"https:\/\/www.youtube.com\/watch?v=mv932lNVW_o&#038;t=22s\" data-vbtype=\"video\" class=\"venobox play\">\n\t\t\t\t\t\t\t\t<i class=\"fa fa-play\"><\/i>\n\t\t\t\t\t\t\t<\/a>\n\t\t\t\t\t\t\t\t\t\t\t\t<a href=\"https:\/\/www.mundotiterefest.com.ar\/2021\/movies\/el-pozo-de-los-mil-demonios\/\" title=\"El Pozo de los mil demonios\" class=\"read-more\">\n\t\t\t\t\t\t\tLeer m\u00e1s\t\t\t\t\t\t<\/a>\n\t\t\t\t\t\t\t\t\t\t\t<\/div>\n\t\t\t\t<\/aside>\n\t\t\t\t<a href=\"https:\/\/www.mundotiterefest.com.ar\/2021\/movies\/el-pozo-de-los-mil-demonios\/\" title=\"El Pozo de los mil demonios\">\n\t\t\t\t\t<img src=\"https:\/\/www.mundotiterefest.com.ar\/2021\/wp-content\/uploads\/2021\/09\/3-683x1024-1-270x340.jpeg\" alt=\"El Pozo de los mil demonios\" \/>\n\t\t\t\t<\/a>\n\t\t\t<\/div>\n\t\t\t<h4 class=\"no-underline\">El Pozo de los mil demonios<\/h4>\n\t\t\t<div class=\"star-rating\">\n\t\t\t\t\t\t\t<\/div>\n\t\t<\/div>\n\t\t\t\n\t\t\t\t<div class=\"movie-slide\">\n\t\t\t<div class=\"movie-poster\">\n\t\t\t\t<aside>\n\t\t\t\t\t<div>\n\t\t\t\t\t\t\t\t\t\t\t\t\t<a href=\"https:\/\/www.youtube.com\/watch?v=uNalt6NIOq0\" data-vbtype=\"video\" class=\"venobox play\">\n\t\t\t\t\t\t\t\t<i class=\"fa fa-play\"><\/i>\n\t\t\t\t\t\t\t<\/a>\n\t\t\t\t\t\t\t\t\t\t\t\t<a href=\"https:\/\/www.mundotiterefest.com.ar\/2021\/movies\/manos-arriba\/\" title=\"Manos Arriba!\" class=\"read-more\">\n\t\t\t\t\t\t\tLeer m\u00e1s\t\t\t\t\t\t<\/a>\n\t\t\t\t\t\t\t\t\t\t\t<\/div>\n\t\t\t\t<\/aside>\n\t\t\t\t<a href=\"https:\/\/www.mundotiterefest.com.ar\/2021\/movies\/manos-arriba\/\" title=\"Manos Arriba!\">\n\t\t\t\t\t<img src=\"https:\/\/www.mundotiterefest.com.ar\/2021\/wp-content\/uploads\/2021\/09\/manosarriba2-270x340.jpeg\" alt=\"Manos Arriba!\" \/>\n\t\t\t\t<\/a>\n\t\t\t<\/div>\n\t\t\t<h4 class=\"no-underline\">Manos Arriba!<\/h4>\n\t\t\t<div class=\"star-rating\">\n\t\t\t\t\t\t\t<\/div>\n\t\t<\/div>\n\t\t\t\n\t\t\t\t<div class=\"movie-slide\">\n\t\t\t<div class=\"movie-poster\">\n\t\t\t\t<aside>\n\t\t\t\t\t<div>\n\t\t\t\t\t\t\t\t\t\t\t\t\t<a href=\"https:\/\/www.youtube.com\/watch?v=Wsn0hiZSjOg&#038;feature=youtu.be\" data-vbtype=\"video\" class=\"venobox play\">\n\t\t\t\t\t\t\t\t<i class=\"fa fa-play\"><\/i>\n\t\t\t\t\t\t\t<\/a>\n\t\t\t\t\t\t\t\t\t\t\t\t<a href=\"https:\/\/www.mundotiterefest.com.ar\/2021\/movies\/marionetas-de-agua\/\" title=\"Marionetas de Agua\" class=\"read-more\">\n\t\t\t\t\t\t\tLeer m\u00e1s\t\t\t\t\t\t<\/a>\n\t\t\t\t\t\t\t\t\t\t\t<\/div>\n\t\t\t\t<\/aside>\n\t\t\t\t<a href=\"https:\/\/www.mundotiterefest.com.ar\/2021\/movies\/marionetas-de-agua\/\" title=\"Marionetas de Agua\">\n\t\t\t\t\t<img src=\"https:\/\/www.mundotiterefest.com.ar\/2021\/wp-content\/uploads\/2021\/09\/Marionetas-de-Agua-270x340.png\" alt=\"Marionetas de Agua\" \/>\n\t\t\t\t<\/a>\n\t\t\t<\/div>\n\t\t\t<h4 class=\"no-underline\">Marionetas de Agua<\/h4>\n\t\t\t<div class=\"star-rating\">\n\t\t\t\t\t\t\t<\/div>\n\t\t<\/div>\n\t\t\t\n\t<\/div>\n\n<script>\n\tjQuery(document).ready(function($){\n\t\t\n\t\t$('#newIn').not('.slick-initialized').slick({\n\t\t\tautoplay: false,\n\t\t\tautoplaySpeed: 3000,\n\t\t\tslidesToShow: 4,\n\t\t\tcenterPadding: '60px',\n\t\t\tnextArrow: '<i class=\"fa fa-angle-right right\"><\/i>',\n\t\t\tprevArrow: '<i class=\"fa fa-angle-left left\"><\/i>',\n  \t\t\tresponsive: [\n\t\t\t    {\n\t\t\t      breakpoint: 991,\n\t\t\t      settings: {\n\t\t\t        slidesToShow: 3,\n\t\t\t        slidesToScroll: 1\n\t\t\t      }\n\t\t\t    },\n\t\t\t    {\n\t\t\t      breakpoint: 768,\n\t\t\t      settings: {\n\t\t\t        slidesToShow: 2,\n\t\t\t        slidesToScroll: 1\n\t\t\t      }\n\t\t\t    },\n\t\t\t    {\n\t\t\t      breakpoint: 480,\n\t\t\t      settings: {\n\t\t\t        slidesToShow: 2,\n\t\t\t        slidesToScroll: 1\n\t\t\t      }\n\t\t\t    }\n\t\t\t  ]\n\t\t});\n\n\t});\n<\/script><\/div>\n<\/div>\n\n\t<\/div>\n<\/section>\n\n","protected":false},"excerpt":{"rendered":"<p>Sinopsis Marionetas de Agua \u2013 VIETNAM Las marionetas de agua son un arte esc\u00e9nico tradicional en la civilizaci\u00f3n del delta vietnamita. Anualmente, en ocasiones especiales como el A\u00f1o Nuevo Lunar o el Festival de mediados de oto\u00f1o, la gente y los ni\u00f1os se re\u00fanen alrededor del \u00e1rea de preparaci\u00f3n donde los t\u00edteres comienzan a contar [&hellip;]<\/p>\n","protected":false},"author":1,"featured_media":0,"parent":0,"menu_order":0,"comment_status":"closed","ping_status":"closed","template":"page-templates\/page-builder.php","meta":[],"_links":{"self":[{"href":"https:\/\/www.mundotiterefest.com.ar\/2021\/wp-json\/wp\/v2\/pages\/514"}],"collection":[{"href":"https:\/\/www.mundotiterefest.com.ar\/2021\/wp-json\/wp\/v2\/pages"}],"about":[{"href":"https:\/\/www.mundotiterefest.com.ar\/2021\/wp-json\/wp\/v2\/types\/page"}],"author":[{"embeddable":true,"href":"https:\/\/www.mundotiterefest.com.ar\/2021\/wp-json\/wp\/v2\/users\/1"}],"replies":[{"embeddable":true,"href":"https:\/\/www.mundotiterefest.com.ar\/2021\/wp-json\/wp\/v2\/comments?post=514"}],"version-history":[{"count":3,"href":"https:\/\/www.mundotiterefest.com.ar\/2021\/wp-json\/wp\/v2\/pages\/514\/revisions"}],"predecessor-version":[{"id":710,"href":"https:\/\/www.mundotiterefest.com.ar\/2021\/wp-json\/wp\/v2\/pages\/514\/revisions\/710"}],"wp:attachment":[{"href":"https:\/\/www.mundotiterefest.com.ar\/2021\/wp-json\/wp\/v2\/media?parent=514"}],"curies":[{"name":"wp","href":"https:\/\/api.w.org\/{rel}","templated":true}]}}