{"id":593,"date":"2021-10-13T17:34:24","date_gmt":"2021-10-13T17:34:24","guid":{"rendered":"http:\/\/www.mundotiterefest.com.ar\/2021\/?page_id=593"},"modified":"2021-10-26T00:45:49","modified_gmt":"2021-10-26T00:45:49","slug":"como-contribuir","status":"publish","type":"page","link":"https:\/\/www.mundotiterefest.com.ar\/2021\/como-contribuir\/","title":{"rendered":"Como contribuir"},"content":{"rendered":"<p>\n\n<section style=\" padding-top: 75px; padding-bottom: 75px; border-width: 0px 0px 0px 0px\" id=\"section_5fb69d6673a300ed91f08ac3ad50e793\" class=\"fw-main-row \"  >\n\t<div class=\"fw-container\">\n\t\t<div class=\"fw-row\">\n\t\n<div style=\"padding: 0 15px 0 15px;\" class=\"fw-col-xs-12 \">\n\t<header>\n<h2 class=\"left \" style=\"color: #ec7532\">\n\t<\/h2>\n<\/header><\/div>\n<\/div>\n\n<div class=\"fw-row\">\n\t\n<div style=\"padding: 0 15px 0 15px;\" class=\"fw-col-xs-12 \">\n\t\n\t<aside style=\"color: ; font-size: \">\n\t\t<p><em>Aportes<\/em><\/p><p>Hace click en el bono que corresponda para hacer tu aporte:<\/p><ul><li><a href=\"https:\/\/mpago.la\/1P4jobr\">Bono $500 -<\/a><\/li><li><a href=\"https:\/\/mpago.la\/252D6ma\">Bono $1.000 -<\/a><\/li><li><a href=\"https:\/\/mpago.la\/2F7uQUn\">Bono $1.500-<\/a><\/li><li><a href=\"https:\/\/mpago.la\/1ELkkeu\">Bono $2.000 -<\/a><\/li><li><a href=\"https:\/\/mpago.la\/2YJh3AM\">Bono $2.500 -<\/a><\/li><\/ul>\t<\/aside>\n<\/div>\n<\/div>\n\n<div class=\"fw-row\">\n\t\n<div style=\"padding: 0 15px 0 15px;\" class=\"fw-col-xs-12 \">\n\t\n\t<aside style=\"color: ; font-size: \">\n\t\t<p>El Festival Internacional Mundo T\u00edtere Fest es uno de los festivales de t\u00edteres y teatro de objetos autogestivos m\u00e1s importantes del pa\u00eds, con participaci\u00f3n de espect\u00e1culos de los cinco continentes, y una programaci\u00f3n pensada para invadir de magia la ciudad \u00a1Y sucede en tu barrio, en tu distrito, en tu provincia, muy cerca de tu casa!<\/p><p>Durante 4 d\u00edas vas a poder disfrutar de manera absolutamente gratuita de una grilla de m\u00e1s de cuarenta espect\u00e1culos, virtuales y presenciales, pero para hacerlo necesitamos tu ayuda\u2026 Cliqueando en cualquiera de los siguientes LINKS podes hacer tu colaboraci\u00f3n de 500, 1000, 1500, 2000 o 2500 pesos. Con tu aporte vas a recibir una sorpresa especial y nos vas a ayudar a llevar adelante esta verdadera fiesta de la imaginaci\u00f3n\u2026!<\/p><p>Una vez que abones m\u00e1ndanos un mail a info@omaralvareztiteres.com.ar o ponente en contacto con nosotros para que podamos acercarte tu regalo sorpresa .<\/p><p>\u00a1\u00a1\u00a1Gracias!!!<\/p>\t<\/aside>\n<\/div>\n<\/div>\n\n\t<\/div>\n<\/section>\n\n\n<section style=\" padding-top: 75px; padding-bottom: 75px; border-width: 0px 0px 0px 0px\" id=\"section_cb406e1bc5a4bd93ff5723bc289cd918\" class=\"fw-main-row \"  >\n\t<div class=\"fw-container\">\n\t\t<div class=\"fw-row\">\n\t\n<div style=\"padding: 0 15px 0 15px;\" class=\"fw-col-xs-12 \">\n\t<img src=\"https:\/\/www.mundotiterefest.com.ar\/2021\/wp-content\/uploads\/2021\/09\/mano-boton-2-300x200.jpg\" alt=\"https:\/\/www.mundotiterefest.com.ar\/2021\/wp-content\/uploads\/2021\/09\/mano-boton-2-300x200.jpg\" width=\"300\" height=\"200\" \/><\/div>\n<\/div>\n\n\t<\/div>\n<\/section>\n<\/p>\n","protected":false},"excerpt":{"rendered":"<p>AportesHace click en el bono que corresponda para hacer tu aporte:Bono $500 -Bono $1.000 -Bono $1.500-Bono $2.000 -Bono $2.500 &#8211; El Festival Internacional Mundo T\u00edtere Fest es uno de los festivales de t\u00edteres y teatro de objetos autogestivos m\u00e1s importantes del pa\u00eds, con participaci\u00f3n de espect\u00e1culos de los cinco continentes, y una programaci\u00f3n pensada para [&hellip;]<\/p>\n","protected":false},"author":1,"featured_media":0,"parent":0,"menu_order":0,"comment_status":"closed","ping_status":"closed","template":"","meta":[],"_links":{"self":[{"href":"https:\/\/www.mundotiterefest.com.ar\/2021\/wp-json\/wp\/v2\/pages\/593"}],"collection":[{"href":"https:\/\/www.mundotiterefest.com.ar\/2021\/wp-json\/wp\/v2\/pages"}],"about":[{"href":"https:\/\/www.mundotiterefest.com.ar\/2021\/wp-json\/wp\/v2\/types\/page"}],"author":[{"embeddable":true,"href":"https:\/\/www.mundotiterefest.com.ar\/2021\/wp-json\/wp\/v2\/users\/1"}],"replies":[{"embeddable":true,"href":"https:\/\/www.mundotiterefest.com.ar\/2021\/wp-json\/wp\/v2\/comments?post=593"}],"version-history":[{"count":11,"href":"https:\/\/www.mundotiterefest.com.ar\/2021\/wp-json\/wp\/v2\/pages\/593\/revisions"}],"predecessor-version":[{"id":698,"href":"https:\/\/www.mundotiterefest.com.ar\/2021\/wp-json\/wp\/v2\/pages\/593\/revisions\/698"}],"wp:attachment":[{"href":"https:\/\/www.mundotiterefest.com.ar\/2021\/wp-json\/wp\/v2\/media?parent=593"}],"curies":[{"name":"wp","href":"https:\/\/api.w.org\/{rel}","templated":true}]}}