{"id":1232,"date":"2025-07-15T00:20:50","date_gmt":"2025-07-15T00:20:50","guid":{"rendered":"https:\/\/www.mundotiterefest.com.ar\/2025\/?page_id=1232"},"modified":"2025-09-13T01:07:40","modified_gmt":"2025-09-13T01:07:40","slug":"teatro-internacional","status":"publish","type":"page","link":"https:\/\/www.mundotiterefest.com.ar\/2025\/teatro-internacional\/","title":{"rendered":"Teatro Internacional"},"content":{"rendered":"\n\n<section style=\" padding-top: 75px; padding-bottom: 75px; border-width: 0px 0px 0px 0px\" id=\"section_56eee8b881f0c04559c907761f018dfa\" class=\"fw-main-row \"  >\n\t<div class=\"fw-container\">\n\t\t<div class=\"fw-row\">\n\t\n<div style=\"padding: 0 15px 0 15px;\" class=\"fw-col-xs-12 \">\n\t<header>\n<h2 class=\"left \" style=\"color: #ec7532\">\n\t\t\tProgramaci\u00f3n Internacional\t<\/h2>\n<\/header>\n\n<div class=\"slick-carousel\" id=\"newIn\">\n\t\t\t\t<div class=\"movie-slide\">\n\t\t\t<div class=\"movie-poster\">\n\t\t\t\t<aside>\n\t\t\t\t\t<div>\n\t\t\t\t\t\t\t\t\t\t\t\t<a href=\"https:\/\/www.mundotiterefest.com.ar\/2025\/movies\/point\/\" title=\"Point\" class=\"read-more\">\n\t\t\t\t\t\t\tVer m\u00e1s\t\t\t\t\t\t<\/a>\n\t\t\t\t\t\t\t\t\t\t\t<\/div>\n\t\t\t\t<\/aside>\n\t\t\t\t<a href=\"https:\/\/www.mundotiterefest.com.ar\/2025\/movies\/point\/\" title=\"Point\">\n\t\t\t\t\t<img src=\"https:\/\/www.mundotiterefest.com.ar\/2025\/wp-content\/uploads\/2025\/07\/point-270x340.jpg\" alt=\"Point\" \/>\n\t\t\t\t<\/a>\n\t\t\t<\/div>\n\t\t\t<h4 class=\"no-underline\">Point<\/h4>\n\t\t\t<div class=\"star-rating\">\n\t\t\t\t\t\t\t<\/div>\n\t\t<\/div>\n\t\t\t\n\t\t\t\t<div class=\"movie-slide\">\n\t\t\t<div class=\"movie-poster\">\n\t\t\t\t<aside>\n\t\t\t\t\t<div>\n\t\t\t\t\t\t\t\t\t\t\t\t<a href=\"https:\/\/www.mundotiterefest.com.ar\/2025\/movies\/trapos\/\" title=\"Trapos (Tres ancianos y un perro vs la muerte)\" class=\"read-more\">\n\t\t\t\t\t\t\tVer m\u00e1s\t\t\t\t\t\t<\/a>\n\t\t\t\t\t\t\t\t\t\t\t<\/div>\n\t\t\t\t<\/aside>\n\t\t\t\t<a href=\"https:\/\/www.mundotiterefest.com.ar\/2025\/movies\/trapos\/\" title=\"Trapos (Tres ancianos y un perro vs la muerte)\">\n\t\t\t\t\t<img src=\"https:\/\/www.mundotiterefest.com.ar\/2025\/wp-content\/uploads\/2025\/07\/trapso2-270x340.png\" alt=\"Trapos (Tres ancianos y un perro vs la muerte)\" \/>\n\t\t\t\t<\/a>\n\t\t\t<\/div>\n\t\t\t<h4 class=\"no-underline\">Trapos (Tres ancianos y un perro vs la muerte)<\/h4>\n\t\t\t<div class=\"star-rating\">\n\t\t\t\t\t\t\t<\/div>\n\t\t<\/div>\n\t\t\t\n\t\t\t\t<div class=\"movie-slide\">\n\t\t\t<div class=\"movie-poster\">\n\t\t\t\t<aside>\n\t\t\t\t\t<div>\n\t\t\t\t\t\t\t\t\t\t\t\t<a href=\"https:\/\/www.mundotiterefest.com.ar\/2025\/movies\/desde-el-azul\/\" title=\"Desde el azul\" class=\"read-more\">\n\t\t\t\t\t\t\tVer m\u00e1s\t\t\t\t\t\t<\/a>\n\t\t\t\t\t\t\t\t\t\t\t<\/div>\n\t\t\t\t<\/aside>\n\t\t\t\t<a href=\"https:\/\/www.mundotiterefest.com.ar\/2025\/movies\/desde-el-azul\/\" title=\"Desde el azul\">\n\t\t\t\t\t<img src=\"https:\/\/www.mundotiterefest.com.ar\/2025\/wp-content\/uploads\/2025\/07\/1000091294-270x340.jpg\" alt=\"Desde el azul\" \/>\n\t\t\t\t<\/a>\n\t\t\t<\/div>\n\t\t\t<h4 class=\"no-underline\">Desde el azul<\/h4>\n\t\t\t<div class=\"star-rating\">\n\t\t\t\t\t\t\t<\/div>\n\t\t<\/div>\n\t\t\t\n\t\t\t\t<div class=\"movie-slide\">\n\t\t\t<div class=\"movie-poster\">\n\t\t\t\t<aside>\n\t\t\t\t\t<div>\n\t\t\t\t\t\t\t\t\t\t\t\t<a href=\"https:\/\/www.mundotiterefest.com.ar\/2025\/movies\/la-vida-secreta-paniales\/\" title=\"La vida secreta de los pa\u00f1ales\" class=\"read-more\">\n\t\t\t\t\t\t\tVer m\u00e1s\t\t\t\t\t\t<\/a>\n\t\t\t\t\t\t\t\t\t\t\t<\/div>\n\t\t\t\t<\/aside>\n\t\t\t\t<a href=\"https:\/\/www.mundotiterefest.com.ar\/2025\/movies\/la-vida-secreta-paniales\/\" title=\"La vida secreta de los pa\u00f1ales\">\n\t\t\t\t\t<img src=\"https:\/\/www.mundotiterefest.com.ar\/2025\/wp-content\/uploads\/2025\/07\/image002-270x340.jpg\" alt=\"La vida secreta de los pa\u00f1ales\" \/>\n\t\t\t\t<\/a>\n\t\t\t<\/div>\n\t\t\t<h4 class=\"no-underline\">La vida secreta de los pa\u00f1ales<\/h4>\n\t\t\t<div class=\"star-rating\">\n\t\t\t\t\t\t\t<\/div>\n\t\t<\/div>\n\t\t\t\n\t\t\t\t<div class=\"movie-slide\">\n\t\t\t<div class=\"movie-poster\">\n\t\t\t\t<aside>\n\t\t\t\t\t<div>\n\t\t\t\t\t\t\t\t\t\t\t\t<a href=\"https:\/\/www.mundotiterefest.com.ar\/2025\/movies\/ratos-el-tejido-del-tiempo\/\" title=\"Rat\u00f3s, el tejido del tiempo\" class=\"read-more\">\n\t\t\t\t\t\t\tVer m\u00e1s\t\t\t\t\t\t<\/a>\n\t\t\t\t\t\t\t\t\t\t\t<\/div>\n\t\t\t\t<\/aside>\n\t\t\t\t<a href=\"https:\/\/www.mundotiterefest.com.ar\/2025\/movies\/ratos-el-tejido-del-tiempo\/\" title=\"Rat\u00f3s, el tejido del tiempo\">\n\t\t\t\t\t<img src=\"https:\/\/www.mundotiterefest.com.ar\/2025\/wp-content\/uploads\/2025\/07\/ratos3-270x340.png\" alt=\"Rat\u00f3s, el tejido del tiempo\" \/>\n\t\t\t\t<\/a>\n\t\t\t<\/div>\n\t\t\t<h4 class=\"no-underline\">Rat\u00f3s, el tejido del tiempo<\/h4>\n\t\t\t<div class=\"star-rating\">\n\t\t\t\t\t\t\t<\/div>\n\t\t<\/div>\n\t\t\t\n\t\t\t\t<div class=\"movie-slide\">\n\t\t\t<div class=\"movie-poster\">\n\t\t\t\t<aside>\n\t\t\t\t\t<div>\n\t\t\t\t\t\t\t\t\t\t\t\t<a href=\"https:\/\/www.mundotiterefest.com.ar\/2025\/movies\/don-quijote-historias-andantes\/\" title=\"DON QUIJOTE, historias andantes\" class=\"read-more\">\n\t\t\t\t\t\t\tVer m\u00e1s\t\t\t\t\t\t<\/a>\n\t\t\t\t\t\t\t\t\t\t\t<\/div>\n\t\t\t\t<\/aside>\n\t\t\t\t<a href=\"https:\/\/www.mundotiterefest.com.ar\/2025\/movies\/don-quijote-historias-andantes\/\" title=\"DON QUIJOTE, historias andantes\">\n\t\t\t\t\t<img src=\"https:\/\/www.mundotiterefest.com.ar\/2025\/wp-content\/uploads\/2025\/07\/Don-Quijote2-270x340.jpg\" alt=\"DON QUIJOTE, historias andantes\" \/>\n\t\t\t\t<\/a>\n\t\t\t<\/div>\n\t\t\t<h4 class=\"no-underline\">DON QUIJOTE, historias andantes<\/h4>\n\t\t\t<div class=\"star-rating\">\n\t\t\t\t\t\t\t<\/div>\n\t\t<\/div>\n\t\t\t\n\t\t\t\t<div class=\"movie-slide\">\n\t\t\t<div class=\"movie-poster\">\n\t\t\t\t<aside>\n\t\t\t\t\t<div>\n\t\t\t\t\t\t\t\t\t\t\t\t<a href=\"https:\/\/www.mundotiterefest.com.ar\/2025\/movies\/ya-se-armo-la-titerelia\/\" title=\"Ya se arm\u00f3 la Titerelia\" class=\"read-more\">\n\t\t\t\t\t\t\tVer m\u00e1s\t\t\t\t\t\t<\/a>\n\t\t\t\t\t\t\t\t\t\t\t<\/div>\n\t\t\t\t<\/aside>\n\t\t\t\t<a href=\"https:\/\/www.mundotiterefest.com.ar\/2025\/movies\/ya-se-armo-la-titerelia\/\" title=\"Ya se arm\u00f3 la Titerelia\">\n\t\t\t\t\t<img src=\"https:\/\/www.mundotiterefest.com.ar\/2025\/wp-content\/uploads\/2025\/08\/titiritela-270x340.jpg\" alt=\"Ya se arm\u00f3 la Titerelia\" \/>\n\t\t\t\t<\/a>\n\t\t\t<\/div>\n\t\t\t<h4 class=\"no-underline\">Ya se arm\u00f3 la Titerelia<\/h4>\n\t\t\t<div class=\"star-rating\">\n\t\t\t\t\t\t\t<\/div>\n\t\t<\/div>\n\t\t\t\n\t\t\t\t<div class=\"movie-slide\">\n\t\t\t<div class=\"movie-poster\">\n\t\t\t\t<aside>\n\t\t\t\t\t<div>\n\t\t\t\t\t\t\t\t\t\t\t\t<a href=\"https:\/\/www.mundotiterefest.com.ar\/2025\/movies\/cortometrajes-titiriteros-de-asia-africa-y-america-2\/\" title=\"Cortometrajes Titiriteros de Asia, \u00c1frica y Am\u00e9rica\" class=\"read-more\">\n\t\t\t\t\t\t\tVer m\u00e1s\t\t\t\t\t\t<\/a>\n\t\t\t\t\t\t\t\t\t\t\t<\/div>\n\t\t\t\t<\/aside>\n\t\t\t\t<a href=\"https:\/\/www.mundotiterefest.com.ar\/2025\/movies\/cortometrajes-titiriteros-de-asia-africa-y-america-2\/\" title=\"Cortometrajes Titiriteros de Asia, \u00c1frica y Am\u00e9rica\">\n\t\t\t\t\t<img src=\"https:\/\/www.mundotiterefest.com.ar\/2025\/wp-content\/uploads\/2025\/08\/maxresdefault-1-270x340.jpg\" alt=\"Cortometrajes Titiriteros de Asia, \u00c1frica y Am\u00e9rica\" \/>\n\t\t\t\t<\/a>\n\t\t\t<\/div>\n\t\t\t<h4 class=\"no-underline\">Cortometrajes Titiriteros de Asia, \u00c1frica y Am\u00e9rica<\/h4>\n\t\t\t<div class=\"star-rating\">\n\t\t\t\t\t\t\t<\/div>\n\t\t<\/div>\n\t\t\t\n\t<\/div>\n\n<script>\n\tjQuery(document).ready(function($){\n\t\t\n\t\t$('#newIn').not('.slick-initialized').slick({\n\t\t\tautoplay: false,\n\t\t\tautoplaySpeed: 3000,\n\t\t\tslidesToShow: 4,\n\t\t\tcenterPadding: '60px',\n\t\t\tnextArrow: '<i class=\"fa fa-angle-right right\"><\/i>',\n\t\t\tprevArrow: '<i class=\"fa fa-angle-left left\"><\/i>',\n  \t\t\tresponsive: [\n\t\t\t    {\n\t\t\t      breakpoint: 991,\n\t\t\t      settings: {\n\t\t\t        slidesToShow: 4,\n\t\t\t        slidesToScroll: 1\n\t\t\t      }\n\t\t\t    },\n\t\t\t    {\n\t\t\t      breakpoint: 768,\n\t\t\t      settings: {\n\t\t\t        slidesToShow: 3,\n\t\t\t        slidesToScroll: 1\n\t\t\t      }\n\t\t\t    },\n\t\t\t    {\n\t\t\t      breakpoint: 480,\n\t\t\t      settings: {\n\t\t\t        slidesToShow: 2,\n\t\t\t        slidesToScroll: 1\n\t\t\t      }\n\t\t\t    }\n\t\t\t  ]\n\t\t});\n\n\t});\n<\/script><\/div>\n<\/div>\n\n\t<\/div>\n<\/section>\n\n","protected":false},"excerpt":{"rendered":"<p>Sinopsis Cortometrajes Titiriteros de Asia, \u00c1frica y Am\u00e9rica Impulsado por\u00a0MUNDO T\u00cdTERE FEST\u00a0se lanza este Proyecto de Intercambio solidario y gratuito de contenidos art\u00edsticos audiovisuales (cortometrajes y documentales de t\u00edtulos) entre festivales de t\u00edtulos de Asia, \u00c1frica y Latinoam\u00e9rica, presenta las creaciones de nuestros artistas en el mundo, y nos acerca expresiones de culturas lejanas como [&hellip;]<\/p>\n","protected":false},"author":1,"featured_media":0,"parent":0,"menu_order":0,"comment_status":"closed","ping_status":"closed","template":"page-templates\/page-builder.php","meta":[],"_links":{"self":[{"href":"https:\/\/www.mundotiterefest.com.ar\/2025\/wp-json\/wp\/v2\/pages\/1232"}],"collection":[{"href":"https:\/\/www.mundotiterefest.com.ar\/2025\/wp-json\/wp\/v2\/pages"}],"about":[{"href":"https:\/\/www.mundotiterefest.com.ar\/2025\/wp-json\/wp\/v2\/types\/page"}],"author":[{"embeddable":true,"href":"https:\/\/www.mundotiterefest.com.ar\/2025\/wp-json\/wp\/v2\/users\/1"}],"replies":[{"embeddable":true,"href":"https:\/\/www.mundotiterefest.com.ar\/2025\/wp-json\/wp\/v2\/comments?post=1232"}],"version-history":[{"count":6,"href":"https:\/\/www.mundotiterefest.com.ar\/2025\/wp-json\/wp\/v2\/pages\/1232\/revisions"}],"predecessor-version":[{"id":1572,"href":"https:\/\/www.mundotiterefest.com.ar\/2025\/wp-json\/wp\/v2\/pages\/1232\/revisions\/1572"}],"wp:attachment":[{"href":"https:\/\/www.mundotiterefest.com.ar\/2025\/wp-json\/wp\/v2\/media?parent=1232"}],"curies":[{"name":"wp","href":"https:\/\/api.w.org\/{rel}","templated":true}]}}