{"id":1258,"date":"2025-07-28T01:39:07","date_gmt":"2025-07-28T01:39:07","guid":{"rendered":"http:\/\/www.mundotiterefest.com.ar\/2025\/?page_id=1258"},"modified":"2025-09-13T00:24:22","modified_gmt":"2025-09-13T00:24:22","slug":"teatro-nacional","status":"publish","type":"page","link":"https:\/\/www.mundotiterefest.com.ar\/2025\/teatro-nacional\/","title":{"rendered":"Teatro Nacional"},"content":{"rendered":"\n\n<section style=\" padding-top: 75px; padding-bottom: 75px; border-width: 0px 0px 0px 0px\" id=\"section_8b382b4543d78a4eb10500102c4b6bc5\" class=\"fw-main-row \"  >\n\t<div class=\"fw-container\">\n\t\t<div class=\"fw-row\">\n\t\n<div style=\"padding: 0 15px 0 15px;\" class=\"fw-col-xs-12 \">\n\t<header>\n<h2 class=\"left \" style=\"color: #ec7532\">\n\t\t\tProgramaci\u00f3n Teatro Nacional\t<\/h2>\n<\/header>\n\n<div class=\"slick-carousel\" id=\"newIn\">\n\t\t\t\t<div class=\"movie-slide\">\n\t\t\t<div class=\"movie-poster\">\n\t\t\t\t<aside>\n\t\t\t\t\t<div>\n\t\t\t\t\t\t\t\t\t\t\t\t<a href=\"https:\/\/www.mundotiterefest.com.ar\/2025\/movies\/karun\/\" title=\"Kar\u00fcn, Ser Naturaleza\" class=\"read-more\">\n\t\t\t\t\t\t\tVer m\u00e1s\t\t\t\t\t\t<\/a>\n\t\t\t\t\t\t\t\t\t\t\t<\/div>\n\t\t\t\t<\/aside>\n\t\t\t\t<a href=\"https:\/\/www.mundotiterefest.com.ar\/2025\/movies\/karun\/\" title=\"Kar\u00fcn, Ser Naturaleza\">\n\t\t\t\t\t<img src=\"https:\/\/www.mundotiterefest.com.ar\/2025\/wp-content\/uploads\/2025\/07\/image013-270x340.jpg\" alt=\"Kar\u00fcn, Ser Naturaleza\" \/>\n\t\t\t\t<\/a>\n\t\t\t<\/div>\n\t\t\t<h4 class=\"no-underline\">Kar\u00fcn, Ser Naturaleza<\/h4>\n\t\t\t<div class=\"star-rating\">\n\t\t\t\t\t\t\t<\/div>\n\t\t<\/div>\n\t\t\t\n\t\t\t\t<div class=\"movie-slide\">\n\t\t\t<div class=\"movie-poster\">\n\t\t\t\t<aside>\n\t\t\t\t\t<div>\n\t\t\t\t\t\t\t\t\t\t\t\t<a href=\"https:\/\/www.mundotiterefest.com.ar\/2025\/movies\/bordondongo\/\" title=\"\u00bfD\u00f3nde est\u00e1 Borondongo?\" class=\"read-more\">\n\t\t\t\t\t\t\tVer m\u00e1s\t\t\t\t\t\t<\/a>\n\t\t\t\t\t\t\t\t\t\t\t<\/div>\n\t\t\t\t<\/aside>\n\t\t\t\t<a href=\"https:\/\/www.mundotiterefest.com.ar\/2025\/movies\/bordondongo\/\" title=\"\u00bfD\u00f3nde est\u00e1 Borondongo?\">\n\t\t\t\t\t<img src=\"https:\/\/www.mundotiterefest.com.ar\/2025\/wp-content\/uploads\/2025\/07\/Abuela1-270x340.jpg\" alt=\"\u00bfD\u00f3nde est\u00e1 Borondongo?\" \/>\n\t\t\t\t<\/a>\n\t\t\t<\/div>\n\t\t\t<h4 class=\"no-underline\">\u00bfD\u00f3nde est\u00e1 Borondongo?<\/h4>\n\t\t\t<div class=\"star-rating\">\n\t\t\t\t\t\t\t<\/div>\n\t\t<\/div>\n\t\t\t\n\t\t\t\t<div class=\"movie-slide\">\n\t\t\t<div class=\"movie-poster\">\n\t\t\t\t<aside>\n\t\t\t\t\t<div>\n\t\t\t\t\t\t\t\t\t\t\t\t<a href=\"https:\/\/www.mundotiterefest.com.ar\/2025\/movies\/ludoctenia\/\" title=\"Ludotecnia\" class=\"read-more\">\n\t\t\t\t\t\t\tVer m\u00e1s\t\t\t\t\t\t<\/a>\n\t\t\t\t\t\t\t\t\t\t\t<\/div>\n\t\t\t\t<\/aside>\n\t\t\t\t<a href=\"https:\/\/www.mundotiterefest.com.ar\/2025\/movies\/ludoctenia\/\" title=\"Ludotecnia\">\n\t\t\t\t\t<img src=\"https:\/\/www.mundotiterefest.com.ar\/2025\/wp-content\/uploads\/2025\/08\/LUDOTECNIA-270x340.jpg\" alt=\"Ludotecnia\" \/>\n\t\t\t\t<\/a>\n\t\t\t<\/div>\n\t\t\t<h4 class=\"no-underline\">Ludotecnia<\/h4>\n\t\t\t<div class=\"star-rating\">\n\t\t\t\t\t\t\t<\/div>\n\t\t<\/div>\n\t\t\t\n\t\t\t\t<div class=\"movie-slide\">\n\t\t\t<div class=\"movie-poster\">\n\t\t\t\t<aside>\n\t\t\t\t\t<div>\n\t\t\t\t\t\t\t\t\t\t\t\t<a href=\"https:\/\/www.mundotiterefest.com.ar\/2025\/movies\/danza-del-dragon-en-argentina\/\" title=\"Danza del Drag\u00f3n Chino\" class=\"read-more\">\n\t\t\t\t\t\t\tVer m\u00e1s\t\t\t\t\t\t<\/a>\n\t\t\t\t\t\t\t\t\t\t\t<\/div>\n\t\t\t\t<\/aside>\n\t\t\t\t<a href=\"https:\/\/www.mundotiterefest.com.ar\/2025\/movies\/danza-del-dragon-en-argentina\/\" title=\"Danza del Drag\u00f3n Chino\">\n\t\t\t\t\t<img src=\"https:\/\/www.mundotiterefest.com.ar\/2025\/wp-content\/uploads\/2025\/07\/image017-270x340.jpg\" alt=\"Danza del Drag\u00f3n Chino\" \/>\n\t\t\t\t<\/a>\n\t\t\t<\/div>\n\t\t\t<h4 class=\"no-underline\">Danza del Drag\u00f3n Chino<\/h4>\n\t\t\t<div class=\"star-rating\">\n\t\t\t\t\t\t\t<\/div>\n\t\t<\/div>\n\t\t\t\n\t\t\t\t<div class=\"movie-slide\">\n\t\t\t<div class=\"movie-poster\">\n\t\t\t\t<aside>\n\t\t\t\t\t<div>\n\t\t\t\t\t\t\t\t\t\t\t\t<a href=\"https:\/\/www.mundotiterefest.com.ar\/2025\/movies\/mi-barrio-fantastico\/\" title=\"Mi barrio fant\u00e1stico\" class=\"read-more\">\n\t\t\t\t\t\t\tVer m\u00e1s\t\t\t\t\t\t<\/a>\n\t\t\t\t\t\t\t\t\t\t\t<\/div>\n\t\t\t\t<\/aside>\n\t\t\t\t<a href=\"https:\/\/www.mundotiterefest.com.ar\/2025\/movies\/mi-barrio-fantastico\/\" title=\"Mi barrio fant\u00e1stico\">\n\t\t\t\t\t<img src=\"https:\/\/www.mundotiterefest.com.ar\/2025\/wp-content\/uploads\/2025\/07\/image015-270x340.jpg\" alt=\"Mi barrio fant\u00e1stico\" \/>\n\t\t\t\t<\/a>\n\t\t\t<\/div>\n\t\t\t<h4 class=\"no-underline\">Mi barrio fant\u00e1stico<\/h4>\n\t\t\t<div class=\"star-rating\">\n\t\t\t\t\t\t\t<\/div>\n\t\t<\/div>\n\t\t\t\n\t\t\t\t<div class=\"movie-slide\">\n\t\t\t<div class=\"movie-poster\">\n\t\t\t\t<aside>\n\t\t\t\t\t<div>\n\t\t\t\t\t\t\t\t\t\t\t\t<a href=\"https:\/\/www.mundotiterefest.com.ar\/2025\/movies\/obra-en-cabeza\/\" title=\"La obra en la cabeza\" class=\"read-more\">\n\t\t\t\t\t\t\tVer m\u00e1s\t\t\t\t\t\t<\/a>\n\t\t\t\t\t\t\t\t\t\t\t<\/div>\n\t\t\t\t<\/aside>\n\t\t\t\t<a href=\"https:\/\/www.mundotiterefest.com.ar\/2025\/movies\/obra-en-cabeza\/\" title=\"La obra en la cabeza\">\n\t\t\t\t\t<img src=\"https:\/\/www.mundotiterefest.com.ar\/2025\/wp-content\/uploads\/2025\/08\/laobra-encabeza2-270x340.jpg\" alt=\"La obra en la cabeza\" \/>\n\t\t\t\t<\/a>\n\t\t\t<\/div>\n\t\t\t<h4 class=\"no-underline\">La obra en la cabeza<\/h4>\n\t\t\t<div class=\"star-rating\">\n\t\t\t\t\t\t\t<\/div>\n\t\t<\/div>\n\t\t\t\n\t\t\t\t<div class=\"movie-slide\">\n\t\t\t<div class=\"movie-poster\">\n\t\t\t\t<aside>\n\t\t\t\t\t<div>\n\t\t\t\t\t\t\t\t\t\t\t\t<a href=\"https:\/\/www.mundotiterefest.com.ar\/2025\/movies\/peroelmarnometraetuvoza\/\" title=\"Pero el mar no me trae tu voz\" class=\"read-more\">\n\t\t\t\t\t\t\tVer m\u00e1s\t\t\t\t\t\t<\/a>\n\t\t\t\t\t\t\t\t\t\t\t<\/div>\n\t\t\t\t<\/aside>\n\t\t\t\t<a href=\"https:\/\/www.mundotiterefest.com.ar\/2025\/movies\/peroelmarnometraetuvoza\/\" title=\"Pero el mar no me trae tu voz\">\n\t\t\t\t\t<img src=\"https:\/\/www.mundotiterefest.com.ar\/2025\/wp-content\/uploads\/2025\/08\/tuvoz1-270x340.jpg\" alt=\"Pero el mar no me trae tu voz\" \/>\n\t\t\t\t<\/a>\n\t\t\t<\/div>\n\t\t\t<h4 class=\"no-underline\">Pero el mar no me trae tu voz<\/h4>\n\t\t\t<div class=\"star-rating\">\n\t\t\t\t\t\t\t<\/div>\n\t\t<\/div>\n\t\t\t\n\t\t\t\t<div class=\"movie-slide\">\n\t\t\t<div class=\"movie-poster\">\n\t\t\t\t<aside>\n\t\t\t\t\t<div>\n\t\t\t\t\t\t\t\t\t\t\t\t<a href=\"https:\/\/www.mundotiterefest.com.ar\/2025\/movies\/frankenstein\/\" title=\"Proyecto Frankenstein\" class=\"read-more\">\n\t\t\t\t\t\t\tVer m\u00e1s\t\t\t\t\t\t<\/a>\n\t\t\t\t\t\t\t\t\t\t\t<\/div>\n\t\t\t\t<\/aside>\n\t\t\t\t<a href=\"https:\/\/www.mundotiterefest.com.ar\/2025\/movies\/frankenstein\/\" title=\"Proyecto Frankenstein\">\n\t\t\t\t\t<img src=\"https:\/\/www.mundotiterefest.com.ar\/2025\/wp-content\/uploads\/2025\/08\/image003-1-1-270x340.jpg\" alt=\"Proyecto Frankenstein\" \/>\n\t\t\t\t<\/a>\n\t\t\t<\/div>\n\t\t\t<h4 class=\"no-underline\">Proyecto Frankenstein<\/h4>\n\t\t\t<div class=\"star-rating\">\n\t\t\t\t\t\t\t<\/div>\n\t\t<\/div>\n\t\t\t\n\t\t\t\t<div class=\"movie-slide\">\n\t\t\t<div class=\"movie-poster\">\n\t\t\t\t<aside>\n\t\t\t\t\t<div>\n\t\t\t\t\t\t\t\t\t\t\t\t<a href=\"https:\/\/www.mundotiterefest.com.ar\/2025\/movies\/odisea-bajo-mar\/\" title=\"Odisea bajo el mar (bajo las estrellas!!)\" class=\"read-more\">\n\t\t\t\t\t\t\tVer m\u00e1s\t\t\t\t\t\t<\/a>\n\t\t\t\t\t\t\t\t\t\t\t<\/div>\n\t\t\t\t<\/aside>\n\t\t\t\t<a href=\"https:\/\/www.mundotiterefest.com.ar\/2025\/movies\/odisea-bajo-mar\/\" title=\"Odisea bajo el mar (bajo las estrellas!!)\">\n\t\t\t\t\t<img src=\"https:\/\/www.mundotiterefest.com.ar\/2025\/wp-content\/uploads\/2023\/08\/odisea-mar-2-270x340.jpg\" alt=\"Odisea bajo el mar (bajo las estrellas!!)\" \/>\n\t\t\t\t<\/a>\n\t\t\t<\/div>\n\t\t\t<h4 class=\"no-underline\">Odisea bajo el mar (bajo las estrellas!!)<\/h4>\n\t\t\t<div class=\"star-rating\">\n\t\t\t\t\t\t\t<\/div>\n\t\t<\/div>\n\t\t\t\n\t\t\t\t<div class=\"movie-slide\">\n\t\t\t<div class=\"movie-poster\">\n\t\t\t\t<aside>\n\t\t\t\t\t<div>\n\t\t\t\t\t\t\t\t\t\t\t\t<a href=\"https:\/\/www.mundotiterefest.com.ar\/2025\/movies\/chafayovejaindomable\/\" title=\"Chafa y la oveja indomable\" class=\"read-more\">\n\t\t\t\t\t\t\tVer m\u00e1s\t\t\t\t\t\t<\/a>\n\t\t\t\t\t\t\t\t\t\t\t<\/div>\n\t\t\t\t<\/aside>\n\t\t\t\t<a href=\"https:\/\/www.mundotiterefest.com.ar\/2025\/movies\/chafayovejaindomable\/\" title=\"Chafa y la oveja indomable\">\n\t\t\t\t\t<img src=\"https:\/\/www.mundotiterefest.com.ar\/2025\/wp-content\/uploads\/2025\/08\/chafa1-1-270x340.jpg\" alt=\"Chafa y la oveja indomable\" \/>\n\t\t\t\t<\/a>\n\t\t\t<\/div>\n\t\t\t<h4 class=\"no-underline\">Chafa y la oveja indomable<\/h4>\n\t\t\t<div class=\"star-rating\">\n\t\t\t\t\t\t\t<\/div>\n\t\t<\/div>\n\t\t\t\n\t\t\t\t<div class=\"movie-slide\">\n\t\t\t<div class=\"movie-poster\">\n\t\t\t\t<aside>\n\t\t\t\t\t<div>\n\t\t\t\t\t\t\t\t\t\t\t\t<a href=\"https:\/\/www.mundotiterefest.com.ar\/2025\/movies\/variete-unsam\/\" title=\"Variet\u00e9 Titiritera-UNSAM\" class=\"read-more\">\n\t\t\t\t\t\t\tVer m\u00e1s\t\t\t\t\t\t<\/a>\n\t\t\t\t\t\t\t\t\t\t\t<\/div>\n\t\t\t\t<\/aside>\n\t\t\t\t<a href=\"https:\/\/www.mundotiterefest.com.ar\/2025\/movies\/variete-unsam\/\" title=\"Variet\u00e9 Titiritera-UNSAM\">\n\t\t\t\t\t<img src=\"https:\/\/www.mundotiterefest.com.ar\/2025\/wp-content\/uploads\/2025\/08\/image027-270x340.jpg\" alt=\"Variet\u00e9 Titiritera-UNSAM\" \/>\n\t\t\t\t<\/a>\n\t\t\t<\/div>\n\t\t\t<h4 class=\"no-underline\">Variet\u00e9 Titiritera-UNSAM<\/h4>\n\t\t\t<div class=\"star-rating\">\n\t\t\t\t\t\t\t<\/div>\n\t\t<\/div>\n\t\t\t\n\t\t\t\t<div class=\"movie-slide\">\n\t\t\t<div class=\"movie-poster\">\n\t\t\t\t<aside>\n\t\t\t\t\t<div>\n\t\t\t\t\t\t\t\t\t\t\t\t<a href=\"https:\/\/www.mundotiterefest.com.ar\/2025\/movies\/marionetas-salon\/\" title=\"Marionetas de sal\u00f3n\" class=\"read-more\">\n\t\t\t\t\t\t\tVer m\u00e1s\t\t\t\t\t\t<\/a>\n\t\t\t\t\t\t\t\t\t\t\t<\/div>\n\t\t\t\t<\/aside>\n\t\t\t\t<a href=\"https:\/\/www.mundotiterefest.com.ar\/2025\/movies\/marionetas-salon\/\" title=\"Marionetas de sal\u00f3n\">\n\t\t\t\t\t<img src=\"https:\/\/www.mundotiterefest.com.ar\/2025\/wp-content\/uploads\/2025\/08\/msalon1-270x340.jpg\" alt=\"Marionetas de sal\u00f3n\" \/>\n\t\t\t\t<\/a>\n\t\t\t<\/div>\n\t\t\t<h4 class=\"no-underline\">Marionetas de sal\u00f3n<\/h4>\n\t\t\t<div class=\"star-rating\">\n\t\t\t\t\t\t\t<\/div>\n\t\t<\/div>\n\t\t\t\n\t\t\t\t<div class=\"movie-slide\">\n\t\t\t<div class=\"movie-poster\">\n\t\t\t\t<aside>\n\t\t\t\t\t<div>\n\t\t\t\t\t\t\t\t\t\t\t\t<a href=\"https:\/\/www.mundotiterefest.com.ar\/2025\/movies\/aida\/\" title=\"Aida\" class=\"read-more\">\n\t\t\t\t\t\t\tVer m\u00e1s\t\t\t\t\t\t<\/a>\n\t\t\t\t\t\t\t\t\t\t\t<\/div>\n\t\t\t\t<\/aside>\n\t\t\t\t<a href=\"https:\/\/www.mundotiterefest.com.ar\/2025\/movies\/aida\/\" title=\"Aida\">\n\t\t\t\t\t<img src=\"https:\/\/www.mundotiterefest.com.ar\/2025\/wp-content\/uploads\/2025\/08\/image025-270x340.jpg\" alt=\"Aida\" \/>\n\t\t\t\t<\/a>\n\t\t\t<\/div>\n\t\t\t<h4 class=\"no-underline\">Aida<\/h4>\n\t\t\t<div class=\"star-rating\">\n\t\t\t\t\t\t\t<\/div>\n\t\t<\/div>\n\t\t\t\n\t\t\t\t<div class=\"movie-slide\">\n\t\t\t<div class=\"movie-poster\">\n\t\t\t\t<aside>\n\t\t\t\t\t<div>\n\t\t\t\t\t\t\t\t\t\t\t\t<a href=\"https:\/\/www.mundotiterefest.com.ar\/2025\/movies\/museo-aerosolar-reconquista\/\" title=\"Museo Aerosolar Reconquista (LA DESPEDIDA)\" class=\"read-more\">\n\t\t\t\t\t\t\tVer m\u00e1s\t\t\t\t\t\t<\/a>\n\t\t\t\t\t\t\t\t\t\t\t<\/div>\n\t\t\t\t<\/aside>\n\t\t\t\t<a href=\"https:\/\/www.mundotiterefest.com.ar\/2025\/movies\/museo-aerosolar-reconquista\/\" title=\"Museo Aerosolar Reconquista (LA DESPEDIDA)\">\n\t\t\t\t\t<img src=\"https:\/\/www.mundotiterefest.com.ar\/2025\/wp-content\/uploads\/2023\/08\/34b91725-117c-4dc7-bb31-1419870720e7-270x340.jpg\" alt=\"Museo Aerosolar Reconquista (LA DESPEDIDA)\" \/>\n\t\t\t\t<\/a>\n\t\t\t<\/div>\n\t\t\t<h4 class=\"no-underline\">Museo Aerosolar Reconquista (LA DESPEDIDA)<\/h4>\n\t\t\t<div class=\"star-rating\">\n\t\t\t\t\t\t\t<\/div>\n\t\t<\/div>\n\t\t\t\n\t\t\t\t<div class=\"movie-slide\">\n\t\t\t<div class=\"movie-poster\">\n\t\t\t\t<aside>\n\t\t\t\t\t<div>\n\t\t\t\t\t\t\t\t\t\t\t\t<a href=\"https:\/\/www.mundotiterefest.com.ar\/2025\/movies\/el-nino-de-arena\/\" title=\"El Ni\u00f1o de Arena\" class=\"read-more\">\n\t\t\t\t\t\t\tVer m\u00e1s\t\t\t\t\t\t<\/a>\n\t\t\t\t\t\t\t\t\t\t\t<\/div>\n\t\t\t\t<\/aside>\n\t\t\t\t<a href=\"https:\/\/www.mundotiterefest.com.ar\/2025\/movies\/el-nino-de-arena\/\" title=\"El Ni\u00f1o de Arena\">\n\t\t\t\t\t<img src=\"https:\/\/www.mundotiterefest.com.ar\/2025\/wp-content\/uploads\/2025\/07\/image055-270x340.jpg\" alt=\"El Ni\u00f1o de Arena\" \/>\n\t\t\t\t<\/a>\n\t\t\t<\/div>\n\t\t\t<h4 class=\"no-underline\">El Ni\u00f1o de Arena<\/h4>\n\t\t\t<div class=\"star-rating\">\n\t\t\t\t\t\t\t<\/div>\n\t\t<\/div>\n\t\t\t\n\t\t\t\t<div class=\"movie-slide\">\n\t\t\t<div class=\"movie-poster\">\n\t\t\t\t<aside>\n\t\t\t\t\t<div>\n\t\t\t\t\t\t\t\t\t\t\t\t<a href=\"https:\/\/www.mundotiterefest.com.ar\/2025\/movies\/show-musica\/\" title=\"El show de la m\u00fasica\" class=\"read-more\">\n\t\t\t\t\t\t\tVer m\u00e1s\t\t\t\t\t\t<\/a>\n\t\t\t\t\t\t\t\t\t\t\t<\/div>\n\t\t\t\t<\/aside>\n\t\t\t\t<a href=\"https:\/\/www.mundotiterefest.com.ar\/2025\/movies\/show-musica\/\" title=\"El show de la m\u00fasica\">\n\t\t\t\t\t<img src=\"https:\/\/www.mundotiterefest.com.ar\/2025\/wp-content\/uploads\/2025\/08\/show-musica1-270x340.jpg\" alt=\"El show de la m\u00fasica\" \/>\n\t\t\t\t<\/a>\n\t\t\t<\/div>\n\t\t\t<h4 class=\"no-underline\">El show de la m\u00fasica<\/h4>\n\t\t\t<div class=\"star-rating\">\n\t\t\t\t\t\t\t<\/div>\n\t\t<\/div>\n\t\t\t\n\t\t\t\t<div class=\"movie-slide\">\n\t\t\t<div class=\"movie-poster\">\n\t\t\t\t<aside>\n\t\t\t\t\t<div>\n\t\t\t\t\t\t\t\t\t\t\t\t<a href=\"https:\/\/www.mundotiterefest.com.ar\/2025\/movies\/pajarraquito\/\" title=\"Pajarraquito\" class=\"read-more\">\n\t\t\t\t\t\t\tVer m\u00e1s\t\t\t\t\t\t<\/a>\n\t\t\t\t\t\t\t\t\t\t\t<\/div>\n\t\t\t\t<\/aside>\n\t\t\t\t<a href=\"https:\/\/www.mundotiterefest.com.ar\/2025\/movies\/pajarraquito\/\" title=\"Pajarraquito\">\n\t\t\t\t\t<img src=\"https:\/\/www.mundotiterefest.com.ar\/2025\/wp-content\/uploads\/2025\/08\/pajarrico-270x340.jpg\" alt=\"Pajarraquito\" \/>\n\t\t\t\t<\/a>\n\t\t\t<\/div>\n\t\t\t<h4 class=\"no-underline\">Pajarraquito<\/h4>\n\t\t\t<div class=\"star-rating\">\n\t\t\t\t\t\t\t<\/div>\n\t\t<\/div>\n\t\t\t\n\t\t\t\t<div class=\"movie-slide\">\n\t\t\t<div class=\"movie-poster\">\n\t\t\t\t<aside>\n\t\t\t\t\t<div>\n\t\t\t\t\t\t\t\t\t\t\t\t<a href=\"https:\/\/www.mundotiterefest.com.ar\/2025\/movies\/kamishibai\/\" title=\"Muestra de alumnos del taller KAMISHIBAI\" class=\"read-more\">\n\t\t\t\t\t\t\tVer m\u00e1s\t\t\t\t\t\t<\/a>\n\t\t\t\t\t\t\t\t\t\t\t<\/div>\n\t\t\t\t<\/aside>\n\t\t\t\t<a href=\"https:\/\/www.mundotiterefest.com.ar\/2025\/movies\/kamishibai\/\" title=\"Muestra de alumnos del taller KAMISHIBAI\">\n\t\t\t\t\t<img src=\"https:\/\/www.mundotiterefest.com.ar\/2025\/wp-content\/uploads\/2025\/08\/TALLER-270x340.jpg\" alt=\"Muestra de alumnos del taller KAMISHIBAI\" \/>\n\t\t\t\t<\/a>\n\t\t\t<\/div>\n\t\t\t<h4 class=\"no-underline\">Muestra de alumnos del taller KAMISHIBAI<\/h4>\n\t\t\t<div class=\"star-rating\">\n\t\t\t\t\t\t\t<\/div>\n\t\t<\/div>\n\t\t\t\n\t\t\t\t<div class=\"movie-slide\">\n\t\t\t<div class=\"movie-poster\">\n\t\t\t\t<aside>\n\t\t\t\t\t<div>\n\t\t\t\t\t\t\t\t\t\t\t\t<a href=\"https:\/\/www.mundotiterefest.com.ar\/2025\/movies\/encuentro-orquestas\/\" title=\"Encuentro de Orquestas\" class=\"read-more\">\n\t\t\t\t\t\t\tVer m\u00e1s\t\t\t\t\t\t<\/a>\n\t\t\t\t\t\t\t\t\t\t\t<\/div>\n\t\t\t\t<\/aside>\n\t\t\t\t<a href=\"https:\/\/www.mundotiterefest.com.ar\/2025\/movies\/encuentro-orquestas\/\" title=\"Encuentro de Orquestas\">\n\t\t\t\t\t<img src=\"https:\/\/www.mundotiterefest.com.ar\/2025\/wp-content\/uploads\/2025\/08\/IMG_20250609_183852849_HDR2-270x340.jpg\" alt=\"Encuentro de Orquestas\" \/>\n\t\t\t\t<\/a>\n\t\t\t<\/div>\n\t\t\t<h4 class=\"no-underline\">Encuentro de Orquestas<\/h4>\n\t\t\t<div class=\"star-rating\">\n\t\t\t\t\t\t\t<\/div>\n\t\t<\/div>\n\t\t\t\n\t\t\t\t<div class=\"movie-slide\">\n\t\t\t<div class=\"movie-poster\">\n\t\t\t\t<aside>\n\t\t\t\t\t<div>\n\t\t\t\t\t\t\t\t\t\t\t\t<a href=\"https:\/\/www.mundotiterefest.com.ar\/2025\/movies\/hansel-y-gretel\/\" title=\"Hansel y Gretel\" class=\"read-more\">\n\t\t\t\t\t\t\tVer m\u00e1s\t\t\t\t\t\t<\/a>\n\t\t\t\t\t\t\t\t\t\t\t<\/div>\n\t\t\t\t<\/aside>\n\t\t\t\t<a href=\"https:\/\/www.mundotiterefest.com.ar\/2025\/movies\/hansel-y-gretel\/\" title=\"Hansel y Gretel\">\n\t\t\t\t\t<img src=\"https:\/\/www.mundotiterefest.com.ar\/2025\/wp-content\/uploads\/2025\/08\/hanselgretel-270x340.png\" alt=\"Hansel y Gretel\" \/>\n\t\t\t\t<\/a>\n\t\t\t<\/div>\n\t\t\t<h4 class=\"no-underline\">Hansel y Gretel<\/h4>\n\t\t\t<div class=\"star-rating\">\n\t\t\t\t\t\t\t<\/div>\n\t\t<\/div>\n\t\t\t\n\t\t\t\t<div class=\"movie-slide\">\n\t\t\t<div class=\"movie-poster\">\n\t\t\t\t<aside>\n\t\t\t\t\t<div>\n\t\t\t\t\t\t\t\t\t\t\t\t<a href=\"https:\/\/www.mundotiterefest.com.ar\/2025\/movies\/unatrinchera\/\" title=\"Una trinchera\" class=\"read-more\">\n\t\t\t\t\t\t\tVer m\u00e1s\t\t\t\t\t\t<\/a>\n\t\t\t\t\t\t\t\t\t\t\t<\/div>\n\t\t\t\t<\/aside>\n\t\t\t\t<a href=\"https:\/\/www.mundotiterefest.com.ar\/2025\/movies\/unatrinchera\/\" title=\"Una trinchera\">\n\t\t\t\t\t<img src=\"https:\/\/www.mundotiterefest.com.ar\/2025\/wp-content\/uploads\/2025\/08\/trinchera-270x340.png\" alt=\"Una trinchera\" \/>\n\t\t\t\t<\/a>\n\t\t\t<\/div>\n\t\t\t<h4 class=\"no-underline\">Una trinchera<\/h4>\n\t\t\t<div class=\"star-rating\">\n\t\t\t\t\t\t\t<\/div>\n\t\t<\/div>\n\t\t\t\n\t\t\t\t<div class=\"movie-slide\">\n\t\t\t<div class=\"movie-poster\">\n\t\t\t\t<aside>\n\t\t\t\t\t<div>\n\t\t\t\t\t\t\t\t\t\t\t\t<a href=\"https:\/\/www.mundotiterefest.com.ar\/2025\/movies\/mundo-bilina\/\" title=\"Mundo BILINA\" class=\"read-more\">\n\t\t\t\t\t\t\tVer m\u00e1s\t\t\t\t\t\t<\/a>\n\t\t\t\t\t\t\t\t\t\t\t<\/div>\n\t\t\t\t<\/aside>\n\t\t\t\t<a href=\"https:\/\/www.mundotiterefest.com.ar\/2025\/movies\/mundo-bilina\/\" title=\"Mundo BILINA\">\n\t\t\t\t\t<img src=\"https:\/\/www.mundotiterefest.com.ar\/2025\/wp-content\/uploads\/2023\/08\/mundo-Bilina-w-270x340.jpg\" alt=\"Mundo BILINA\" \/>\n\t\t\t\t<\/a>\n\t\t\t<\/div>\n\t\t\t<h4 class=\"no-underline\">Mundo BILINA<\/h4>\n\t\t\t<div class=\"star-rating\">\n\t\t\t\t\t\t\t<\/div>\n\t\t<\/div>\n\t\t\t\n\t\t\t\t<div class=\"movie-slide\">\n\t\t\t<div class=\"movie-poster\">\n\t\t\t\t<aside>\n\t\t\t\t\t<div>\n\t\t\t\t\t\t\t\t\t\t\t\t<a href=\"https:\/\/www.mundotiterefest.com.ar\/2025\/movies\/cuentoporopo\/\" title=\"Cuentoporopo\" class=\"read-more\">\n\t\t\t\t\t\t\tVer m\u00e1s\t\t\t\t\t\t<\/a>\n\t\t\t\t\t\t\t\t\t\t\t<\/div>\n\t\t\t\t<\/aside>\n\t\t\t\t<a href=\"https:\/\/www.mundotiterefest.com.ar\/2025\/movies\/cuentoporopo\/\" title=\"Cuentoporopo\">\n\t\t\t\t\t<img src=\"https:\/\/www.mundotiterefest.com.ar\/2025\/wp-content\/uploads\/2025\/08\/op0-270x340.jpg\" alt=\"Cuentoporopo\" \/>\n\t\t\t\t<\/a>\n\t\t\t<\/div>\n\t\t\t<h4 class=\"no-underline\">Cuentoporopo<\/h4>\n\t\t\t<div class=\"star-rating\">\n\t\t\t\t\t\t\t<\/div>\n\t\t<\/div>\n\t\t\t\n\t\t\t\t<div class=\"movie-slide\">\n\t\t\t<div class=\"movie-poster\">\n\t\t\t\t<aside>\n\t\t\t\t\t<div>\n\t\t\t\t\t\t\t\t\t\t\t\t<a href=\"https:\/\/www.mundotiterefest.com.ar\/2025\/movies\/momentum\/\" title=\"MOMENTUM, atm\u00f3sfera ef\u00edmera\" class=\"read-more\">\n\t\t\t\t\t\t\tVer m\u00e1s\t\t\t\t\t\t<\/a>\n\t\t\t\t\t\t\t\t\t\t\t<\/div>\n\t\t\t\t<\/aside>\n\t\t\t\t<a href=\"https:\/\/www.mundotiterefest.com.ar\/2025\/movies\/momentum\/\" title=\"MOMENTUM, atm\u00f3sfera ef\u00edmera\">\n\t\t\t\t\t<img src=\"https:\/\/www.mundotiterefest.com.ar\/2025\/wp-content\/uploads\/2023\/08\/MOMENTUM-w-270x340.jpg\" alt=\"MOMENTUM, atm\u00f3sfera ef\u00edmera\" \/>\n\t\t\t\t<\/a>\n\t\t\t<\/div>\n\t\t\t<h4 class=\"no-underline\">MOMENTUM, atm\u00f3sfera ef\u00edmera<\/h4>\n\t\t\t<div class=\"star-rating\">\n\t\t\t\t\t\t\t<\/div>\n\t\t<\/div>\n\t\t\t\n\t\t\t\t<div class=\"movie-slide\">\n\t\t\t<div class=\"movie-poster\">\n\t\t\t\t<aside>\n\t\t\t\t\t<div>\n\t\t\t\t\t\t\t\t\t\t\t\t<a href=\"https:\/\/www.mundotiterefest.com.ar\/2025\/movies\/nadadora\/\" title=\"NadaDora\" class=\"read-more\">\n\t\t\t\t\t\t\tVer m\u00e1s\t\t\t\t\t\t<\/a>\n\t\t\t\t\t\t\t\t\t\t\t<\/div>\n\t\t\t\t<\/aside>\n\t\t\t\t<a href=\"https:\/\/www.mundotiterefest.com.ar\/2025\/movies\/nadadora\/\" title=\"NadaDora\">\n\t\t\t\t\t<img src=\"https:\/\/www.mundotiterefest.com.ar\/2025\/wp-content\/uploads\/2025\/08\/nadadora2-270x340.jpg\" alt=\"NadaDora\" \/>\n\t\t\t\t<\/a>\n\t\t\t<\/div>\n\t\t\t<h4 class=\"no-underline\">NadaDora<\/h4>\n\t\t\t<div class=\"star-rating\">\n\t\t\t\t\t\t\t<\/div>\n\t\t<\/div>\n\t\t\t\n\t\t\t\t<div class=\"movie-slide\">\n\t\t\t<div class=\"movie-poster\">\n\t\t\t\t<aside>\n\t\t\t\t\t<div>\n\t\t\t\t\t\t\t\t\t\t\t\t<a href=\"https:\/\/www.mundotiterefest.com.ar\/2025\/movies\/bosques-semillas\/\" title=\"Bosque y semillas andariegas\" class=\"read-more\">\n\t\t\t\t\t\t\tVer m\u00e1s\t\t\t\t\t\t<\/a>\n\t\t\t\t\t\t\t\t\t\t\t<\/div>\n\t\t\t\t<\/aside>\n\t\t\t\t<a href=\"https:\/\/www.mundotiterefest.com.ar\/2025\/movies\/bosques-semillas\/\" title=\"Bosque y semillas andariegas\">\n\t\t\t\t\t<img src=\"https:\/\/www.mundotiterefest.com.ar\/2025\/wp-content\/uploads\/2025\/08\/image-1-270x340.jpg\" alt=\"Bosque y semillas andariegas\" \/>\n\t\t\t\t<\/a>\n\t\t\t<\/div>\n\t\t\t<h4 class=\"no-underline\">Bosque y semillas andariegas<\/h4>\n\t\t\t<div class=\"star-rating\">\n\t\t\t\t\t\t\t<\/div>\n\t\t<\/div>\n\t\t\t\n\t\t\t\t<div class=\"movie-slide\">\n\t\t\t<div class=\"movie-poster\">\n\t\t\t\t<aside>\n\t\t\t\t\t<div>\n\t\t\t\t\t\t\t\t\t\t\t\t<a href=\"https:\/\/www.mundotiterefest.com.ar\/2025\/movies\/un-ratoncito-y-la-luna\/\" title=\"Un Ratoncito y la Luna\" class=\"read-more\">\n\t\t\t\t\t\t\tVer m\u00e1s\t\t\t\t\t\t<\/a>\n\t\t\t\t\t\t\t\t\t\t\t<\/div>\n\t\t\t\t<\/aside>\n\t\t\t\t<a href=\"https:\/\/www.mundotiterefest.com.ar\/2025\/movies\/un-ratoncito-y-la-luna\/\" title=\"Un Ratoncito y la Luna\">\n\t\t\t\t\t<img src=\"https:\/\/www.mundotiterefest.com.ar\/2025\/wp-content\/uploads\/2025\/08\/Foto-unratoncitoylaluna-270x340.jpg\" alt=\"Un Ratoncito y la Luna\" \/>\n\t\t\t\t<\/a>\n\t\t\t<\/div>\n\t\t\t<h4 class=\"no-underline\">Un Ratoncito y la Luna<\/h4>\n\t\t\t<div class=\"star-rating\">\n\t\t\t\t\t\t\t<\/div>\n\t\t<\/div>\n\t\t\t\n\t\t\t\t<div class=\"movie-slide\">\n\t\t\t<div class=\"movie-poster\">\n\t\t\t\t<aside>\n\t\t\t\t\t<div>\n\t\t\t\t\t\t\t\t\t\t\t\t<a href=\"https:\/\/www.mundotiterefest.com.ar\/2025\/movies\/chan-chan-plan\/\" title=\"CHAN CHAN PLAN\" class=\"read-more\">\n\t\t\t\t\t\t\tVer m\u00e1s\t\t\t\t\t\t<\/a>\n\t\t\t\t\t\t\t\t\t\t\t<\/div>\n\t\t\t\t<\/aside>\n\t\t\t\t<a href=\"https:\/\/www.mundotiterefest.com.ar\/2025\/movies\/chan-chan-plan\/\" title=\"CHAN CHAN PLAN\">\n\t\t\t\t\t<img src=\"https:\/\/www.mundotiterefest.com.ar\/2025\/wp-content\/uploads\/2023\/08\/CHANCHANPLAN-270x340.jpg\" alt=\"CHAN CHAN PLAN\" \/>\n\t\t\t\t<\/a>\n\t\t\t<\/div>\n\t\t\t<h4 class=\"no-underline\">CHAN CHAN PLAN<\/h4>\n\t\t\t<div class=\"star-rating\">\n\t\t\t\t\t\t\t<\/div>\n\t\t<\/div>\n\t\t\t\n\t<\/div>\n\n<script>\n\tjQuery(document).ready(function($){\n\t\t\n\t\t$('#newIn').not('.slick-initialized').slick({\n\t\t\tautoplay: false,\n\t\t\tautoplaySpeed: 3000,\n\t\t\tslidesToShow: 4,\n\t\t\tcenterPadding: '60px',\n\t\t\tnextArrow: '<i class=\"fa fa-angle-right right\"><\/i>',\n\t\t\tprevArrow: '<i class=\"fa fa-angle-left left\"><\/i>',\n  \t\t\tresponsive: [\n\t\t\t    {\n\t\t\t      breakpoint: 991,\n\t\t\t      settings: {\n\t\t\t        slidesToShow: 4,\n\t\t\t        slidesToScroll: 1\n\t\t\t      }\n\t\t\t    },\n\t\t\t    {\n\t\t\t      breakpoint: 768,\n\t\t\t      settings: {\n\t\t\t        slidesToShow: 3,\n\t\t\t        slidesToScroll: 1\n\t\t\t      }\n\t\t\t    },\n\t\t\t    {\n\t\t\t      breakpoint: 480,\n\t\t\t      settings: {\n\t\t\t        slidesToShow: 2,\n\t\t\t        slidesToScroll: 1\n\t\t\t      }\n\t\t\t    }\n\t\t\t  ]\n\t\t});\n\n\t});\n<\/script><\/div>\n<\/div>\n\n\t<\/div>\n<\/section>\n\n","protected":false},"excerpt":{"rendered":"<p>Sinopsis CHAN CHAN PLAN [ESTRENO] Esta obra busca revisitar la trama los tres chanchitos, tomando como punto de partida el planteo de Ethel Batista y Eva Mastrogiulio en su libro de ilustraciones: \u00a8El Plan\u00a8.Dicha versi\u00f3n hace una revisi\u00f3n con perspectiva de g\u00e9nero del cl\u00e1sico cuento para brindarlo a las nuevas audiencias de forma resinificada.En el [&hellip;]<\/p>\n","protected":false},"author":1,"featured_media":0,"parent":0,"menu_order":0,"comment_status":"closed","ping_status":"closed","template":"page-templates\/page-builder.php","meta":[],"_links":{"self":[{"href":"https:\/\/www.mundotiterefest.com.ar\/2025\/wp-json\/wp\/v2\/pages\/1258"}],"collection":[{"href":"https:\/\/www.mundotiterefest.com.ar\/2025\/wp-json\/wp\/v2\/pages"}],"about":[{"href":"https:\/\/www.mundotiterefest.com.ar\/2025\/wp-json\/wp\/v2\/types\/page"}],"author":[{"embeddable":true,"href":"https:\/\/www.mundotiterefest.com.ar\/2025\/wp-json\/wp\/v2\/users\/1"}],"replies":[{"embeddable":true,"href":"https:\/\/www.mundotiterefest.com.ar\/2025\/wp-json\/wp\/v2\/comments?post=1258"}],"version-history":[{"count":5,"href":"https:\/\/www.mundotiterefest.com.ar\/2025\/wp-json\/wp\/v2\/pages\/1258\/revisions"}],"predecessor-version":[{"id":1561,"href":"https:\/\/www.mundotiterefest.com.ar\/2025\/wp-json\/wp\/v2\/pages\/1258\/revisions\/1561"}],"wp:attachment":[{"href":"https:\/\/www.mundotiterefest.com.ar\/2025\/wp-json\/wp\/v2\/media?parent=1258"}],"curies":[{"name":"wp","href":"https:\/\/api.w.org\/{rel}","templated":true}]}}