{"id":277,"date":"2021-09-17T20:18:58","date_gmt":"2021-09-17T20:18:58","guid":{"rendered":"http:\/\/www.mundotiterefest.com.ar\/2025\/?page_id=277"},"modified":"2025-10-01T21:24:13","modified_gmt":"2025-10-01T21:24:13","slug":"organizadores","status":"publish","type":"page","link":"https:\/\/www.mundotiterefest.com.ar\/2025\/organizadores\/","title":{"rendered":"Organizadores"},"content":{"rendered":"<p>\n\n<section style=\" padding-top: 75px; padding-bottom: 75px; border-width: 0px 0px 0px 0px\" id=\"section_fc6be62fede4c7d02628d2c934e7bb04\" class=\"fw-main-row \"  >\n\t<div class=\"fw-container\">\n\t\t<div class=\"fw-row\">\n\t\n<div style=\"padding: 0 15px 0 15px;\" class=\"fw-col-xs-12 \">\n\t<header>\n<h2 class=\"left \" style=\"color: #ec7532\">\n\t\t\tCompa\u00f1ia Omar Alvarez\t<\/h2>\n<\/header><\/div>\n<\/div>\n\n<div class=\"fw-row\">\n\t\n<div style=\"padding: 0 15px 0 15px;\" class=\"fw-col-xs-12 \">\n\t\n\t<aside style=\"color: ; font-size: \">\n\t\t<p>El grupo originalmente formado por los hermanos Omar y Claudio Alvarez trabaja desde 1987 y desde entonces crearon los espect\u00e1culos \u201cSemillas de Paz\u201d (1987), \u201cTiempo de T\u00edteres\u201d (1990),\u201dHistorias para Crecer\u201d(1992), \u201cDe los Pies a la Cabeza\u201d (1995), realizando presentaciones de manera itinerante en instituciones y teatros de la Capital Federal y Buenos Aires.<br \/>En 1998 inauguran su propia sala teatral, el Centro Cultural Espacios, en la localidad de Villa Ballester, Provincia de Buenos Aires donde se realizan los espect\u00e1culos de la Compa\u00f1\u00eda .Tambi\u00e9n, all\u00ed se dictan seminarios y talleres para ni\u00f1os y adultos y capacitaci\u00f3n a docentes en el \u00e1rea teatral.<br \/>Con Rafael Curci, los hermanos Alvarez crean los espect\u00e1culos \u201cBasilisa\u201d(1999) \u201cEl Soldadito de Plomo\u201d junto a Alfredo Alc\u00f3n (2000) \u201cEl Ni\u00f1o de Arena (Ilusiones y Mareas)\u201d (2002) y \u201cLa Ni\u00f1a de los Cerillos\u201d (2004)\u201dRatapalam\u201d(2005),\u201dImaginarius\u201d (Coproducci\u00f3n Argentino Canadiense con Theater Beyond Words (2005)\u201dEl Viento entre las Hojas\u201d con Norma Aleandro(2006) y \u201cUn Ratoncito y la Luna\u201d con la participaci\u00f3n de Virginia Lago; todos trabajos con destacada repercusi\u00f3n a nivel nacional e internacional.<br \/>En el \u00e1mbito nacional, particip\u00f3 de temporadas oficiales en el Teatro Nacional Cervantes y otras prestigiosas salas de la Capital Federal y Festivales nacionales de teatro obteniendo numerosos premios y galardones.<br \/>En el a\u00f1o 2012, se estrena el Espect\u00e1culo \u201c Si yo fuera grande \u201c co-producci\u00f3n con la compa\u00f1\u00eda Katarsis de Espa\u00f1a.<br \/>Luego se estrenan las obras \u201c El Traje nuevo del Rey \u201c y en 2013: \u201c Hansel y Gretel \u201c , con el que obtiene el Premio Mayor del Jurado \u201cPremio Nacional Javier Villafa\u00f1e\u201den 2013.<br \/>En el \u00e1mbito internacional, la Compa\u00f1\u00eda ha realizado numerosas giras por Corea,China, Jap\u00f3n, Taiw\u00e1n, Singapur, Malasia, Hong Kong, Estados Unidos, Canad\u00e1, Finlandia, Israel, Espa\u00f1a, Polonia Dinamarca, Rusia, Alemania, Austria, Sud\u00e1frica, Brasil, M\u00e9xico, Venezuela, Colombia,y Chile participando en destacados Festivales Internacionales de Teatro, Temporadas Comerciales y Eventos Especiales. Sus obras est\u00e1n traducidas a versi\u00f3n de diez idiomas diferentes.<\/p>\t<\/aside>\n\n\t<div class=\"fw-divider-space\" style=\"padding-top: 30px;\"><\/div>\n\n<div class=\"row\">\n\t<div class=\"col-sm-5\">\n\t\t\t\t\t<\/div>\n\t<div class=\"col-sm-7 plot\">\n\t\t\t\t<p><img class=\"alignnone size-medium wp-image-857\" src=\"http:\/\/www.mundotiterefest.com.ar\/2023\/wp-content\/uploads\/2023\/08\/omaralvarez-300x215.png\" alt=\"omar alvarez titeres\" width=\"300\" height=\"215\" \/><\/p>\t\t<ul class=\"movie-info\">\n\t\t\t\t\t\t\t<li><i>Web<\/i> www.omaralvareztiteres.com.ar<\/li>\n\t\t\t\t\t\t\t<li><i>Instagram<\/i> @omaralvareztiteres<\/li>\n\t\t\t\t\t<\/ul>\n\t<\/div>\n<\/div><\/div>\n<\/div>\n\n\t<\/div>\n<\/section>\n\n\n<section style=\" padding-top: 75px; padding-bottom: 75px; border-width: 0px 0px 0px 0px\" id=\"section_4a7d3c12a3fb8f704ffa0b2f1a9e913b\" class=\"fw-main-row \"  >\n\t<div class=\"fw-container\">\n\t\t<div class=\"fw-row\">\n\t\n<div style=\"padding: 0 15px 0 15px;\" class=\"fw-col-xs-12 \">\n\t<header>\n<h2 class=\"left \" style=\"color: #ec7532\">\n\t\t\tCentro Cultural Espacios\t<\/h2>\n<\/header><\/div>\n<\/div>\n\n<div class=\"fw-row\">\n\t\n<div style=\"padding: 0 15px 0 15px;\" class=\"fw-col-xs-12 \">\n\t\n\t<aside style=\"color: ; font-size: \">\n\t\t<p>Fundado en 1997, el Centro Cultural Espacios es una de las m\u00e1s importantes Instituciones culturales del Pdo. de Gral. San Mart\u00edn. Motivados en la necesidad e inter\u00e9s por generar un \u00e1mbito para el desarrollo de la cultura local, un peque\u00f1o grupo de docentes, artistas y profesionales del \u00e1rea social, emprendieron, de manera particular, la dif\u00edcil misi\u00f3n de transformar, primero, una vieja verduler\u00eda y casa de los abuelos en un \u201cEspacio cultural\u201d, y m\u00e1s tarde, la visi\u00f3n de los vecinos sobre su propia participaci\u00f3n en la cultura, a trav\u00e9s de un intenso recorrido de labor, durante todos estos a\u00f1os. En el a\u00f1o 2001, el Honorable Concejo Deliberante de Gral. San Mart\u00edn declar\u00f3, por unanimidad a la Instituci\u00f3n \u201d de inter\u00e9s municipal\u201d, en reconocimiento a su labor.<br \/>Hoy, m\u00e1s de veinte talleres y cursos, exhibiciones pl\u00e1sticas, muestras fotogr\u00e1ficas, recitales, cine debate, charlas profesionales, conferencias, propuestas barriales, seminarios , espect\u00e1culos y Festivales teatrales de jerarqu\u00eda, son algunas de las alternativas que componen cotidianamente la programaci\u00f3n de este pluralista centro de la cultura independiente.<br \/>Una caracter\u00edstica particular de ESPACIOS es la presencia y protagonismo que intenta dar a los artistas y profesionales locales en las actividades, quienes encuentran, una alternativa laboral a veces, \u00f3 un medio para canalizar inquietudes y desplegar potencialidades, otras.<br \/>La actividad de la sala tiene por principal objetivo el desarrollo profesional de la actividad teatral de la regi\u00f3n.<br \/>Promueve y apoya propuestas que eleven la medida de rigor y calidad art\u00edstica de las producciones, no solamente de la C\u00eda. que gerencia el espacio, sino de toda la comunidad teatral de la zona, construyendo audiencia de p\u00fablico, formada y exigente.<br \/>Muchas son las personalidades del Teatro Argentino que han pasado por su escenario, trabajando con prestigiosos artistas como Alfredo Alc\u00f3n, Norma Aleandro, Soledad Silveyra, Ra\u00fal Rizzo, \u00f3 Virginia lago, quienes prestaron su voz en espect\u00e1culos para ni\u00f1os , especialmente producidos por ESPACIOS.<\/p>\t<\/aside>\n<\/div>\n<\/div>\n\n<div class=\"fw-row\">\n\t\n<div style=\"padding: 0 15px 0 15px;\" class=\"fw-col-xs-12 \">\n\t\n\t<div class=\"fw-divider-space\" style=\"padding-top: 30px;\"><\/div>\n<\/div>\n<\/div>\n\n<div class=\"fw-row\">\n\t\n<div style=\"padding: 0 15px 0 15px;\" class=\"fw-col-xs-12 \">\n\t\n<div class=\"row\">\n\t<div class=\"col-sm-5\">\n\t\t\t\t\t<\/div>\n\t<div class=\"col-sm-7 plot\">\n\t\t\t\t<p><img class=\"alignnone size-medium wp-image-860\" src=\"http:\/\/www.mundotiterefest.com.ar\/2023\/wp-content\/uploads\/2023\/08\/centroculturalespacios-300x139.png\" alt=\"centro cultural espacios\" width=\"300\" height=\"139\" \/><\/p>\t\t<ul class=\"movie-info\">\n\t\t\t\t\t\t\t<li><i>Web<\/i> www.ccespacios.com.ar<\/li>\n\t\t\t\t\t\t\t<li><i>Instagram<\/i> @centroculturalespacios<\/li>\n\t\t\t\t\t<\/ul>\n\t<\/div>\n<\/div><\/div>\n<\/div>\n\n\t<\/div>\n<\/section>\n\n\n<section style=\" padding-top: 75px; padding-bottom: 75px; border-width: 0px 0px 0px 0px\" id=\"section_454be2beb9ad6ee1a03719611072d900\" class=\"fw-main-row \"  >\n\t<div class=\"fw-container\">\n\t\t<div class=\"fw-row\">\n\t\n<div style=\"padding: 0 15px 0 15px;\" class=\"fw-col-xs-12 \">\n\t<header>\n<h2 class=\"left \" style=\"color: #ec7532\">\n\t\t\tApoyos\t<\/h2>\n<\/header>\n\t<aside style=\"color: ; font-size: \">\n\t\t<h4>El Festival Internacional de Teatro de T\u00edteres y objetos animados 2023:<\/h4><ul><li><p style=\"font-weight: 400;\">Instituto Nacional del Teatro<\/p><\/li><li><p style=\"font-weight: 400;\">Programa IBERESCENA x 2<\/p><\/li><li><p style=\"font-weight: 400;\">Universidad Nacional de Gral. San Mart\u00edn<\/p><\/li><li><p style=\"font-weight: 400;\">Instituto Cultural de la Pcia de Buenos Aires<\/p><\/li><li><p style=\"font-weight: 400;\">CPTI Consejo Provincial del Teatro Independiente}Municipalidad de Gral San Mart\u00edn<\/p><\/li><li><p style=\"font-weight: 400;\">FAE Fondo de Las Artes Esc\u00e9nicas de Gral. San Mart\u00edn<\/p><\/li><\/ul>\t<\/aside>\n\n\t<aside style=\"color: ; font-size: \">\n\t\t<p><img class=\"alignnone wp-image-1490 aligncenter\" src=\"http:\/\/www.mundotiterefest.com.ar\/2025\/wp-content\/uploads\/2025\/08\/INT-300x141.jpg\" alt=\"INT\" width=\"247\" height=\"108\" \/> \u00a0 \u00a0 \u00a0 <img class=\"alignnone wp-image-1491 aligncenter\" src=\"http:\/\/www.mundotiterefest.com.ar\/2025\/wp-content\/uploads\/2025\/08\/IBERESCENA.jpg\" alt=\"IBERESCENA\" width=\"223\" height=\"50\" \/>\u00a0 \u00a0 \u00a0 \u00a0 <img class=\"alignnone wp-image-1492 aligncenter\" src=\"http:\/\/www.mundotiterefest.com.ar\/2025\/wp-content\/uploads\/2025\/08\/IBERESCENA2-300x158.jpg\" alt=\"\" width=\"197\" height=\"123\" \/> \u00a0<img class=\"aligncenter\" src=\"https:\/\/upload.wikimedia.org\/wikipedia\/commons\/8\/8d\/Logo_UNSAM.png\" alt=\"Universidad Nacional de General San Mart\u00edn - Wikipedia, la enciclopedia libre\" width=\"194\" height=\"70\" \/>\u00a0 \u00a0 \u00a0<img class=\"alignnone wp-image-805 aligncenter\" src=\"http:\/\/www.mundotiterefest.com.ar\/2023\/wp-content\/uploads\/2023\/08\/casadetiteres22apoyo.jpg\" alt=\"Cultura Gobierno de Buenos Aires\" width=\"249\" height=\"149\" \/><img class=\"alignnone wp-image-1493 aligncenter\" src=\"http:\/\/www.mundotiterefest.com.ar\/2025\/wp-content\/uploads\/2025\/08\/cpti.png\" alt=\"cpti\" width=\"112\" height=\"170\" \/> <img class=\"alignnone size-medium wp-image-1494 aligncenter\" src=\"http:\/\/www.mundotiterefest.com.ar\/2025\/wp-content\/uploads\/2025\/08\/SM-300x300.jpg\" alt=\"SM\" width=\"300\" height=\"300\" \/>\u00a0 \u00a0<img class=\"alignnone wp-image-861 aligncenter\" src=\"http:\/\/www.mundotiterefest.com.ar\/2023\/wp-content\/uploads\/2023\/08\/SANMARTIN-300x199.jpg\" alt=\"San Martin\" width=\"220\" height=\"115\" \/> \u00a0<img class=\"alignnone wp-image-1360 aligncenter\" src=\"http:\/\/www.mundotiterefest.com.ar\/2025\/wp-content\/uploads\/2025\/08\/FFAE-BIG-RGB-WHITE-300x195.jpg\" alt=\"\" width=\"167\" height=\"118\" \/><\/p>\t<\/aside>\n\n\t<div class=\"fw-divider-space\" style=\"padding-top: 50px;\"><\/div>\n\n\t<aside style=\"color: ; font-size: \">\n\t\t<h4>Otros apoyos<\/h4><p style=\"font-weight: 400;\">Uni\u00f3n Internacional de la Marioneta (UNIMA), ATINA (Asociaci\u00f3n de Teatristas para Infancia y Juventud)-ASSITEJ Argentina, C\u00e1mara Empresaria de Gral. San Mart\u00edn, Bomberos Voluntarios de Villa Ballester, Colegio H\u00f6lters, Fundaci\u00f3n Hernandiana, Compa\u00f1\u00eda Nacional de F\u00f3sforos, Festival Internacional de Teatro \u201cPIROLOG\u00cdAS\u201d, Cooperativa Teatral Las 4 Plumas, CONO TEATRAL, Siete Octavos, El Club de La M\u00fasica, Centro Cultural Ana Pavlova, Asociaci\u00f3n Cultural Marienheim, Espacio Victorium, Biblioteca Popular Bernardino Rivadavia, Orquesta Infantil y Juvenil, Biblioteca Popular Bernardino Rivadavia, GLOBOS TUKY, Basta Pablo Rest\u00f3, Club de Leones de Villa Ballester, Fabro Cultura Visual, Guali Catering, El armenio.<\/p>\t<\/aside>\n\n\t<aside style=\"color: ; font-size: \">\n\t\t<p>&nbsp;<\/p><p><img class=\"alignnone wp-image-1441 aligncenter\" src=\"http:\/\/www.mundotiterefest.com.ar\/2025\/wp-content\/uploads\/2025\/08\/unima-300x246.jpg\" alt=\"UNIMA\" width=\"126\" height=\"88\" \/> <img class=\"alignnone wp-image-1495 aligncenter\" src=\"http:\/\/www.mundotiterefest.com.ar\/2025\/wp-content\/uploads\/2025\/08\/atina.png\" alt=\"atina\" width=\"134\" height=\"132\" \/>\u00a0 \u00a0<img class=\"alignnone wp-image-1496 aligncenter\" src=\"http:\/\/www.mundotiterefest.com.ar\/2025\/wp-content\/uploads\/2025\/08\/asitej.png\" alt=\"\" width=\"131\" height=\"135\" \/><img class=\"alignnone wp-image-1497\" src=\"http:\/\/www.mundotiterefest.com.ar\/2025\/wp-content\/uploads\/2025\/08\/camara-empresaria.jpg\" alt=\"\" width=\"118\" height=\"100\" \/>\u00a0 <img class=\"alignnone wp-image-1498\" src=\"http:\/\/www.mundotiterefest.com.ar\/2025\/wp-content\/uploads\/2025\/08\/bomberos-300x200.png\" alt=\"\" width=\"171\" height=\"109\" \/>\u00a0<img class=\"alignnone wp-image-1364 \" src=\"http:\/\/www.mundotiterefest.com.ar\/2025\/wp-content\/uploads\/2025\/08\/Colegio-Holters-259x300.jpg\" alt=\"\" width=\"105\" height=\"116\" \/> \u00a0\u00a0 \u00a0 <img class=\"alignnone wp-image-1462\" src=\"http:\/\/www.mundotiterefest.com.ar\/2025\/wp-content\/uploads\/2025\/08\/fundacion-hernandiana-300x300.png\" alt=\"\" width=\"121\" height=\"122\" \/>\u00a0<img class=\"alignnone wp-image-1438\" src=\"http:\/\/www.mundotiterefest.com.ar\/2025\/wp-content\/uploads\/2025\/08\/compania-fosforos-300x167.png\" alt=\"\" width=\"162\" height=\"102\" \/> <img class=\"alignnone wp-image-1439\" src=\"http:\/\/www.mundotiterefest.com.ar\/2025\/wp-content\/uploads\/2025\/08\/pirologias-300x100.png\" alt=\"\" width=\"253\" height=\"94\" \/> <img class=\"alignnone wp-image-1442\" src=\"http:\/\/www.mundotiterefest.com.ar\/2025\/wp-content\/uploads\/2025\/08\/IMG-20250701-WA0038-1-300x300.jpg\" alt=\"\" width=\"143\" height=\"112\" \/>\u00a0 \u00a0 \u00a0<img class=\"alignnone wp-image-1443\" src=\"http:\/\/www.mundotiterefest.com.ar\/2025\/wp-content\/uploads\/2025\/08\/IMG-20250818-WA0010-204x300.jpg\" alt=\"\" width=\"127\" height=\"130\" \/>\u00a0 \u00a0 <img class=\"alignnone wp-image-1499\" src=\"http:\/\/www.mundotiterefest.com.ar\/2025\/wp-content\/uploads\/2025\/08\/sieteoctavos.png\" alt=\"\" width=\"128\" height=\"131\" \/> <img class=\"alignnone wp-image-1365 \" src=\"http:\/\/www.mundotiterefest.com.ar\/2025\/wp-content\/uploads\/2025\/08\/CLUB-MUSICA-1-300x266.jpg\" alt=\"\" width=\"149\" height=\"132\" \/><\/p><p style=\"font-weight: 400;\"><img class=\"alignnone wp-image-1422 aligncenter\" src=\"http:\/\/www.mundotiterefest.com.ar\/2025\/wp-content\/uploads\/2025\/08\/culturalpavloba.jpg\" alt=\"\" width=\"184\" height=\"118\" \/>\u00a0 \u00a0 <img class=\"alignnone wp-image-1322 aligncenter\" src=\"http:\/\/www.mundotiterefest.com.ar\/2025\/wp-content\/uploads\/2025\/07\/Marienheim-300x187.jpg\" alt=\"\" width=\"178\" height=\"106\" \/>\u00a0 \u00a0\u00a0<img class=\"alignnone wp-image-1321 aligncenter\" src=\"http:\/\/www.mundotiterefest.com.ar\/2025\/wp-content\/uploads\/2025\/07\/Logo-fondo-blanco.jpg\" alt=\"Espacio Victorium\" width=\"135\" height=\"151\" \/>\u00a0 \u00a0 \u00a0 \u00a0 <img class=\"alignnone wp-image-1444 aligncenter\" src=\"http:\/\/www.mundotiterefest.com.ar\/2025\/wp-content\/uploads\/2025\/08\/IMG-20250818-WA0041-300x300.jpg\" alt=\"\" width=\"142\" height=\"136\" \/>\u00a0 \u00a0 \u00a0 \u00a0Orquesta Infantil y Juvenil\u00a0 \u00a0 \u00a0 \u00a0 <img class=\"alignnone wp-image-1445 aligncenter\" src=\"http:\/\/www.mundotiterefest.com.ar\/2025\/wp-content\/uploads\/2025\/08\/IMG-20250808-WA0038-300x300.jpg\" alt=\"\" width=\"134\" height=\"95\" \/>\u00a0 \u00a0 \u00a0 \u00a0<img class=\"alignnone wp-image-1366 aligncenter\" src=\"http:\/\/www.mundotiterefest.com.ar\/2025\/wp-content\/uploads\/2025\/08\/bastapablo2-300x274.jpg\" alt=\"\" width=\"113\" height=\"111\" \/>\u00a0 \u00a0\u00a0 <img class=\"alignnone wp-image-1363 aligncenter\" src=\"http:\/\/www.mundotiterefest.com.ar\/2025\/wp-content\/uploads\/2025\/08\/acba-300x300.jpg\" alt=\"\" width=\"139\" height=\"138\" \/>\u00a0 \u00a0 \u00a0<img class=\"alignnone wp-image-1476 aligncenter\" src=\"http:\/\/www.mundotiterefest.com.ar\/2025\/wp-content\/uploads\/2025\/08\/fabro-logo-07-300x229.jpg\" alt=\"\" width=\"139\" height=\"113\" \/> <img class=\"alignnone wp-image-1574\" src=\"http:\/\/www.mundotiterefest.com.ar\/2025\/wp-content\/uploads\/2025\/09\/caterign-300x300.jpg\" alt=\"\" width=\"194\" height=\"195\" \/>\u00a0 \u00a0 <img class=\"alignnone size-medium wp-image-1577\" src=\"http:\/\/www.mundotiterefest.com.ar\/2025\/wp-content\/uploads\/2025\/10\/elarmenio-300x123.jpg\" alt=\"elarmenio\" width=\"300\" height=\"123\" \/><\/p>\t<\/aside>\n<\/div>\n<\/div>\n\n\t<\/div>\n<\/section>\n<\/p>\n","protected":false},"excerpt":{"rendered":"<p>Compa\u00f1ia Omar Alvarez El grupo originalmente formado por los hermanos Omar y Claudio Alvarez trabaja desde 1987 y desde entonces crearon los espect\u00e1culos \u201cSemillas de Paz\u201d (1987), \u201cTiempo de T\u00edteres\u201d (1990),\u201dHistorias para Crecer\u201d(1992), \u201cDe los Pies a la Cabeza\u201d (1995), realizando presentaciones de manera itinerante en instituciones y teatros de la Capital Federal y Buenos [&hellip;]<\/p>\n","protected":false},"author":1,"featured_media":0,"parent":0,"menu_order":0,"comment_status":"closed","ping_status":"closed","template":"","meta":[],"_links":{"self":[{"href":"https:\/\/www.mundotiterefest.com.ar\/2025\/wp-json\/wp\/v2\/pages\/277"}],"collection":[{"href":"https:\/\/www.mundotiterefest.com.ar\/2025\/wp-json\/wp\/v2\/pages"}],"about":[{"href":"https:\/\/www.mundotiterefest.com.ar\/2025\/wp-json\/wp\/v2\/types\/page"}],"author":[{"embeddable":true,"href":"https:\/\/www.mundotiterefest.com.ar\/2025\/wp-json\/wp\/v2\/users\/1"}],"replies":[{"embeddable":true,"href":"https:\/\/www.mundotiterefest.com.ar\/2025\/wp-json\/wp\/v2\/comments?post=277"}],"version-history":[{"count":44,"href":"https:\/\/www.mundotiterefest.com.ar\/2025\/wp-json\/wp\/v2\/pages\/277\/revisions"}],"predecessor-version":[{"id":1578,"href":"https:\/\/www.mundotiterefest.com.ar\/2025\/wp-json\/wp\/v2\/pages\/277\/revisions\/1578"}],"wp:attachment":[{"href":"https:\/\/www.mundotiterefest.com.ar\/2025\/wp-json\/wp\/v2\/media?parent=277"}],"curies":[{"name":"wp","href":"https:\/\/api.w.org\/{rel}","templated":true}]}}