{"id":278,"date":"2021-09-17T20:18:59","date_gmt":"2021-09-17T20:18:59","guid":{"rendered":"http:\/\/www.mundotiterefest.com.ar\/2025\/?page_id=278"},"modified":"2025-08-30T21:08:21","modified_gmt":"2025-08-30T21:08:21","slug":"festival","status":"publish","type":"page","link":"https:\/\/www.mundotiterefest.com.ar\/2025\/festival\/","title":{"rendered":"Festival"},"content":{"rendered":"<p>\n\n<section style=\" padding-top: 75px; padding-bottom: 75px; border-width: 0px 0px 0px 0px\" id=\"section_e9a65d834284b7fdb109d26b1b065d1c\" class=\"fw-main-row \"  >\n\t<div class=\"fw-container\">\n\t\t<div class=\"fw-row\">\n\t\n<div style=\"padding: 0 15px 0 15px;\" class=\"fw-col-xs-12 \">\n\t<header>\n<h2 class=\"left \" style=\"color: #ec7532\">\n\t\t\t4\u00b0 FESTIVAL DE TEATRO DE T\u00cdTERES Y OBJETOS ANIMADOS 2025\t<\/h2>\n<\/header><\/div>\n<\/div>\n\n<div class=\"fw-row\">\n\t\n<div style=\"padding: 0 15px 0 15px;\" class=\"fw-col-xs-12 \">\n\t\n\t<aside style=\"color: ; font-size: \">\n\t\t<h4>El Festival \u201cMundo T\u00edtere Fest\u201d se propone como evento de proyecci\u00f3n internacional que permite que el p\u00fablico de Villa Ballester conozcan el arte de los t\u00edteres en sus diferentes representaciones a trav\u00e9s de espect\u00e1culos art\u00edsticos de primer nivel. Adem\u00e1s es un espacio para la creaci\u00f3n de redes de intercambio entre artistas locales e internacionales, organizaciones p\u00fablicas y privadas y un medio para la profesionalizaci\u00f3n del sector cultural de las artes esc\u00e9nicas en la Provincia de Buenos Aires.<\/h4>\t<\/aside>\n<\/div>\n<\/div>\n\n<div class=\"fw-row\">\n\t\n<div style=\"padding: 0 15px 0 15px;\" class=\"fw-col-xs-12 \">\n\t\n<\/div>\n<\/div>\n\n<div class=\"fw-row\">\n\t\n<div style=\"padding: 0 15px 0 15px;\" class=\"fw-col-xs-12 \">\n\t\n\t<aside style=\"color: ; font-size: \">\n\t\t<p><strong>4. Puppet Festival \u201cMundo T\u00edtere Fest\u201d 2025<\/strong><br \/>The \u201cMundo T\u00edtere Fest\u201d Puppet \u00a0Festival is proposed as an event of projection that allows\u00a0 puppetry in its different representations through first-rate artistic shows. It is also a space for the creation of exchange networks between local and international artists, public and private organizations and a means for the professionalization of the cultural sector of the performing arts in the Province of Buenos Aires.<\/p>\t<\/aside>\n<\/div>\n<\/div>\n\n\t<\/div>\n<\/section>\n\n\n<section style=\" padding-top: 75px; padding-bottom: 75px; border-width: 0px 0px 0px 0px\" id=\"section_a03ff2502e6ba8c4d558d956008eeb15\" class=\"fw-main-row \"  >\n\t<div class=\"fw-container\">\n\t\t<div class=\"fw-row\">\n\t\n<div style=\"padding: 0 15px 0 15px;\" class=\"fw-col-xs-12 \">\n\t<img src=\"\/\/www.mundotiterefest.com.ar\/2025\/wp-content\/uploads\/2025\/08\/mundotitere-slide-banner-1.jpg\" alt=\"Mundo Titere 2025\" \/><\/div>\n<\/div>\n\n\t<\/div>\n<\/section>\n\n\n<section style=\" padding-top: 75px; padding-bottom: 75px; border-width: 0px 0px 0px 0px\" id=\"section_5f317a67448afc189943619beedd117d\" class=\"fw-main-row \"  >\n\t<div class=\"fw-container\">\n\t\t<div class=\"fw-row\">\n\t\n<div style=\"padding: 0 15px 0 15px;\" class=\"fw-col-xs-12 \">\n\t\n\t<aside style=\"color: ; font-size: \">\n\t\t<h3 class=\"no-underline\">Objetivos a Mediano y Largo Plazo<\/h3><ul><li>Descentralizar las actividades culturales de la capital del pa\u00eds, favoreciendo en especial a sectores de la poblaci\u00f3n con menos recursos, a trav\u00e9s de presentaciones esc\u00e9nicas, actividad pedag\u00f3gica e intercambios culturales; formando a un p\u00fablico \u00e1vido de consumo cultural y con capacidad cr\u00edtica para valorar el quehacer de los artistas y los gestores culturales.<\/li><li>Acercar espect\u00e1culos de calidad que presenten propuestas innovadoras y que respeten su<br \/>compromiso est\u00e9tico.<\/li><li>Contribuir al desarrollo social, art\u00edstico y cultural de las comunidades donde se desarrolla el festival.<\/li><li>Fomentar la conciencia de espectadores entre los habitantes del distrito y de las localidades<br \/>aleda\u00f1as.<\/li><li>Generar un espacio propio de encuentro, investigaci\u00f3n y quehacer teatral, contribuyendo al intercambio cultural entre los grupos participantes, a partir de lo cual se puedan discutir y dar espacios de soluci\u00f3n a las problem\u00e1ticas del teatro independiente en nuestras comunidades.<\/li><li>Fomentar la conciencia de las instituciones culturales, de los capitales privados, organizaciones, escuelas, etc., as\u00ed como de todos los lugares del sector p\u00fablico relacionados con la cultura, en la importancia de generar, apoyar y dar cauce a los emprendimientos teatrales y culturales en general.<\/li><li>Generar espacios de promoci\u00f3n y difusi\u00f3n de las obras de los grupos participantes nacionales e internacionales, a trav\u00e9s de su vinculaci\u00f3n con otros festivales, curadores de festivales, programadores y promotores culturales.<\/li><li>Generar un espacio de identificaci\u00f3n del Conurbano Bonaerense como una totalidad compuesta por colectivos, artistas y grupos de trabajo muy heterog\u00e9neos, pero en los que pueden sin embargo detectarse l\u00edneas est\u00e9ticas precisas.<\/li><\/ul>\t<\/aside>\n<\/div>\n<\/div>\n\n<div class=\"fw-row\">\n\t\n<div style=\"padding: 0 15px 0 15px;\" class=\"fw-col-xs-12 \">\n\t\n<\/div>\n<\/div>\n\n<div class=\"fw-row\">\n\t\n<div style=\"padding: 0 15px 0 15px;\" class=\"fw-col-xs-12 \">\n\t\n\t<aside style=\"color: ; font-size: \">\n\t\t<p class=\"no-underline\"><strong>Medium and Long Term Objectives<\/strong><\/p><ul><li>Decentralize the cultural activities of the capitol of the country, favoring especially sectors of the population with fewer resources, through stage presentations, educational activities and cultural exchanges; training a public eager for cultural consumption and with a critical capacity to value the work of artists and cultural managers.<\/li><li>Bringing quality shows that present innovative proposals and that respect their aesthetic compromise.<\/li><li>Contribute to the social, artistic and cultural development of the communities where the festival takes place.<\/li><li>Promote audiences awareness among the inhabitants of the district and localities surrounding.<\/li><li>Generate an space for meeting, research and theatrical work, contributing to cultural exchange between the participating groups, from which they can discuss and provide solutions to the problems of independent theater in our communities.<\/li><li>Foster the awareness of cultural institutions, private capital, organizations, schools, etc., as well as all places in the public sector related to culture, of the importance of generating, supporting and channeling theatrical undertakings and cultural in general.<\/li><li>Generate spaces for the promotion and dissemination of the works of the participating national and international groups, through their links with other festivals, festival curators, programmers and cultural promoters.<\/li><li>Generate a space for identifying the Greater Buenos Aires as a whole made up of collectives, artists and very heterogeneous work groups, but in which precise aesthetic lines can nevertheless be detected.<\/li><\/ul>\t<\/aside>\n<\/div>\n<\/div>\n\n\t<\/div>\n<\/section>\n\n\n<section style=\" padding-top: 75px; padding-bottom: 75px; border-width: 0px 0px 0px 0px\" id=\"section_12e120a333e59557354da6e1b28c463e\" class=\"fw-main-row \"  >\n\t<div class=\"fw-container\">\n\t\t<div class=\"fw-row\">\n\t\n<div style=\"padding: 0 15px 0 15px;\" class=\"fw-col-xs-12 \">\n\t\n\t<aside style=\"color: ; font-size: \">\n\t\t<h2>El festival en historia<\/h2>\t<\/aside>\n<\/div>\n<\/div>\n\n\t<\/div>\n<\/section>\n\n\n<section style=\" padding-top: 75px; padding-bottom: 75px; border-width: 0px 0px 0px 0px\" id=\"section_40008dd9432b9221092c0681f415525f\" class=\"fw-main-row \"  >\n\t<div class=\"fw-container\">\n\t\t<div class=\"fw-row\">\n\t\n<div style=\"padding: 0 15px 0 15px;\" class=\"fw-col-xs-12 fw-col-sm-4 \">\n\t<a href=\"https:\/\/www.youtube.com\/watch?v=nmhEXeGv5hg&amp;t=2s\" target=\"_blank\" ><img src=\"https:\/\/www.mundotiterefest.com.ar\/2025\/wp-content\/uploads\/2025\/08\/mundotitere-fest-2023-300x200.jpg\" alt=\"https:\/\/www.mundotiterefest.com.ar\/2025\/wp-content\/uploads\/2025\/08\/mundotitere-fest-2023-300x200.jpg\" width=\"300\" height=\"200\" \/><\/a><\/div>\n\n<div style=\"padding: 0 15px 0 15px;\" class=\"fw-col-xs-12 fw-col-sm-4 \">\n\t<a href=\"https:\/\/www.youtube.com\/shorts\/Ke7TMBxULCY\" target=\"_blank\" ><img src=\"https:\/\/www.mundotiterefest.com.ar\/2025\/wp-content\/uploads\/2025\/08\/mundotitere-fest-2021-300x200.jpg\" alt=\"https:\/\/www.mundotiterefest.com.ar\/2025\/wp-content\/uploads\/2025\/08\/mundotitere-fest-2021-300x200.jpg\" width=\"300\" height=\"200\" \/><\/a><\/div>\n\n<div style=\"padding: 0 15px 0 15px;\" class=\"fw-col-xs-12 fw-col-sm-4 \">\n\t<a href=\"https:\/\/www.youtube.com\/watch?v=mQyoxGx-yEA\" target=\"_blank\" ><img src=\"https:\/\/www.mundotiterefest.com.ar\/2025\/wp-content\/uploads\/2025\/08\/mundotitere-fest-2019-300x200.jpg\" alt=\"https:\/\/www.mundotiterefest.com.ar\/2025\/wp-content\/uploads\/2025\/08\/mundotitere-fest-2019-300x200.jpg\" width=\"300\" height=\"200\" \/><\/a><\/div>\n<\/div>\n\n\t<\/div>\n<\/section>\n<\/p>\n","protected":false},"excerpt":{"rendered":"<p>4\u00b0 FESTIVAL DE TEATRO DE T\u00cdTERES Y OBJETOS ANIMADOS 2025 El Festival \u201cMundo T\u00edtere Fest\u201d se propone como evento de proyecci\u00f3n internacional que permite que el p\u00fablico de Villa Ballester conozcan el arte de los t\u00edteres en sus diferentes representaciones a trav\u00e9s de espect\u00e1culos art\u00edsticos de primer nivel. Adem\u00e1s es un espacio para la creaci\u00f3n [&hellip;]<\/p>\n","protected":false},"author":1,"featured_media":0,"parent":0,"menu_order":0,"comment_status":"closed","ping_status":"closed","template":"","meta":[],"_links":{"self":[{"href":"https:\/\/www.mundotiterefest.com.ar\/2025\/wp-json\/wp\/v2\/pages\/278"}],"collection":[{"href":"https:\/\/www.mundotiterefest.com.ar\/2025\/wp-json\/wp\/v2\/pages"}],"about":[{"href":"https:\/\/www.mundotiterefest.com.ar\/2025\/wp-json\/wp\/v2\/types\/page"}],"author":[{"embeddable":true,"href":"https:\/\/www.mundotiterefest.com.ar\/2025\/wp-json\/wp\/v2\/users\/1"}],"replies":[{"embeddable":true,"href":"https:\/\/www.mundotiterefest.com.ar\/2025\/wp-json\/wp\/v2\/comments?post=278"}],"version-history":[{"count":36,"href":"https:\/\/www.mundotiterefest.com.ar\/2025\/wp-json\/wp\/v2\/pages\/278\/revisions"}],"predecessor-version":[{"id":1457,"href":"https:\/\/www.mundotiterefest.com.ar\/2025\/wp-json\/wp\/v2\/pages\/278\/revisions\/1457"}],"wp:attachment":[{"href":"https:\/\/www.mundotiterefest.com.ar\/2025\/wp-json\/wp\/v2\/media?parent=278"}],"curies":[{"name":"wp","href":"https:\/\/api.w.org\/{rel}","templated":true}]}}