{"id":297,"date":"2021-09-20T15:32:07","date_gmt":"2021-09-20T15:32:07","guid":{"rendered":"http:\/\/www.mundotiterefest.com.ar\/2025\/?page_id=297"},"modified":"2025-08-31T17:49:09","modified_gmt":"2025-08-31T17:49:09","slug":"talleres","status":"publish","type":"page","link":"https:\/\/www.mundotiterefest.com.ar\/2025\/talleres\/","title":{"rendered":"Talleres"},"content":{"rendered":"\n\n<section style=\" padding-top: 75px; padding-bottom: 75px; border-width: 0px 0px 0px 0px\" id=\"section_af2eca5cdcb7805dc52ae0013469e946\" class=\"fw-main-row \"  >\n\t<div class=\"fw-container\">\n\t\t<div class=\"fw-row\">\n\t\n<div style=\"padding: 0 15px 0 15px;\" class=\"fw-col-xs-12 \">\n\t<header>\n<h2 class=\"left \" style=\"color: #ec7532\">\n\t\t\tProgramaci\u00f3n \t<\/h2>\n<\/header>\n\n<div class=\"slick-carousel\" id=\"newIn\">\n\t\t\t\t<div class=\"movie-slide\">\n\t\t\t<div class=\"movie-poster\">\n\t\t\t\t<aside>\n\t\t\t\t\t<div>\n\t\t\t\t\t\t\t\t\t\t\t\t<a href=\"https:\/\/www.mundotiterefest.com.ar\/2025\/movies\/capacitacion-a-emprendedores-y-estudiantes-de-artepolimodal-locales\/\" title=\"Capacitaci\u00f3n a Emprendedores y Estudiantes de Arte (Polimodal) locales\" class=\"read-more\">\n\t\t\t\t\t\t\tLeer m\u00e1s\t\t\t\t\t\t<\/a>\n\t\t\t\t\t\t\t\t\t\t\t<\/div>\n\t\t\t\t<\/aside>\n\t\t\t\t<a href=\"https:\/\/www.mundotiterefest.com.ar\/2025\/movies\/capacitacion-a-emprendedores-y-estudiantes-de-artepolimodal-locales\/\" title=\"Capacitaci\u00f3n a Emprendedores y Estudiantes de Arte (Polimodal) locales\">\n\t\t\t\t\t<img src=\"https:\/\/www.mundotiterefest.com.ar\/2025\/wp-content\/uploads\/2025\/08\/IMG-20250808-WA0032-270x340.jpg\" alt=\"Capacitaci\u00f3n a Emprendedores y Estudiantes de Arte (Polimodal) locales\" \/>\n\t\t\t\t<\/a>\n\t\t\t<\/div>\n\t\t\t<h4 class=\"no-underline\">Capacitaci\u00f3n a Emprendedores y Estudiantes de Arte (Polimodal) locales<\/h4>\n\t\t\t<div class=\"star-rating\">\n\t\t\t\t\t\t\t<\/div>\n\t\t<\/div>\n\t\t\t\n\t\t\t\t<div class=\"movie-slide\">\n\t\t\t<div class=\"movie-poster\">\n\t\t\t\t<aside>\n\t\t\t\t\t<div>\n\t\t\t\t\t\t\t\t\t\t\t\t<a href=\"https:\/\/www.mundotiterefest.com.ar\/2025\/movies\/marionetasonline\/\" title=\"Curso virtual de marionetas\" class=\"read-more\">\n\t\t\t\t\t\t\tLeer m\u00e1s\t\t\t\t\t\t<\/a>\n\t\t\t\t\t\t\t\t\t\t\t<\/div>\n\t\t\t\t<\/aside>\n\t\t\t\t<a href=\"https:\/\/www.mundotiterefest.com.ar\/2025\/movies\/marionetasonline\/\" title=\"Curso virtual de marionetas\">\n\t\t\t\t\t<img src=\"https:\/\/www.mundotiterefest.com.ar\/2025\/wp-content\/uploads\/2025\/08\/curso-marionetas-270x340.jpg\" alt=\"Curso virtual de marionetas\" \/>\n\t\t\t\t<\/a>\n\t\t\t<\/div>\n\t\t\t<h4 class=\"no-underline\">Curso virtual de marionetas<\/h4>\n\t\t\t<div class=\"star-rating\">\n\t\t\t\t\t\t\t<\/div>\n\t\t<\/div>\n\t\t\t\n\t\t\t\t<div class=\"movie-slide\">\n\t\t\t<div class=\"movie-poster\">\n\t\t\t\t<aside>\n\t\t\t\t\t<div>\n\t\t\t\t\t\t\t\t\t\t\t\t<a href=\"https:\/\/www.mundotiterefest.com.ar\/2025\/movies\/dramaturgia-titeres-objetos\/\" title=\"Dramaturgia en teatro de t\u00edteres y objetos\" class=\"read-more\">\n\t\t\t\t\t\t\tLeer m\u00e1s\t\t\t\t\t\t<\/a>\n\t\t\t\t\t\t\t\t\t\t\t<\/div>\n\t\t\t\t<\/aside>\n\t\t\t\t<a href=\"https:\/\/www.mundotiterefest.com.ar\/2025\/movies\/dramaturgia-titeres-objetos\/\" title=\"Dramaturgia en teatro de t\u00edteres y objetos\">\n\t\t\t\t\t<img src=\"https:\/\/www.mundotiterefest.com.ar\/2025\/wp-content\/uploads\/2025\/08\/mundotiterefest-270x340.jpg\" alt=\"Dramaturgia en teatro de t\u00edteres y objetos\" \/>\n\t\t\t\t<\/a>\n\t\t\t<\/div>\n\t\t\t<h4 class=\"no-underline\">Dramaturgia en teatro de t\u00edteres y objetos<\/h4>\n\t\t\t<div class=\"star-rating\">\n\t\t\t\t\t\t\t<\/div>\n\t\t<\/div>\n\t\t\t\n\t\t\t\t<div class=\"movie-slide\">\n\t\t\t<div class=\"movie-poster\">\n\t\t\t\t<aside>\n\t\t\t\t\t<div>\n\t\t\t\t\t\t\t\t\t\t\t\t<a href=\"https:\/\/www.mundotiterefest.com.ar\/2025\/movies\/titere-como-medio-expresion\/\" title=\"El T\u00edtere como medio de expresi\u00f3n\" class=\"read-more\">\n\t\t\t\t\t\t\tLeer m\u00e1s\t\t\t\t\t\t<\/a>\n\t\t\t\t\t\t\t\t\t\t\t<\/div>\n\t\t\t\t<\/aside>\n\t\t\t\t<a href=\"https:\/\/www.mundotiterefest.com.ar\/2025\/movies\/titere-como-medio-expresion\/\" title=\"El T\u00edtere como medio de expresi\u00f3n\">\n\t\t\t\t\t<img src=\"https:\/\/www.mundotiterefest.com.ar\/2025\/wp-content\/uploads\/2025\/08\/nenes-270x340.jpg\" alt=\"El T\u00edtere como medio de expresi\u00f3n\" \/>\n\t\t\t\t<\/a>\n\t\t\t<\/div>\n\t\t\t<h4 class=\"no-underline\">El T\u00edtere como medio de expresi\u00f3n<\/h4>\n\t\t\t<div class=\"star-rating\">\n\t\t\t\t\t\t\t<\/div>\n\t\t<\/div>\n\t\t\t\n\t<\/div>\n\n<script>\n\tjQuery(document).ready(function($){\n\t\t\n\t\t$('#newIn').not('.slick-initialized').slick({\n\t\t\tautoplay: false,\n\t\t\tautoplaySpeed: 3000,\n\t\t\tslidesToShow: 4,\n\t\t\tcenterPadding: '60px',\n\t\t\tnextArrow: '<i class=\"fa fa-angle-right right\"><\/i>',\n\t\t\tprevArrow: '<i class=\"fa fa-angle-left left\"><\/i>',\n  \t\t\tresponsive: [\n\t\t\t    {\n\t\t\t      breakpoint: 991,\n\t\t\t      settings: {\n\t\t\t        slidesToShow: 4,\n\t\t\t        slidesToScroll: 1\n\t\t\t      }\n\t\t\t    },\n\t\t\t    {\n\t\t\t      breakpoint: 768,\n\t\t\t      settings: {\n\t\t\t        slidesToShow: 3,\n\t\t\t        slidesToScroll: 1\n\t\t\t      }\n\t\t\t    },\n\t\t\t    {\n\t\t\t      breakpoint: 480,\n\t\t\t      settings: {\n\t\t\t        slidesToShow: 2,\n\t\t\t        slidesToScroll: 1\n\t\t\t      }\n\t\t\t    }\n\t\t\t  ]\n\t\t});\n\n\t});\n<\/script><\/div>\n<\/div>\n\n\t<\/div>\n<\/section>\n\n","protected":false},"excerpt":{"rendered":"<p>Sinopsis El T\u00edtere como medio de expresi\u00f3n: sus posibilidades y recursos en la escuela Se abordar\u00e1n tem\u00e1ticas como tem\u00e1ticas: T\u00edtere, definiciones;Maestres Titiriteres;T\u00e9cnicas; T\u00edtulo y juego; la improvisaci\u00f3n y el \u00e1mbito expresivo; el t\u00edtulo en el aula y realizaci\u00f3n.P\u00fablico destinatario:\u00a0200 docentes de instituciones p\u00fablicas y privadas\u00a0de niveles inicial, Primaro y Secundario.Tem\u00e1ticas propuestasT\u00edtulo, definici\u00f3n;Maestros Titiriteres;T\u00e9cnicas; T\u00edtulo y [&hellip;]<\/p>\n","protected":false},"author":1,"featured_media":0,"parent":0,"menu_order":0,"comment_status":"closed","ping_status":"closed","template":"page-templates\/page-builder.php","meta":[],"_links":{"self":[{"href":"https:\/\/www.mundotiterefest.com.ar\/2025\/wp-json\/wp\/v2\/pages\/297"}],"collection":[{"href":"https:\/\/www.mundotiterefest.com.ar\/2025\/wp-json\/wp\/v2\/pages"}],"about":[{"href":"https:\/\/www.mundotiterefest.com.ar\/2025\/wp-json\/wp\/v2\/types\/page"}],"author":[{"embeddable":true,"href":"https:\/\/www.mundotiterefest.com.ar\/2025\/wp-json\/wp\/v2\/users\/1"}],"replies":[{"embeddable":true,"href":"https:\/\/www.mundotiterefest.com.ar\/2025\/wp-json\/wp\/v2\/comments?post=297"}],"version-history":[{"count":20,"href":"https:\/\/www.mundotiterefest.com.ar\/2025\/wp-json\/wp\/v2\/pages\/297\/revisions"}],"predecessor-version":[{"id":1368,"href":"https:\/\/www.mundotiterefest.com.ar\/2025\/wp-json\/wp\/v2\/pages\/297\/revisions\/1368"}],"wp:attachment":[{"href":"https:\/\/www.mundotiterefest.com.ar\/2025\/wp-json\/wp\/v2\/media?parent=297"}],"curies":[{"name":"wp","href":"https:\/\/api.w.org\/{rel}","templated":true}]}}