{"id":593,"date":"2021-10-13T17:34:24","date_gmt":"2021-10-13T17:34:24","guid":{"rendered":"http:\/\/www.mundotiterefest.com.ar\/2025\/?page_id=593"},"modified":"2025-08-31T20:37:54","modified_gmt":"2025-08-31T20:37:54","slug":"como-contribuir","status":"publish","type":"page","link":"https:\/\/www.mundotiterefest.com.ar\/2025\/como-contribuir\/","title":{"rendered":"C\u00f3mo contribuir"},"content":{"rendered":"\n\n<section style=\" padding-top: 75px; padding-bottom: 75px; border-width: 0px 0px 0px 0px\" id=\"section_0edb61c61580771a359db143a76038d8\" class=\"fw-main-row \"  >\n\t<div class=\"fw-container\">\n\t\t<div class=\"fw-row\">\n\t\n<div style=\"padding: 0 15px 0 15px;\" class=\"fw-col-xs-12 fw-col-sm-8 \">\n\t<header>\n<h2 class=\"left \" style=\"color: #ec7532\">\n\t\t\tC\u00f3mo contribuir con el Festival\t<\/h2>\n<\/header>\n\t<aside style=\"color: ; font-size: \">\n\t\t<p><strong>Mercado Pago:<br \/>ALIAS: mundo.titere.fest\u00a0\u00a0<\/strong><\/p><hr \/><p>\u00a1Tu aporte es de gran valor!<br \/>Colabora con algunos de estos importes $10.000, $20.000,\u00a0 $30.000, $40.000, $50.000 para que esta fiesta se manifieste.<\/p><p>&nbsp;<\/p><p>El <strong>Festival Mundo T\u00edtere Fest<\/strong> es uno de los festivales de t\u00edteres y teatro de objetos autogestivos m\u00e1s importantes del pa\u00eds, con participaci\u00f3n de espect\u00e1culos de calidad, y una programaci\u00f3n pensada para invadir de magia la ciudad<em><strong> \u00a1Y sucede en tu barrio, en tu municipio, en tu provincia, muy cerca de tu casa!<\/strong><\/em><\/p><p style=\"font-weight: 400;\">Durante estos d\u00edas vas a poder disfrutar de manera gratuita y a la gorra de una grilla de diversos espect\u00e1culos, talleres, exhibiciones y m\u00e1s sorpresas, pero para hacerlo necesitamos tu ayuda\u2026<\/p><p style=\"font-weight: 400;\">\u00a1\u00a1\u00a1Gracias!!<\/p><p>&nbsp;<\/p>\t<\/aside>\n<\/div>\n\n<div style=\"padding: 0 15px 0 15px;\" class=\"fw-col-xs-12 fw-col-sm-4 \">\n\t\n\t<div class=\"fw-divider-space\" style=\"padding-top: 50px;\"><\/div>\n\t<div class=\"fw-divider-line\"><hr\/><\/div>\n\n\n\t<aside style=\"color: ; font-size: \">\n\t\t<h5 style=\"font-weight: 400; text-align: center;\">Con tu aporte nos vas a ayudar a llevar adelante esta verdadera fiesta de la imaginaci\u00f3n\u2026!<\/h5>\t<\/aside>\n<\/div>\n<\/div>\n\n\t<\/div>\n<\/section>\n\n","protected":false},"excerpt":{"rendered":"<p>C\u00f3mo contribuir con el Festival Mercado Pago:ALIAS: mundo.titere.fest\u00a0\u00a0\u00a1Tu aporte es de gran valor!Colabora con algunos de estos importes $10.000, $20.000,\u00a0 $30.000, $40.000, $50.000 para que esta fiesta se manifieste.&nbsp;El Festival Mundo T\u00edtere Fest es uno de los festivales de t\u00edteres y teatro de objetos autogestivos m\u00e1s importantes del pa\u00eds, con participaci\u00f3n de espect\u00e1culos de calidad, [&hellip;]<\/p>\n","protected":false},"author":1,"featured_media":0,"parent":0,"menu_order":0,"comment_status":"closed","ping_status":"closed","template":"","meta":[],"_links":{"self":[{"href":"https:\/\/www.mundotiterefest.com.ar\/2025\/wp-json\/wp\/v2\/pages\/593"}],"collection":[{"href":"https:\/\/www.mundotiterefest.com.ar\/2025\/wp-json\/wp\/v2\/pages"}],"about":[{"href":"https:\/\/www.mundotiterefest.com.ar\/2025\/wp-json\/wp\/v2\/types\/page"}],"author":[{"embeddable":true,"href":"https:\/\/www.mundotiterefest.com.ar\/2025\/wp-json\/wp\/v2\/users\/1"}],"replies":[{"embeddable":true,"href":"https:\/\/www.mundotiterefest.com.ar\/2025\/wp-json\/wp\/v2\/comments?post=593"}],"version-history":[{"count":28,"href":"https:\/\/www.mundotiterefest.com.ar\/2025\/wp-json\/wp\/v2\/pages\/593\/revisions"}],"predecessor-version":[{"id":1531,"href":"https:\/\/www.mundotiterefest.com.ar\/2025\/wp-json\/wp\/v2\/pages\/593\/revisions\/1531"}],"wp:attachment":[{"href":"https:\/\/www.mundotiterefest.com.ar\/2025\/wp-json\/wp\/v2\/media?parent=593"}],"curies":[{"name":"wp","href":"https:\/\/api.w.org\/{rel}","templated":true}]}}